{"id":2789,"date":"2017-02-15T02:22:41","date_gmt":"2017-02-15T02:22:41","guid":{"rendered":"https:\/\/www.practical-thinking.com\/sobre-nosotros\/"},"modified":"2020-03-03T20:20:45","modified_gmt":"2020-03-03T20:20:45","slug":"sobre-nos","status":"publish","type":"page","link":"https:\/\/www.practical-thinking.com\/pt-br\/sobre-nos\/","title":{"rendered":"Sobre N\u00f3s"},"content":{"rendered":"<div class=\"wpb-content-wrapper\"><p>[vc_row full_width=&#8221;stretch_row_content_no_spaces&#8221; css=&#8221;.vc_custom_1514908279496{background-image: url(https:\/\/www.practical-thinking.com\/wp-content\/uploads\/2018\/01\/Website_Quienes-Somos-Header.png?id=2943) !important;}&#8221; el_class=&#8221;page_header&#8221;][vc_column][vc_custom_heading text=&#8221;Sobre N\u00f3s&#8221; font_container=&#8221;tag:h1|font_size:38|text_align:center|line_height:1.2&#8243; use_theme_fonts=&#8221;yes&#8221; css=&#8221;.vc_custom_1514311584403{padding-top: 60px !important;padding-bottom: 60px !important;}&#8221;][\/vc_column][\/vc_row][vc_row el_class=&#8221;align_center&#8221;][vc_column el_class=&#8221;content_wrapper&#8221;][vc_custom_heading text=&#8221;Practical Thinking Group&#8221; font_container=&#8221;tag:h2|font_size:38|text_align:center|line_height:1.2&#8243; use_theme_fonts=&#8221;yes&#8221;][vc_column_text]<span style=\"font-weight: 400;\">Fundada em 2006, Practical Thinking nasceu com o sonho de poder oferecer servi\u00e7os de qualidade de n\u00edvel global alinhados com nossos valores. Nossa aspira\u00e7\u00e3o era conectar especialistas internacionais que conhecemos e confiamos para criar rela\u00e7\u00f5es significativas e ao mesmo tempo reduzir a carga financeira e de energia que significam iniciar uma consultora global.[vc_row][vc_column width=&#8221;1\/1&#8243;][vc_column_text]<\/span>[\/vc_column_text][\/vc_column][\/vc_row][vc_row][vc_column][vc_column_text]<\/span>[\/vc_column_text][\/vc_column][\/vc_row][vc_row][vc_column][vc_column_text]<\/span>[\/vc_column_text][\/vc_column][\/vc_row][vc_row full_width=&#8221;stretch_row&#8221; css=&#8221;.vc_custom_1495614581450{background-color: #ebf1f6 !important;}&#8221;][vc_column width=&#8221;1\/2&#8243;][vc_single_image image=&#8221;2937&#8243; img_size=&#8221;full&#8221;][\/vc_column][vc_column width=&#8221;1\/2&#8243; el_class=&#8221;right_content&#8221;][vc_custom_heading text=&#8221;Miss\u00e3o e Compromisso&#8221; font_container=&#8221;tag:h2|font_size:36|text_align:left|line_height:1.2&#8243; use_theme_fonts=&#8221;yes&#8221;][vc_column_text]<span style=\"font-weight: 400;\">Nosso neg\u00f3cio \u00e9 melhorar as rela\u00e7\u00f5es interpessoais para as organiza\u00e7\u00f5es p\u00fablicas e privadas produzindo resultados estrat\u00e9gicos e assim transformem o mundo.[vc_row][vc_column width=&#8221;1\/1&#8243;][vc_column_text]<\/span>[\/vc_column_text][\/vc_column][\/vc_row][vc_row][vc_column][vc_column_text]<\/span>[\/vc_column_text][\/vc_column][\/vc_row][vc_row full_width=&#8221;stretch_row&#8221; css=&#8221;.vc_custom_1514908319731{background-image: url(https:\/\/www.practical-thinking.com\/wp-content\/uploads\/2018\/01\/Website_Quienes-Somos-PTX-2&#215;1.png?id=2940) !important;}&#8221;][vc_column width=&#8221;1\/2&#8243;][vc_custom_heading text=&#8221;Experi\u00eancia de Pensamento Pr\u00e1tico (PTx)&#8221; font_container=&#8221;tag:h2|font_size:36|text_align:left|line_height:1.2&#8243; use_theme_fonts=&#8221;yes&#8221;][vc_column_text]<span style=\"font-weight: 400;\">A PTx \u00e9 uma metodologia pr\u00f3pria com a qual buscamos compreender a situa\u00e7\u00e3o atual da sua organiza\u00e7\u00e3o conectando seus aspectos estrat\u00e9gicos, t\u00e9cnicos e interpessoais para oferecer uma solu\u00e7\u00e3o personalizada que combina consultoria, treinamentos\/workshops, mentoria e\/ou confer\u00eancias.[vc_row][vc_column width=&#8221;1\/1&#8243;][vc_column_text]<\/span>[\/vc_column_text][\/vc_column][\/vc_row][con_button color=&#8221;#000000&#8243; conbutton=&#8221;url:https%3A%2F%2Fwww.practical-thinking.com%2Fpt-br%2Fservicios%2F|title:Saiba%20Mais||&#8221;][vc_column width=&#8221;1\/2&#8243;][\/vc_column][vc_row full_width=&#8221;stretch_row&#8221; el_class=&#8221;.team_sec_parent&#8221;][vc_column][vc_custom_heading text=&#8221;Nossos Pensadores&#8221; font_container=&#8221;tag:h2|font_size:36|text_align:center|line_height:1.2&#8243; use_theme_fonts=&#8221;yes&#8221;][vc_row_inner el_class=&#8221;team_sec no_padding_bottom&#8221; css=&#8221;.vc_custom_1497520101863{margin-bottom: 20px !important;}&#8221;][vc_column_inner width=&#8221;1\/4&#8243;][vc_single_image image=&#8221;1665&#8243; img_size=&#8221;full&#8221;][vc_column_text]<a href=\"https:\/\/www.practical-thinking.com\/pt-br\/teams\/alejandra-salas-magana\/\"><strong>Alejandra Salas Maga\u00f1a, MDF<\/strong><\/a>[\/vc_column_text][vc_column_text]Engenheira de Administra\u00e7\u00e3o de Sistemas com Mestrado em Gest\u00e3o Financeira, 17 anos de experi\u00eancia em Gerenciamento de Projetos, especialista na concep\u00e7\u00e3o e implementa\u00e7\u00e3o de processos de neg\u00f3cios atrav\u00e9s de trabalho em equipe e habilidade para obter o melhor desempenho.[\/vc_column_text]<span id=\"creative-link-wrap-5887\" class=\"ult_main_cl ult-adjust-bottom-margin  \" >\r\n\t \t\t\t<span class=\"  ult_crlink\" >\r\n\t\t\t\t\t<a  data-ultimate-target='#creative-link-wrap-5887 .ult_colorlink'  data-responsive-json-new='{\"font-size\":\"\",\"line-height\":\"\"}'  href=\"https:\/\/www.practical-thinking.com\/pt-br\/teams\/alejandra-salas\/\"  class=\"ult_colorlink ult-responsive \" style=\"font-weight:normal; \"  data-textcolor=\"#ffffff\" data-texthover=\"#848484\"data-style=\"\">\r\n\t\t\t\t\t\t\r\n\t\t\t\t\t\t<span data-hover=\"Ver perfil\" style=\"color:#ffffff;;;\" class=\"ult_btn10_span   \">Ver perfil<\/span>\r\n\t\t\t\t\t\t\r\n\t\t\t\t\t<\/a>\r\n\t\t\t\t<\/span>\r\n\t\t\t<\/span>[\/vc_column_inner][vc_column_inner width=&#8221;1\/4&#8243;][vc_single_image image=&#8221;1666&#8243; img_size=&#8221;full&#8221;][vc_column_text]<a href=\"https:\/\/www.practical-thinking.com\/pt-br\/teams\/alexandres-hoyos-espinoza\/\"><strong>Alexandres Hoyos Espinoza, MBA, PfMP, PMP, CSM<\/strong><\/a>[\/vc_column_text][vc_column_text]Master, MBA Cat\u00f3lica Internacional Centrum (PER) \u2013 Escola de Maastricht of Management (HOL). Membro da Beta Gamma Sigma Society (Centrum Catolica cap\u00edtulo).[\/vc_column_text]<span id=\"creative-link-wrap-2233\" class=\"ult_main_cl ult-adjust-bottom-margin  \" >\r\n\t \t\t\t<span class=\"  ult_crlink\" >\r\n\t\t\t\t\t<a  data-ultimate-target='#creative-link-wrap-2233 .ult_colorlink'  data-responsive-json-new='{\"font-size\":\"\",\"line-height\":\"\"}'  href=\"https:\/\/www.practical-thinking.com\/pt-br\/teams\/alexandres-hoyos\/\"  class=\"ult_colorlink ult-responsive \" style=\"font-weight:normal; \"  data-textcolor=\"#ffffff\" data-texthover=\"#848484\"data-style=\"\">\r\n\t\t\t\t\t\t\r\n\t\t\t\t\t\t<span data-hover=\"Ver perfil\" style=\"color:#ffffff;;;\" class=\"ult_btn10_span   \">Ver perfil<\/span>\r\n\t\t\t\t\t\t\r\n\t\t\t\t\t<\/a>\r\n\t\t\t\t<\/span>\r\n\t\t\t<\/span>[\/vc_column_inner][\/vc_row_inner][vc_row_inner el_class=&#8221;team_sec no_padding&#8221;][vc_column_inner width=&#8221;1\/4&#8243;][vc_single_image image=&#8221;1668&#8243; img_size=&#8221;full&#8221;][vc_column_text]<a href=\"https:\/\/www.practical-thinking.com\/teams\/fabio-sandoval-vargas\/\"><strong>Fabio Sandoval Vargas, MBA<\/strong><\/a>[\/vc_column_text][vc_column_text]Engenheiro\u00a0em Petr\u00f3leo e G\u00e1s Natural. Nascido em Santa Cruz de la Sierra, Bol\u00edvia. P\u00f3s-Gradua\u00e7\u00e3o da Universidade Privada de Santa Cruz de la Sierra.[\/vc_column_text]<span id=\"creative-link-wrap-3621\" class=\"ult_main_cl ult-adjust-bottom-margin  \" >\r\n\t \t\t\t<span class=\"  ult_crlink\" >\r\n\t\t\t\t\t<a  data-ultimate-target='#creative-link-wrap-3621 .ult_colorlink'  data-responsive-json-new='{\"font-size\":\"\",\"line-height\":\"\"}'  href=\"https:\/\/www.practical-thinking.com\/pt-br\/teams\/fabio-sandoval\/\"  class=\"ult_colorlink ult-responsive \" style=\"font-weight:normal; \"  data-textcolor=\"#ffffff\" data-texthover=\"#848484\"data-style=\"\">\r\n\t\t\t\t\t\t\r\n\t\t\t\t\t\t<span data-hover=\"Ver perfil\" style=\"color:#ffffff;;;\" class=\"ult_btn10_span   \">Ver perfil<\/span>\r\n\t\t\t\t\t\t\r\n\t\t\t\t\t<\/a>\r\n\t\t\t\t<\/span>\r\n\t\t\t<\/span>[\/vc_column_inner][vc_column_inner width=&#8221;1\/4&#8243;][vc_single_image image=&#8221;1670&#8243; img_size=&#8221;full&#8221;][vc_column_text]<a href=\"https:\/\/www.practical-thinking.com\/pt-br\/teams\/janneth-rojas\/\"><strong>Janneth Rojas, MBA<\/strong><\/a>[\/vc_column_text][vc_column_text]Janneth Rojas \u00e9 experta em gest\u00e3o de mudan\u00e7a organizacional e apaixonada pelo Gerenciamento\u00a0de Projetos; Conta com mais de 12 anos de experi\u00eancia em consultoria em uma grande\u00a0variedade de industrias na\u00a0Am\u00e9rica Latina e Estados Unidos como: produtos de consumo, servi\u00e7os financeiros, telecomunica\u00e7\u00f5es e energia.[\/vc_column_text]<span id=\"creative-link-wrap-7995\" class=\"ult_main_cl ult-adjust-bottom-margin  \" >\r\n\t \t\t\t<span class=\"  ult_crlink\" >\r\n\t\t\t\t\t<a  data-ultimate-target='#creative-link-wrap-7995 .ult_colorlink'  data-responsive-json-new='{\"font-size\":\"\",\"line-height\":\"\"}'  href=\"https:\/\/www.practical-thinking.com\/pt-br\/teams\/janneth-rojas\/\"  class=\"ult_colorlink ult-responsive \" style=\"font-weight:normal; \"  data-textcolor=\"#ffffff\" data-texthover=\"#848484\"data-style=\"\">\r\n\t\t\t\t\t\t\r\n\t\t\t\t\t\t<span data-hover=\"Ver perfil\" style=\"color:#ffffff;;;\" class=\"ult_btn10_span   \">Ver perfil<\/span>\r\n\t\t\t\t\t\t\r\n\t\t\t\t\t<\/a>\r\n\t\t\t\t<\/span>\r\n\t\t\t<\/span>[\/vc_column_inner][vc_column_inner width=&#8221;1\/4&#8243;][vc_single_image image=&#8221;1671&#8243; img_size=&#8221;full&#8221;][vc_column_text]<a href=\"https:\/\/www.practical-thinking.com\/pt-br\/teams\/karen-smits\/\"><strong>Karen Smits, Ph.D<\/strong><\/a>[\/vc_column_text][vc_column_text]Karen Smits \u00e9 uma especialista internacional em Antropologia Organizacional, apoiando executivos, equipes e organiza\u00e7\u00f5es no desenvolvimento de coopera\u00e7\u00e3o intercultural, mudan\u00e7a organizacional e iniciativas de crescimento. Ela atua como um Global Thinker sobre Cultura Organizacional e Gest\u00e3o da Mudan\u00e7a na Practical Thinking Group.[\/vc_column_text]<span id=\"creative-link-wrap-7764\" class=\"ult_main_cl ult-adjust-bottom-margin  \" >\r\n\t \t\t\t<span class=\"  ult_crlink\" >\r\n\t\t\t\t\t<a  data-ultimate-target='#creative-link-wrap-7764 .ult_colorlink'  data-responsive-json-new='{\"font-size\":\"\",\"line-height\":\"\"}'  href=\"https:\/\/www.practical-thinking.com\/pt-br\/teams\/karen-smits\/\"  class=\"ult_colorlink ult-responsive \" style=\"font-weight:normal; \"  data-textcolor=\"#ffffff\" data-texthover=\"#848484\"data-style=\"\">\r\n\t\t\t\t\t\t\r\n\t\t\t\t\t\t<span data-hover=\"Ver perfil\" style=\"color:#ffffff;;;\" class=\"ult_btn10_span   \">Ver perfil<\/span>\r\n\t\t\t\t\t\t\r\n\t\t\t\t\t<\/a>\r\n\t\t\t\t<\/span>\r\n\t\t\t<\/span>[\/vc_column_inner][\/vc_row_inner][\/vc_column][\/vc_row][vc_row full_width=&#8221;stretch_row&#8221; css=&#8221;.vc_custom_1496034970950{background-color: #ebf1f6 !important;}&#8221; el_class=&#8221;testimonial_sec&#8221;][vc_column width=&#8221;3\/4&#8243;][vc_custom_heading text=&#8221;Solicite sua proposta agora!&#8221; font_container=&#8221;tag:h2|font_size:36|text_align:left|line_height:1.2&#8243; use_theme_fonts=&#8221;yes&#8221;][vc_column_text]Temos a solu\u00e7\u00e3o personalizada para sua \u00e1rea e\/ou empresa que combinar\u00e1 consultoria, treinamento\/workshops, mentoring e\/ou confer\u00eancias que conectam os aspectos estrat\u00e9gicos, t\u00e9cnicos e interpessoais.[\/vc_column_text][\/vc_column][vc_column width=&#8221;1\/4&#8243;][con_button alignment=&#8221;right&#8221; color=&#8221;#020202&#8243; extra_class=&#8221;home_cta&#8221; conbutton=&#8221;url:https%3A%2F%2Fwww.practical-thinking.com%2Fpt-br%2Fcontate-nos%2F|title:Solicite%20agora!||&#8221;][\/vc_column][\/vc_row][vc_row][vc_column][vc_column_text]<\/span>[\/vc_column_text][\/vc_column][\/vc_row]<\/p>\n<\/div>","protected":false},"excerpt":{"rendered":"<p>[vc_row full_width=&#8221;stretch_row_content_no_spaces&#8221; css=&#8221;.vc_custom_1514908279496{background-image: url(https:\/\/www.practical-thinking.com\/wp-content\/uploads\/2018\/01\/Website_Quienes-Somos-Header.png?id=2943) !important;}&#8221; el_class=&#8221;page_header&#8221;][vc_column][vc_custom_heading text=&#8221;Sobre N\u00f3s&#8221; font_container=&#8221;tag:h1|font_size:38|text_align:center|line_height:1.2&#8243; use_theme_fonts=&#8221;yes&#8221; css=&#8221;.vc_custom_1514311584403{padding-top: 60px !important;padding-bottom: 60px !important;}&#8221;][\/vc_column][\/vc_row][vc_row el_class=&#8221;align_center&#8221;][vc_column el_class=&#8221;content_wrapper&#8221;][vc_custom_heading text=&#8221;Practical Thinking Group&#8221; font_container=&#8221;tag:h2|font_size:38|text_align:center|line_height:1.2&#8243; use_theme_fonts=&#8221;yes&#8221;][vc_column_text]Fundada em 2006, Practical Thinking nasceu com o sonho de poder oferecer servi\u00e7os de qualidade de n\u00edvel global alinhados &#8230;<\/p>\n","protected":false},"author":1,"featured_media":0,"parent":0,"menu_order":0,"comment_status":"closed","ping_status":"closed","template":"","meta":{"content-type":"","footnotes":""},"class_list":["post-2789","page","type-page","status-publish","hentry"],"yoast_head":"<!-- This site is optimized with the Yoast SEO plugin v24.2 - https:\/\/yoast.com\/wordpress\/plugins\/seo\/ -->\n<title>Sobre N\u00f3s - Practical Thinking<\/title>\n<meta name=\"robots\" content=\"index, follow, max-snippet:-1, max-image-preview:large, max-video-preview:-1\" \/>\n<link rel=\"canonical\" href=\"https:\/\/www.practical-thinking.com\/pt-br\/sobre-nos\/\" \/>\n<meta property=\"og:locale\" content=\"pt_BR\" \/>\n<meta property=\"og:type\" content=\"article\" \/>\n<meta property=\"og:title\" content=\"Sobre N\u00f3s - Practical Thinking\" \/>\n<meta property=\"og:description\" content=\"[vc_row full_width=&#8221;stretch_row_content_no_spaces&#8221; css=&#8221;.vc_custom_1514908279496{background-image: url(https:\/\/www.practical-thinking.com\/wp-content\/uploads\/2018\/01\/Website_Quienes-Somos-Header.png?id=2943) !important;}&#8221; el_class=&#8221;page_header&#8221;][vc_column][vc_custom_heading text=&#8221;Sobre N\u00f3s&#8221; font_container=&#8221;tag:h1|font_size:38|text_align:center|line_height:1.2&#8243; use_theme_fonts=&#8221;yes&#8221; css=&#8221;.vc_custom_1514311584403{padding-top: 60px !important;padding-bottom: 60px !important;}&#8221;][\/vc_column][\/vc_row][vc_row el_class=&#8221;align_center&#8221;][vc_column el_class=&#8221;content_wrapper&#8221;][vc_custom_heading text=&#8221;Practical Thinking Group&#8221; font_container=&#8221;tag:h2|font_size:38|text_align:center|line_height:1.2&#8243; use_theme_fonts=&#8221;yes&#8221;][vc_column_text]Fundada em 2006, Practical Thinking nasceu com o sonho de poder oferecer servi\u00e7os de qualidade de n\u00edvel global alinhados ...\" \/>\n<meta property=\"og:url\" content=\"https:\/\/www.practical-thinking.com\/pt-br\/sobre-nos\/\" \/>\n<meta property=\"og:site_name\" content=\"Practical Thinking\" \/>\n<meta property=\"article:publisher\" content=\"https:\/\/www.facebook.com\/PracticalThinking\" \/>\n<meta property=\"article:modified_time\" content=\"2020-03-03T20:20:45+00:00\" \/>\n<meta name=\"twitter:card\" content=\"summary_large_image\" \/>\n<meta name=\"twitter:site\" content=\"@PTG_Oficial\" \/>\n<meta name=\"twitter:label1\" content=\"Est. tempo de leitura\" \/>\n\t<meta name=\"twitter:data1\" content=\"6 minutos\" \/>\n<script type=\"application\/ld+json\" class=\"yoast-schema-graph\">{\"@context\":\"https:\/\/schema.org\",\"@graph\":[{\"@type\":\"WebPage\",\"@id\":\"https:\/\/www.practical-thinking.com\/pt-br\/sobre-nos\/\",\"url\":\"https:\/\/www.practical-thinking.com\/pt-br\/sobre-nos\/\",\"name\":\"Sobre N\u00f3s - Practical Thinking\",\"isPartOf\":{\"@id\":\"https:\/\/www.practical-thinking.com\/#website\"},\"datePublished\":\"2017-02-15T02:22:41+00:00\",\"dateModified\":\"2020-03-03T20:20:45+00:00\",\"breadcrumb\":{\"@id\":\"https:\/\/www.practical-thinking.com\/pt-br\/sobre-nos\/#breadcrumb\"},\"inLanguage\":\"pt-BR\",\"potentialAction\":[{\"@type\":\"ReadAction\",\"target\":[\"https:\/\/www.practical-thinking.com\/pt-br\/sobre-nos\/\"]}]},{\"@type\":\"BreadcrumbList\",\"@id\":\"https:\/\/www.practical-thinking.com\/pt-br\/sobre-nos\/#breadcrumb\",\"itemListElement\":[{\"@type\":\"ListItem\",\"position\":1,\"name\":\"Home\",\"item\":\"https:\/\/www.practical-thinking.com\/pt-br\/\"},{\"@type\":\"ListItem\",\"position\":2,\"name\":\"Sobre N\u00f3s\"}]},{\"@type\":\"WebSite\",\"@id\":\"https:\/\/www.practical-thinking.com\/#website\",\"url\":\"https:\/\/www.practical-thinking.com\/\",\"name\":\"Practical Thinking\",\"description\":\"Practical Thinking\",\"publisher\":{\"@id\":\"https:\/\/www.practical-thinking.com\/#organization\"},\"potentialAction\":[{\"@type\":\"SearchAction\",\"target\":{\"@type\":\"EntryPoint\",\"urlTemplate\":\"https:\/\/www.practical-thinking.com\/?s={search_term_string}\"},\"query-input\":{\"@type\":\"PropertyValueSpecification\",\"valueRequired\":true,\"valueName\":\"search_term_string\"}}],\"inLanguage\":\"pt-BR\"},{\"@type\":\"Organization\",\"@id\":\"https:\/\/www.practical-thinking.com\/#organization\",\"name\":\"Practical Thinking Group\",\"url\":\"https:\/\/www.practical-thinking.com\/\",\"logo\":{\"@type\":\"ImageObject\",\"inLanguage\":\"pt-BR\",\"@id\":\"https:\/\/www.practical-thinking.com\/#\/schema\/logo\/image\/\",\"url\":\"https:\/\/www.practical-thinking.com\/wp-content\/uploads\/2017\/05\/Isologo-Practical-Thinking-e1494926435134.png\",\"contentUrl\":\"https:\/\/www.practical-thinking.com\/wp-content\/uploads\/2017\/05\/Isologo-Practical-Thinking-e1494926435134.png\",\"width\":189,\"height\":80,\"caption\":\"Practical Thinking Group\"},\"image\":{\"@id\":\"https:\/\/www.practical-thinking.com\/#\/schema\/logo\/image\/\"},\"sameAs\":[\"https:\/\/www.facebook.com\/PracticalThinking\",\"https:\/\/x.com\/PTG_Oficial\",\"https:\/\/www.linkedin.com\/company\/3642040\/\",\"https:\/\/www.youtube.com\/channel\/UC49XiWLz4vKODd6qabxHbpg?view_as=subscriber\"]}]}<\/script>\n<!-- \/ Yoast SEO plugin. -->","yoast_head_json":{"title":"Sobre N\u00f3s - Practical Thinking","robots":{"index":"index","follow":"follow","max-snippet":"max-snippet:-1","max-image-preview":"max-image-preview:large","max-video-preview":"max-video-preview:-1"},"canonical":"https:\/\/www.practical-thinking.com\/pt-br\/sobre-nos\/","og_locale":"pt_BR","og_type":"article","og_title":"Sobre N\u00f3s - Practical Thinking","og_description":"[vc_row full_width=&#8221;stretch_row_content_no_spaces&#8221; css=&#8221;.vc_custom_1514908279496{background-image: url(https:\/\/www.practical-thinking.com\/wp-content\/uploads\/2018\/01\/Website_Quienes-Somos-Header.png?id=2943) !important;}&#8221; el_class=&#8221;page_header&#8221;][vc_column][vc_custom_heading text=&#8221;Sobre N\u00f3s&#8221; font_container=&#8221;tag:h1|font_size:38|text_align:center|line_height:1.2&#8243; use_theme_fonts=&#8221;yes&#8221; css=&#8221;.vc_custom_1514311584403{padding-top: 60px !important;padding-bottom: 60px !important;}&#8221;][\/vc_column][\/vc_row][vc_row el_class=&#8221;align_center&#8221;][vc_column el_class=&#8221;content_wrapper&#8221;][vc_custom_heading text=&#8221;Practical Thinking Group&#8221; font_container=&#8221;tag:h2|font_size:38|text_align:center|line_height:1.2&#8243; use_theme_fonts=&#8221;yes&#8221;][vc_column_text]Fundada em 2006, Practical Thinking nasceu com o sonho de poder oferecer servi\u00e7os de qualidade de n\u00edvel global alinhados ...","og_url":"https:\/\/www.practical-thinking.com\/pt-br\/sobre-nos\/","og_site_name":"Practical Thinking","article_publisher":"https:\/\/www.facebook.com\/PracticalThinking","article_modified_time":"2020-03-03T20:20:45+00:00","twitter_card":"summary_large_image","twitter_site":"@PTG_Oficial","twitter_misc":{"Est. tempo de leitura":"6 minutos"},"schema":{"@context":"https:\/\/schema.org","@graph":[{"@type":"WebPage","@id":"https:\/\/www.practical-thinking.com\/pt-br\/sobre-nos\/","url":"https:\/\/www.practical-thinking.com\/pt-br\/sobre-nos\/","name":"Sobre N\u00f3s - Practical Thinking","isPartOf":{"@id":"https:\/\/www.practical-thinking.com\/#website"},"datePublished":"2017-02-15T02:22:41+00:00","dateModified":"2020-03-03T20:20:45+00:00","breadcrumb":{"@id":"https:\/\/www.practical-thinking.com\/pt-br\/sobre-nos\/#breadcrumb"},"inLanguage":"pt-BR","potentialAction":[{"@type":"ReadAction","target":["https:\/\/www.practical-thinking.com\/pt-br\/sobre-nos\/"]}]},{"@type":"BreadcrumbList","@id":"https:\/\/www.practical-thinking.com\/pt-br\/sobre-nos\/#breadcrumb","itemListElement":[{"@type":"ListItem","position":1,"name":"Home","item":"https:\/\/www.practical-thinking.com\/pt-br\/"},{"@type":"ListItem","position":2,"name":"Sobre N\u00f3s"}]},{"@type":"WebSite","@id":"https:\/\/www.practical-thinking.com\/#website","url":"https:\/\/www.practical-thinking.com\/","name":"Practical Thinking","description":"Practical Thinking","publisher":{"@id":"https:\/\/www.practical-thinking.com\/#organization"},"potentialAction":[{"@type":"SearchAction","target":{"@type":"EntryPoint","urlTemplate":"https:\/\/www.practical-thinking.com\/?s={search_term_string}"},"query-input":{"@type":"PropertyValueSpecification","valueRequired":true,"valueName":"search_term_string"}}],"inLanguage":"pt-BR"},{"@type":"Organization","@id":"https:\/\/www.practical-thinking.com\/#organization","name":"Practical Thinking Group","url":"https:\/\/www.practical-thinking.com\/","logo":{"@type":"ImageObject","inLanguage":"pt-BR","@id":"https:\/\/www.practical-thinking.com\/#\/schema\/logo\/image\/","url":"https:\/\/www.practical-thinking.com\/wp-content\/uploads\/2017\/05\/Isologo-Practical-Thinking-e1494926435134.png","contentUrl":"https:\/\/www.practical-thinking.com\/wp-content\/uploads\/2017\/05\/Isologo-Practical-Thinking-e1494926435134.png","width":189,"height":80,"caption":"Practical Thinking Group"},"image":{"@id":"https:\/\/www.practical-thinking.com\/#\/schema\/logo\/image\/"},"sameAs":["https:\/\/www.facebook.com\/PracticalThinking","https:\/\/x.com\/PTG_Oficial","https:\/\/www.linkedin.com\/company\/3642040\/","https:\/\/www.youtube.com\/channel\/UC49XiWLz4vKODd6qabxHbpg?view_as=subscriber"]}]}},"_links":{"self":[{"href":"https:\/\/www.practical-thinking.com\/pt-br\/wp-json\/wp\/v2\/pages\/2789","targetHints":{"allow":["GET"]}}],"collection":[{"href":"https:\/\/www.practical-thinking.com\/pt-br\/wp-json\/wp\/v2\/pages"}],"about":[{"href":"https:\/\/www.practical-thinking.com\/pt-br\/wp-json\/wp\/v2\/types\/page"}],"author":[{"embeddable":true,"href":"https:\/\/www.practical-thinking.com\/pt-br\/wp-json\/wp\/v2\/users\/1"}],"replies":[{"embeddable":true,"href":"https:\/\/www.practical-thinking.com\/pt-br\/wp-json\/wp\/v2\/comments?post=2789"}],"version-history":[{"count":6,"href":"https:\/\/www.practical-thinking.com\/pt-br\/wp-json\/wp\/v2\/pages\/2789\/revisions"}],"predecessor-version":[{"id":3803,"href":"https:\/\/www.practical-thinking.com\/pt-br\/wp-json\/wp\/v2\/pages\/2789\/revisions\/3803"}],"wp:attachment":[{"href":"https:\/\/www.practical-thinking.com\/pt-br\/wp-json\/wp\/v2\/media?parent=2789"}],"curies":[{"name":"wp","href":"https:\/\/api.w.org\/{rel}","templated":true}]}}