{"id":2783,"date":"2017-07-31T05:06:22","date_gmt":"2017-07-31T05:06:22","guid":{"rendered":"https:\/\/www.practical-thinking.com\/teams\/karen-smits\/"},"modified":"2017-12-26T17:44:14","modified_gmt":"2017-12-26T17:44:14","slug":"karen-smits","status":"publish","type":"page","link":"https:\/\/www.practical-thinking.com\/pt-br\/teams\/karen-smits\/","title":{"rendered":"Karen Smits, Ph.D"},"content":{"rendered":"<div class=\"wpb-content-wrapper\"><p>[vc_row el_class=&#8221;team_single&#8221;][vc_column width=&#8221;1\/4&#8243;][vc_single_image image=&#8221;1743&#8243; img_size=&#8221;full&#8221; alignment=&#8221;center&#8221;][vc_btn title=&#8221;Contatar por e-mail&#8221; color=&#8221;warning&#8221; align=&#8221;center&#8221; link=&#8221;url:mailto%3Akaren.smits%40practical-thinking.com|||&#8221; css=&#8221;.vc_custom_1514310228592{padding-top: 25px !important;}&#8221;][\/vc_column][vc_column width=&#8221;3\/4&#8243;][vc_custom_heading text=&#8221;Karen Smits, Ph.D&#8221; font_container=&#8221;tag:h1|font_size:38|text_align:left|line_height:1.2&#8243; use_theme_fonts=&#8221;yes&#8221;][vc_column_text]<\/p>\n<div id=\"content\" class=\"span8 right right\" data-motopress-type=\"loop\" data-motopress-loop-file=\"loop\/loop-single-team.php\">\n<div id=\"post-2717\" class=\"post post-2717 team type-team status-publish has-post-thumbnail hentry\">\n<article class=\"team-holder single-post\">\n<div class=\"team-content post-content\">\n<p>Karen Smits \u00e9 uma especialista internacional em Antropologia Organizacional, apoiando executivos, equipes e organiza\u00e7\u00f5es no desenvolvimento de coopera\u00e7\u00e3o intercultural, mudan\u00e7a organizacional e iniciativas de crescimento. Ela atua como um Global Thinker sobre Cultura Organizacional e Gest\u00e3o da Mudan\u00e7a na Practical Thinking Group.<\/p>\n<p>Ph.D. de Karen Disserta\u00e7\u00e3o, intitulado Trabalho de Cultura Cruzada: Pr\u00e1ticas de Colabora\u00e7\u00e3o no Programa de Expans\u00e3o do Canal do Panam\u00e1 recebe muita aten\u00e7\u00e3o no mundo de gerenciamento de projetos, e al\u00e9m. Concentrando-se no lado das pessoas de gest\u00e3o de projetos, sua pesquisa revela como participantes com a complexidade cultural em sua vida cotidiana de trabalho.<\/p>\n<p>Karen cresceu na Holanda, onde concluiu seu Bacharelado em Gest\u00e3o de Recursos Humanos com um estudo sobre cultura organizacional durante a fus\u00e3o de tr\u00eas organiza\u00e7\u00f5es p\u00fablicas. Ela ent\u00e3o trabalhou no campo de Recursos Humanos e viajou no Sudeste da \u00c1sia e Am\u00e9rica do Sul. Depois de finalizar o programa de Mestrado Cultura, Organiza\u00e7\u00e3o e Gest\u00e3o, em 2008, ela come\u00e7ou seu Ph.D. Investiga\u00e7\u00e3o sobre a colabora\u00e7\u00e3o intercultural na VU University de Amesterd\u00e3o. Durante a realiza\u00e7\u00e3o da pesquisa, Karen apresentou e numerosas, confer\u00eancias internacionais (acad\u00eamicas), ensinou em v\u00e1rios cursos acad\u00eamicos e publicou artigos acad\u00eamicos. Em 2013, sua escrita foi concedida o &#8220;Highly Commended Paper Award&#8221; da Emerald Literati Network. Em 2014, apresentou\u00a0no TEdx Panam\u00e1.<\/p>\n<p>Karen mudou-se para Cingapura em 2017. Antes disso, ela viveu 5 anos no Panam\u00e1 e 3 anos no Brasil. No Brasil, lecionou na FIA Business School, em S\u00e3o Paulo, e na ADEN University, na Argentina \/ Estados Unidos. Al\u00e9m disso, ela \u00e9 muitas vezes convidada para falar em eventos internacionais, corporativos. Karen se esfor\u00e7a para tornar o contexto cultural da organiza\u00e7\u00e3o e seus membros mais vis\u00edveis, o que ap\u00f3ia a colabora\u00e7\u00e3o e seus resultados dentro da organiza\u00e7\u00e3o.<\/p>\n<p><strong>Idiomas:<\/strong><\/p>\n<ul>\n<li>Holand\u00eas<\/li>\n<li>Ingl\u00eas<\/li>\n<li>Espanhol<\/li>\n<li>Portugu\u00eas<\/li>\n<\/ul>\n<\/div>\n<\/article>\n<\/div>\n<\/div>\n<p>[\/vc_column_text][\/vc_column][\/vc_row]<\/p>\n<\/div>","protected":false},"excerpt":{"rendered":"<p>[vc_row el_class=&#8221;team_single&#8221;][vc_column width=&#8221;1\/4&#8243;][vc_single_image image=&#8221;1743&#8243; img_size=&#8221;full&#8221; alignment=&#8221;center&#8221;][vc_btn title=&#8221;Contatar por e-mail&#8221; color=&#8221;warning&#8221; align=&#8221;center&#8221; link=&#8221;url:mailto%3Akaren.smits%40practical-thinking.com|||&#8221; css=&#8221;.vc_custom_1514310228592{padding-top: 25px !important;}&#8221;][\/vc_column][vc_column width=&#8221;3\/4&#8243;][vc_custom_heading text=&#8221;Karen Smits, Ph.D&#8221; font_container=&#8221;tag:h1|font_size:38|text_align:left|line_height:1.2&#8243; use_theme_fonts=&#8221;yes&#8221;][vc_column_text] Karen Smits \u00e9 uma especialista internacional em Antropologia Organizacional, apoiando executivos, equipes e organiza\u00e7\u00f5es no desenvolvimento de coopera\u00e7\u00e3o intercultural, &#8230;<\/p>\n","protected":false},"author":2,"featured_media":0,"parent":1855,"menu_order":0,"comment_status":"closed","ping_status":"closed","template":"","meta":{"content-type":"","footnotes":""},"class_list":["post-2783","page","type-page","status-publish","hentry"],"yoast_head":"<!-- This site is optimized with the Yoast SEO plugin v24.2 - https:\/\/yoast.com\/wordpress\/plugins\/seo\/ -->\n<title>Karen Smits, Ph.D - Practical Thinking<\/title>\n<meta name=\"robots\" content=\"index, follow, max-snippet:-1, max-image-preview:large, max-video-preview:-1\" \/>\n<link rel=\"canonical\" href=\"https:\/\/www.practical-thinking.com\/pt-br\/teams\/karen-smits\/\" \/>\n<meta property=\"og:locale\" content=\"pt_BR\" \/>\n<meta property=\"og:type\" content=\"article\" \/>\n<meta property=\"og:title\" content=\"Karen Smits, Ph.D - Practical Thinking\" \/>\n<meta property=\"og:description\" content=\"[vc_row el_class=&#8221;team_single&#8221;][vc_column width=&#8221;1\/4&#8243;][vc_single_image image=&#8221;1743&#8243; img_size=&#8221;full&#8221; alignment=&#8221;center&#8221;][vc_btn title=&#8221;Contatar por e-mail&#8221; color=&#8221;warning&#8221; align=&#8221;center&#8221; link=&#8221;url:mailto%3Akaren.smits%40practical-thinking.com|||&#8221; css=&#8221;.vc_custom_1514310228592{padding-top: 25px !important;}&#8221;][\/vc_column][vc_column width=&#8221;3\/4&#8243;][vc_custom_heading text=&#8221;Karen Smits, Ph.D&#8221; font_container=&#8221;tag:h1|font_size:38|text_align:left|line_height:1.2&#8243; use_theme_fonts=&#8221;yes&#8221;][vc_column_text] Karen Smits \u00e9 uma especialista internacional em Antropologia Organizacional, apoiando executivos, equipes e organiza\u00e7\u00f5es no desenvolvimento de coopera\u00e7\u00e3o intercultural, ...\" \/>\n<meta property=\"og:url\" content=\"https:\/\/www.practical-thinking.com\/pt-br\/teams\/karen-smits\/\" \/>\n<meta property=\"og:site_name\" content=\"Practical Thinking\" \/>\n<meta property=\"article:publisher\" content=\"https:\/\/www.facebook.com\/PracticalThinking\" \/>\n<meta property=\"article:modified_time\" content=\"2017-12-26T17:44:14+00:00\" \/>\n<meta name=\"twitter:card\" content=\"summary_large_image\" \/>\n<meta name=\"twitter:site\" content=\"@PTG_Oficial\" \/>\n<meta name=\"twitter:label1\" content=\"Est. tempo de leitura\" \/>\n\t<meta name=\"twitter:data1\" content=\"2 minutos\" \/>\n<script type=\"application\/ld+json\" class=\"yoast-schema-graph\">{\"@context\":\"https:\/\/schema.org\",\"@graph\":[{\"@type\":\"WebPage\",\"@id\":\"https:\/\/www.practical-thinking.com\/pt-br\/teams\/karen-smits\/\",\"url\":\"https:\/\/www.practical-thinking.com\/pt-br\/teams\/karen-smits\/\",\"name\":\"Karen Smits, Ph.D - Practical Thinking\",\"isPartOf\":{\"@id\":\"https:\/\/www.practical-thinking.com\/#website\"},\"datePublished\":\"2017-07-31T05:06:22+00:00\",\"dateModified\":\"2017-12-26T17:44:14+00:00\",\"breadcrumb\":{\"@id\":\"https:\/\/www.practical-thinking.com\/pt-br\/teams\/karen-smits\/#breadcrumb\"},\"inLanguage\":\"pt-BR\",\"potentialAction\":[{\"@type\":\"ReadAction\",\"target\":[\"https:\/\/www.practical-thinking.com\/pt-br\/teams\/karen-smits\/\"]}]},{\"@type\":\"BreadcrumbList\",\"@id\":\"https:\/\/www.practical-thinking.com\/pt-br\/teams\/karen-smits\/#breadcrumb\",\"itemListElement\":[{\"@type\":\"ListItem\",\"position\":1,\"name\":\"Home\",\"item\":\"https:\/\/www.practical-thinking.com\/pt-br\/\"},{\"@type\":\"ListItem\",\"position\":2,\"name\":\"Teams\",\"item\":\"https:\/\/www.practical-thinking.com\/pt-br\/teams\/\"},{\"@type\":\"ListItem\",\"position\":3,\"name\":\"Karen Smits, Ph.D\"}]},{\"@type\":\"WebSite\",\"@id\":\"https:\/\/www.practical-thinking.com\/#website\",\"url\":\"https:\/\/www.practical-thinking.com\/\",\"name\":\"Practical Thinking\",\"description\":\"Practical Thinking\",\"publisher\":{\"@id\":\"https:\/\/www.practical-thinking.com\/#organization\"},\"potentialAction\":[{\"@type\":\"SearchAction\",\"target\":{\"@type\":\"EntryPoint\",\"urlTemplate\":\"https:\/\/www.practical-thinking.com\/?s={search_term_string}\"},\"query-input\":{\"@type\":\"PropertyValueSpecification\",\"valueRequired\":true,\"valueName\":\"search_term_string\"}}],\"inLanguage\":\"pt-BR\"},{\"@type\":\"Organization\",\"@id\":\"https:\/\/www.practical-thinking.com\/#organization\",\"name\":\"Practical Thinking Group\",\"url\":\"https:\/\/www.practical-thinking.com\/\",\"logo\":{\"@type\":\"ImageObject\",\"inLanguage\":\"pt-BR\",\"@id\":\"https:\/\/www.practical-thinking.com\/#\/schema\/logo\/image\/\",\"url\":\"https:\/\/www.practical-thinking.com\/wp-content\/uploads\/2017\/05\/Isologo-Practical-Thinking-e1494926435134.png\",\"contentUrl\":\"https:\/\/www.practical-thinking.com\/wp-content\/uploads\/2017\/05\/Isologo-Practical-Thinking-e1494926435134.png\",\"width\":189,\"height\":80,\"caption\":\"Practical Thinking Group\"},\"image\":{\"@id\":\"https:\/\/www.practical-thinking.com\/#\/schema\/logo\/image\/\"},\"sameAs\":[\"https:\/\/www.facebook.com\/PracticalThinking\",\"https:\/\/x.com\/PTG_Oficial\",\"https:\/\/www.linkedin.com\/company\/3642040\/\",\"https:\/\/www.youtube.com\/channel\/UC49XiWLz4vKODd6qabxHbpg?view_as=subscriber\"]}]}<\/script>\n<!-- \/ Yoast SEO plugin. -->","yoast_head_json":{"title":"Karen Smits, Ph.D - Practical Thinking","robots":{"index":"index","follow":"follow","max-snippet":"max-snippet:-1","max-image-preview":"max-image-preview:large","max-video-preview":"max-video-preview:-1"},"canonical":"https:\/\/www.practical-thinking.com\/pt-br\/teams\/karen-smits\/","og_locale":"pt_BR","og_type":"article","og_title":"Karen Smits, Ph.D - Practical Thinking","og_description":"[vc_row el_class=&#8221;team_single&#8221;][vc_column width=&#8221;1\/4&#8243;][vc_single_image image=&#8221;1743&#8243; img_size=&#8221;full&#8221; alignment=&#8221;center&#8221;][vc_btn title=&#8221;Contatar por e-mail&#8221; color=&#8221;warning&#8221; align=&#8221;center&#8221; link=&#8221;url:mailto%3Akaren.smits%40practical-thinking.com|||&#8221; css=&#8221;.vc_custom_1514310228592{padding-top: 25px !important;}&#8221;][\/vc_column][vc_column width=&#8221;3\/4&#8243;][vc_custom_heading text=&#8221;Karen Smits, Ph.D&#8221; font_container=&#8221;tag:h1|font_size:38|text_align:left|line_height:1.2&#8243; use_theme_fonts=&#8221;yes&#8221;][vc_column_text] Karen Smits \u00e9 uma especialista internacional em Antropologia Organizacional, apoiando executivos, equipes e organiza\u00e7\u00f5es no desenvolvimento de coopera\u00e7\u00e3o intercultural, ...","og_url":"https:\/\/www.practical-thinking.com\/pt-br\/teams\/karen-smits\/","og_site_name":"Practical Thinking","article_publisher":"https:\/\/www.facebook.com\/PracticalThinking","article_modified_time":"2017-12-26T17:44:14+00:00","twitter_card":"summary_large_image","twitter_site":"@PTG_Oficial","twitter_misc":{"Est. tempo de leitura":"2 minutos"},"schema":{"@context":"https:\/\/schema.org","@graph":[{"@type":"WebPage","@id":"https:\/\/www.practical-thinking.com\/pt-br\/teams\/karen-smits\/","url":"https:\/\/www.practical-thinking.com\/pt-br\/teams\/karen-smits\/","name":"Karen Smits, Ph.D - Practical Thinking","isPartOf":{"@id":"https:\/\/www.practical-thinking.com\/#website"},"datePublished":"2017-07-31T05:06:22+00:00","dateModified":"2017-12-26T17:44:14+00:00","breadcrumb":{"@id":"https:\/\/www.practical-thinking.com\/pt-br\/teams\/karen-smits\/#breadcrumb"},"inLanguage":"pt-BR","potentialAction":[{"@type":"ReadAction","target":["https:\/\/www.practical-thinking.com\/pt-br\/teams\/karen-smits\/"]}]},{"@type":"BreadcrumbList","@id":"https:\/\/www.practical-thinking.com\/pt-br\/teams\/karen-smits\/#breadcrumb","itemListElement":[{"@type":"ListItem","position":1,"name":"Home","item":"https:\/\/www.practical-thinking.com\/pt-br\/"},{"@type":"ListItem","position":2,"name":"Teams","item":"https:\/\/www.practical-thinking.com\/pt-br\/teams\/"},{"@type":"ListItem","position":3,"name":"Karen Smits, Ph.D"}]},{"@type":"WebSite","@id":"https:\/\/www.practical-thinking.com\/#website","url":"https:\/\/www.practical-thinking.com\/","name":"Practical Thinking","description":"Practical Thinking","publisher":{"@id":"https:\/\/www.practical-thinking.com\/#organization"},"potentialAction":[{"@type":"SearchAction","target":{"@type":"EntryPoint","urlTemplate":"https:\/\/www.practical-thinking.com\/?s={search_term_string}"},"query-input":{"@type":"PropertyValueSpecification","valueRequired":true,"valueName":"search_term_string"}}],"inLanguage":"pt-BR"},{"@type":"Organization","@id":"https:\/\/www.practical-thinking.com\/#organization","name":"Practical Thinking Group","url":"https:\/\/www.practical-thinking.com\/","logo":{"@type":"ImageObject","inLanguage":"pt-BR","@id":"https:\/\/www.practical-thinking.com\/#\/schema\/logo\/image\/","url":"https:\/\/www.practical-thinking.com\/wp-content\/uploads\/2017\/05\/Isologo-Practical-Thinking-e1494926435134.png","contentUrl":"https:\/\/www.practical-thinking.com\/wp-content\/uploads\/2017\/05\/Isologo-Practical-Thinking-e1494926435134.png","width":189,"height":80,"caption":"Practical Thinking Group"},"image":{"@id":"https:\/\/www.practical-thinking.com\/#\/schema\/logo\/image\/"},"sameAs":["https:\/\/www.facebook.com\/PracticalThinking","https:\/\/x.com\/PTG_Oficial","https:\/\/www.linkedin.com\/company\/3642040\/","https:\/\/www.youtube.com\/channel\/UC49XiWLz4vKODd6qabxHbpg?view_as=subscriber"]}]}},"_links":{"self":[{"href":"https:\/\/www.practical-thinking.com\/pt-br\/wp-json\/wp\/v2\/pages\/2783","targetHints":{"allow":["GET"]}}],"collection":[{"href":"https:\/\/www.practical-thinking.com\/pt-br\/wp-json\/wp\/v2\/pages"}],"about":[{"href":"https:\/\/www.practical-thinking.com\/pt-br\/wp-json\/wp\/v2\/types\/page"}],"author":[{"embeddable":true,"href":"https:\/\/www.practical-thinking.com\/pt-br\/wp-json\/wp\/v2\/users\/2"}],"replies":[{"embeddable":true,"href":"https:\/\/www.practical-thinking.com\/pt-br\/wp-json\/wp\/v2\/comments?post=2783"}],"version-history":[{"count":2,"href":"https:\/\/www.practical-thinking.com\/pt-br\/wp-json\/wp\/v2\/pages\/2783\/revisions"}],"predecessor-version":[{"id":2787,"href":"https:\/\/www.practical-thinking.com\/pt-br\/wp-json\/wp\/v2\/pages\/2783\/revisions\/2787"}],"up":[{"embeddable":true,"href":"https:\/\/www.practical-thinking.com\/pt-br\/wp-json\/wp\/v2\/pages\/1855"}],"wp:attachment":[{"href":"https:\/\/www.practical-thinking.com\/pt-br\/wp-json\/wp\/v2\/media?parent=2783"}],"curies":[{"name":"wp","href":"https:\/\/api.w.org\/{rel}","templated":true}]}}