{"id":2777,"date":"2017-07-31T05:06:04","date_gmt":"2017-07-31T05:06:04","guid":{"rendered":"https:\/\/www.practical-thinking.com\/teams\/janneth-rojas\/"},"modified":"2017-12-26T17:40:02","modified_gmt":"2017-12-26T17:40:02","slug":"janneth-rojas","status":"publish","type":"page","link":"https:\/\/www.practical-thinking.com\/pt-br\/teams\/janneth-rojas\/","title":{"rendered":"Janneth Rojas"},"content":{"rendered":"<div class=\"wpb-content-wrapper\"><p>[vc_row el_class=&#8221;team_single&#8221;][vc_column width=&#8221;1\/4&#8243;][vc_single_image image=&#8221;1746&#8243; img_size=&#8221;full&#8221; alignment=&#8221;center&#8221;][vc_btn title=&#8221;Contatar por e-mail&#8221; color=&#8221;warning&#8221; align=&#8221;center&#8221; link=&#8221;url:mailto%3Ajanneth.rojas%40practical-thinking.com|||&#8221; css=&#8221;.vc_custom_1514309983968{padding-top: 25px !important;}&#8221;][\/vc_column][vc_column width=&#8221;3\/4&#8243;][vc_custom_heading text=&#8221;Janneth Rojas, MBA&#8221; font_container=&#8221;tag:h1|font_size:38|text_align:left|line_height:1.2&#8243; use_theme_fonts=&#8221;yes&#8221;][vc_column_text]<\/p>\n<div id=\"content\" class=\"span8 right right\" data-motopress-type=\"loop\" data-motopress-loop-file=\"loop\/loop-single-team.php\">\n<div id=\"post-2717\" class=\"post post-2717 team type-team status-publish has-post-thumbnail hentry\">\n<article class=\"team-holder single-post\">\n<div class=\"team-content post-content\">\n<p>Janneth Rojas \u00e9 experta em gest\u00e3o de mudan\u00e7a organizacional e apaixonada pelo Gerenciamento\u00a0de Projetos; Conta com mais de 12 anos de experi\u00eancia em consultoria em uma grande\u00a0variedade de industrias na\u00a0Am\u00e9rica Latina e Estados Unidos como: produtos de consumo, servi\u00e7os financeiros, telecomunica\u00e7\u00f5es e energia. Atualmente \u00e9 uma das maiores especialistas em Gest\u00e3o de Mudan\u00e7a Organizacional da Practical Thinking Group.<\/p>\n<p>Ao largo de sua carreira deu\u00a0suporte \u00e0 grandes empresas durante transforma\u00e7\u00f5es relevantes para desenvolver programas de mudan\u00e7a exitosos que incluem a avalia\u00e7\u00e3o da prepara\u00e7\u00e3o ea identifica\u00e7\u00e3o de poss\u00edveis obst\u00e1culos que atingem o sucesso das transforma\u00e7\u00f5es. No campo da gest\u00e3o de projetos conta com grande experi\u00eancia como gerente de projetos em que ha liderado implementa\u00e7\u00f5es de software entre outros, e como consultoria em que tem colaborado com diversas oficinas de projetos. Adicionalmente Janneth tem sido professora de Inova\u00e7\u00e3o Estrat\u00e9gica dentro de um programa virtual de MBA com enfase\u00a0em Administra\u00e7\u00e3o de Projetos.<\/p>\n<p>Janneth nasceu na\u00a0Col\u00f4mbia e \u00e9 Engenheira de Sistemas da Universidade Cat\u00f3lica da Col\u00f4mbia, depois se mudou para trabalhar em M\u00e9xico onde obteve o t\u00edtulo de Maestra em Administra\u00e7\u00e3o de Neg\u00f3cios (MBA) no ITAM. Atualmente\u00a0vive nos\u00a0Estados Unidos onde se certificou como Prosci Change Management Practitioner..<\/p>\n<p>Entre suas mais recentes experi\u00eancias se contam as avalia\u00e7\u00f5es realizadas e os planos de gest\u00e3o de mudan\u00e7as em Nuevatel &#8211; Bol\u00edvia, EP PETROECUADOR &#8211; Equador, Entel &#8211; Chile, Metrofinanciera &#8211; M\u00e9xico e RICOH Latinoam\u00e9rica, entre outros.<\/p>\n<p><strong>Idiomas:<\/strong><\/p>\n<ul>\n<li>Espa\u00f1ol<\/li>\n<li>Ingl\u00eas<\/li>\n<\/ul>\n<\/div>\n<\/article>\n<\/div>\n<\/div>\n<p>[\/vc_column_text][\/vc_column][\/vc_row]<\/p>\n<\/div>","protected":false},"excerpt":{"rendered":"<p>[vc_row el_class=&#8221;team_single&#8221;][vc_column width=&#8221;1\/4&#8243;][vc_single_image image=&#8221;1746&#8243; img_size=&#8221;full&#8221; alignment=&#8221;center&#8221;][vc_btn title=&#8221;Contatar por e-mail&#8221; color=&#8221;warning&#8221; align=&#8221;center&#8221; link=&#8221;url:mailto%3Ajanneth.rojas%40practical-thinking.com|||&#8221; css=&#8221;.vc_custom_1514309983968{padding-top: 25px !important;}&#8221;][\/vc_column][vc_column width=&#8221;3\/4&#8243;][vc_custom_heading text=&#8221;Janneth Rojas, MBA&#8221; font_container=&#8221;tag:h1|font_size:38|text_align:left|line_height:1.2&#8243; use_theme_fonts=&#8221;yes&#8221;][vc_column_text] Janneth Rojas \u00e9 experta em gest\u00e3o de mudan\u00e7a organizacional e apaixonada pelo Gerenciamento\u00a0de Projetos; Conta com mais de 12 &#8230;<\/p>\n","protected":false},"author":2,"featured_media":0,"parent":1855,"menu_order":0,"comment_status":"closed","ping_status":"closed","template":"","meta":{"content-type":"","footnotes":""},"class_list":["post-2777","page","type-page","status-publish","hentry"],"yoast_head":"<!-- This site is optimized with the Yoast SEO plugin v24.2 - https:\/\/yoast.com\/wordpress\/plugins\/seo\/ -->\n<title>Janneth Rojas - Practical Thinking<\/title>\n<meta name=\"robots\" content=\"index, follow, max-snippet:-1, max-image-preview:large, max-video-preview:-1\" \/>\n<link rel=\"canonical\" href=\"https:\/\/www.practical-thinking.com\/pt-br\/teams\/janneth-rojas\/\" \/>\n<meta property=\"og:locale\" content=\"pt_BR\" \/>\n<meta property=\"og:type\" content=\"article\" \/>\n<meta property=\"og:title\" content=\"Janneth Rojas - Practical Thinking\" \/>\n<meta property=\"og:description\" content=\"[vc_row el_class=&#8221;team_single&#8221;][vc_column width=&#8221;1\/4&#8243;][vc_single_image image=&#8221;1746&#8243; img_size=&#8221;full&#8221; alignment=&#8221;center&#8221;][vc_btn title=&#8221;Contatar por e-mail&#8221; color=&#8221;warning&#8221; align=&#8221;center&#8221; link=&#8221;url:mailto%3Ajanneth.rojas%40practical-thinking.com|||&#8221; css=&#8221;.vc_custom_1514309983968{padding-top: 25px !important;}&#8221;][\/vc_column][vc_column width=&#8221;3\/4&#8243;][vc_custom_heading text=&#8221;Janneth Rojas, MBA&#8221; font_container=&#8221;tag:h1|font_size:38|text_align:left|line_height:1.2&#8243; use_theme_fonts=&#8221;yes&#8221;][vc_column_text] Janneth Rojas \u00e9 experta em gest\u00e3o de mudan\u00e7a organizacional e apaixonada pelo Gerenciamento\u00a0de Projetos; Conta com mais de 12 ...\" \/>\n<meta property=\"og:url\" content=\"https:\/\/www.practical-thinking.com\/pt-br\/teams\/janneth-rojas\/\" \/>\n<meta property=\"og:site_name\" content=\"Practical Thinking\" \/>\n<meta property=\"article:publisher\" content=\"https:\/\/www.facebook.com\/PracticalThinking\" \/>\n<meta property=\"article:modified_time\" content=\"2017-12-26T17:40:02+00:00\" \/>\n<meta name=\"twitter:card\" content=\"summary_large_image\" \/>\n<meta name=\"twitter:site\" content=\"@PTG_Oficial\" \/>\n<meta name=\"twitter:label1\" content=\"Est. tempo de leitura\" \/>\n\t<meta name=\"twitter:data1\" content=\"2 minutos\" \/>\n<script type=\"application\/ld+json\" class=\"yoast-schema-graph\">{\"@context\":\"https:\/\/schema.org\",\"@graph\":[{\"@type\":\"WebPage\",\"@id\":\"https:\/\/www.practical-thinking.com\/pt-br\/teams\/janneth-rojas\/\",\"url\":\"https:\/\/www.practical-thinking.com\/pt-br\/teams\/janneth-rojas\/\",\"name\":\"Janneth Rojas - Practical Thinking\",\"isPartOf\":{\"@id\":\"https:\/\/www.practical-thinking.com\/#website\"},\"datePublished\":\"2017-07-31T05:06:04+00:00\",\"dateModified\":\"2017-12-26T17:40:02+00:00\",\"breadcrumb\":{\"@id\":\"https:\/\/www.practical-thinking.com\/pt-br\/teams\/janneth-rojas\/#breadcrumb\"},\"inLanguage\":\"pt-BR\",\"potentialAction\":[{\"@type\":\"ReadAction\",\"target\":[\"https:\/\/www.practical-thinking.com\/pt-br\/teams\/janneth-rojas\/\"]}]},{\"@type\":\"BreadcrumbList\",\"@id\":\"https:\/\/www.practical-thinking.com\/pt-br\/teams\/janneth-rojas\/#breadcrumb\",\"itemListElement\":[{\"@type\":\"ListItem\",\"position\":1,\"name\":\"Home\",\"item\":\"https:\/\/www.practical-thinking.com\/pt-br\/\"},{\"@type\":\"ListItem\",\"position\":2,\"name\":\"Teams\",\"item\":\"https:\/\/www.practical-thinking.com\/pt-br\/teams\/\"},{\"@type\":\"ListItem\",\"position\":3,\"name\":\"Janneth Rojas\"}]},{\"@type\":\"WebSite\",\"@id\":\"https:\/\/www.practical-thinking.com\/#website\",\"url\":\"https:\/\/www.practical-thinking.com\/\",\"name\":\"Practical Thinking\",\"description\":\"Practical Thinking\",\"publisher\":{\"@id\":\"https:\/\/www.practical-thinking.com\/#organization\"},\"potentialAction\":[{\"@type\":\"SearchAction\",\"target\":{\"@type\":\"EntryPoint\",\"urlTemplate\":\"https:\/\/www.practical-thinking.com\/?s={search_term_string}\"},\"query-input\":{\"@type\":\"PropertyValueSpecification\",\"valueRequired\":true,\"valueName\":\"search_term_string\"}}],\"inLanguage\":\"pt-BR\"},{\"@type\":\"Organization\",\"@id\":\"https:\/\/www.practical-thinking.com\/#organization\",\"name\":\"Practical Thinking Group\",\"url\":\"https:\/\/www.practical-thinking.com\/\",\"logo\":{\"@type\":\"ImageObject\",\"inLanguage\":\"pt-BR\",\"@id\":\"https:\/\/www.practical-thinking.com\/#\/schema\/logo\/image\/\",\"url\":\"https:\/\/www.practical-thinking.com\/wp-content\/uploads\/2017\/05\/Isologo-Practical-Thinking-e1494926435134.png\",\"contentUrl\":\"https:\/\/www.practical-thinking.com\/wp-content\/uploads\/2017\/05\/Isologo-Practical-Thinking-e1494926435134.png\",\"width\":189,\"height\":80,\"caption\":\"Practical Thinking Group\"},\"image\":{\"@id\":\"https:\/\/www.practical-thinking.com\/#\/schema\/logo\/image\/\"},\"sameAs\":[\"https:\/\/www.facebook.com\/PracticalThinking\",\"https:\/\/x.com\/PTG_Oficial\",\"https:\/\/www.linkedin.com\/company\/3642040\/\",\"https:\/\/www.youtube.com\/channel\/UC49XiWLz4vKODd6qabxHbpg?view_as=subscriber\"]}]}<\/script>\n<!-- \/ Yoast SEO plugin. -->","yoast_head_json":{"title":"Janneth Rojas - Practical Thinking","robots":{"index":"index","follow":"follow","max-snippet":"max-snippet:-1","max-image-preview":"max-image-preview:large","max-video-preview":"max-video-preview:-1"},"canonical":"https:\/\/www.practical-thinking.com\/pt-br\/teams\/janneth-rojas\/","og_locale":"pt_BR","og_type":"article","og_title":"Janneth Rojas - Practical Thinking","og_description":"[vc_row el_class=&#8221;team_single&#8221;][vc_column width=&#8221;1\/4&#8243;][vc_single_image image=&#8221;1746&#8243; img_size=&#8221;full&#8221; alignment=&#8221;center&#8221;][vc_btn title=&#8221;Contatar por e-mail&#8221; color=&#8221;warning&#8221; align=&#8221;center&#8221; link=&#8221;url:mailto%3Ajanneth.rojas%40practical-thinking.com|||&#8221; css=&#8221;.vc_custom_1514309983968{padding-top: 25px !important;}&#8221;][\/vc_column][vc_column width=&#8221;3\/4&#8243;][vc_custom_heading text=&#8221;Janneth Rojas, MBA&#8221; font_container=&#8221;tag:h1|font_size:38|text_align:left|line_height:1.2&#8243; use_theme_fonts=&#8221;yes&#8221;][vc_column_text] Janneth Rojas \u00e9 experta em gest\u00e3o de mudan\u00e7a organizacional e apaixonada pelo Gerenciamento\u00a0de Projetos; Conta com mais de 12 ...","og_url":"https:\/\/www.practical-thinking.com\/pt-br\/teams\/janneth-rojas\/","og_site_name":"Practical Thinking","article_publisher":"https:\/\/www.facebook.com\/PracticalThinking","article_modified_time":"2017-12-26T17:40:02+00:00","twitter_card":"summary_large_image","twitter_site":"@PTG_Oficial","twitter_misc":{"Est. tempo de leitura":"2 minutos"},"schema":{"@context":"https:\/\/schema.org","@graph":[{"@type":"WebPage","@id":"https:\/\/www.practical-thinking.com\/pt-br\/teams\/janneth-rojas\/","url":"https:\/\/www.practical-thinking.com\/pt-br\/teams\/janneth-rojas\/","name":"Janneth Rojas - Practical Thinking","isPartOf":{"@id":"https:\/\/www.practical-thinking.com\/#website"},"datePublished":"2017-07-31T05:06:04+00:00","dateModified":"2017-12-26T17:40:02+00:00","breadcrumb":{"@id":"https:\/\/www.practical-thinking.com\/pt-br\/teams\/janneth-rojas\/#breadcrumb"},"inLanguage":"pt-BR","potentialAction":[{"@type":"ReadAction","target":["https:\/\/www.practical-thinking.com\/pt-br\/teams\/janneth-rojas\/"]}]},{"@type":"BreadcrumbList","@id":"https:\/\/www.practical-thinking.com\/pt-br\/teams\/janneth-rojas\/#breadcrumb","itemListElement":[{"@type":"ListItem","position":1,"name":"Home","item":"https:\/\/www.practical-thinking.com\/pt-br\/"},{"@type":"ListItem","position":2,"name":"Teams","item":"https:\/\/www.practical-thinking.com\/pt-br\/teams\/"},{"@type":"ListItem","position":3,"name":"Janneth Rojas"}]},{"@type":"WebSite","@id":"https:\/\/www.practical-thinking.com\/#website","url":"https:\/\/www.practical-thinking.com\/","name":"Practical Thinking","description":"Practical Thinking","publisher":{"@id":"https:\/\/www.practical-thinking.com\/#organization"},"potentialAction":[{"@type":"SearchAction","target":{"@type":"EntryPoint","urlTemplate":"https:\/\/www.practical-thinking.com\/?s={search_term_string}"},"query-input":{"@type":"PropertyValueSpecification","valueRequired":true,"valueName":"search_term_string"}}],"inLanguage":"pt-BR"},{"@type":"Organization","@id":"https:\/\/www.practical-thinking.com\/#organization","name":"Practical Thinking Group","url":"https:\/\/www.practical-thinking.com\/","logo":{"@type":"ImageObject","inLanguage":"pt-BR","@id":"https:\/\/www.practical-thinking.com\/#\/schema\/logo\/image\/","url":"https:\/\/www.practical-thinking.com\/wp-content\/uploads\/2017\/05\/Isologo-Practical-Thinking-e1494926435134.png","contentUrl":"https:\/\/www.practical-thinking.com\/wp-content\/uploads\/2017\/05\/Isologo-Practical-Thinking-e1494926435134.png","width":189,"height":80,"caption":"Practical Thinking Group"},"image":{"@id":"https:\/\/www.practical-thinking.com\/#\/schema\/logo\/image\/"},"sameAs":["https:\/\/www.facebook.com\/PracticalThinking","https:\/\/x.com\/PTG_Oficial","https:\/\/www.linkedin.com\/company\/3642040\/","https:\/\/www.youtube.com\/channel\/UC49XiWLz4vKODd6qabxHbpg?view_as=subscriber"]}]}},"_links":{"self":[{"href":"https:\/\/www.practical-thinking.com\/pt-br\/wp-json\/wp\/v2\/pages\/2777","targetHints":{"allow":["GET"]}}],"collection":[{"href":"https:\/\/www.practical-thinking.com\/pt-br\/wp-json\/wp\/v2\/pages"}],"about":[{"href":"https:\/\/www.practical-thinking.com\/pt-br\/wp-json\/wp\/v2\/types\/page"}],"author":[{"embeddable":true,"href":"https:\/\/www.practical-thinking.com\/pt-br\/wp-json\/wp\/v2\/users\/2"}],"replies":[{"embeddable":true,"href":"https:\/\/www.practical-thinking.com\/pt-br\/wp-json\/wp\/v2\/comments?post=2777"}],"version-history":[{"count":2,"href":"https:\/\/www.practical-thinking.com\/pt-br\/wp-json\/wp\/v2\/pages\/2777\/revisions"}],"predecessor-version":[{"id":2780,"href":"https:\/\/www.practical-thinking.com\/pt-br\/wp-json\/wp\/v2\/pages\/2777\/revisions\/2780"}],"up":[{"embeddable":true,"href":"https:\/\/www.practical-thinking.com\/pt-br\/wp-json\/wp\/v2\/pages\/1855"}],"wp:attachment":[{"href":"https:\/\/www.practical-thinking.com\/pt-br\/wp-json\/wp\/v2\/media?parent=2777"}],"curies":[{"name":"wp","href":"https:\/\/api.w.org\/{rel}","templated":true}]}}