{"id":2763,"date":"2017-07-31T05:05:30","date_gmt":"2017-07-31T05:05:30","guid":{"rendered":"https:\/\/www.practical-thinking.com\/teams\/fabio-sandoval\/"},"modified":"2017-12-26T17:31:52","modified_gmt":"2017-12-26T17:31:52","slug":"fabio-sandoval","status":"publish","type":"page","link":"https:\/\/www.practical-thinking.com\/pt-br\/teams\/fabio-sandoval\/","title":{"rendered":"Fabio Sandoval Vargas, MBA"},"content":{"rendered":"<div class=\"wpb-content-wrapper\"><p>[vc_row el_class=&#8221;team_single&#8221;][vc_column width=&#8221;1\/4&#8243;][vc_single_image image=&#8221;1751&#8243; img_size=&#8221;full&#8221; alignment=&#8221;center&#8221;][vc_btn title=&#8221;Contatar por e-mail&#8221; color=&#8221;warning&#8221; align=&#8221;center&#8221; link=&#8221;url:mailto%3Afabio.sandoval%40practical-thinking.com|||&#8221; css=&#8221;.vc_custom_1514309505136{padding-top: 25px !important;}&#8221;][\/vc_column][vc_column width=&#8221;3\/4&#8243;][vc_custom_heading text=&#8221;F\u00e1bio Sandoval Vargas, MBA&#8221; font_container=&#8221;tag:h1|font_size:38|text_align:left|line_height:1.2&#8243; use_theme_fonts=&#8221;yes&#8221;][vc_column_text]<\/p>\n<div id=\"content\" class=\"span8 right right\" data-motopress-type=\"loop\" data-motopress-loop-file=\"loop\/loop-single-team.php\">\n<div id=\"post-2717\" class=\"post post-2717 team type-team status-publish has-post-thumbnail hentry\">\n<article class=\"team-holder single-post\">\n<div class=\"team-content post-content\">\n<p>Engenheiro\u00a0em Petr\u00f3leo e G\u00e1s Natural. Nascido em Santa Cruz de la Sierra, Bol\u00edvia. P\u00f3s-Gradua\u00e7\u00e3o da Universidade Privada de Santa Cruz de la Sierra. Diploma em G\u00e1s Natural concedido pela Universidade Privada de Santa Cruz de la Sierra. Ele possui\u00a0um MBA em Petr\u00f3leo &amp; G\u00e1s pela Universidade Privada da Bol\u00edvia. \u00a0especialista em\u00a0planejamento, controle, acompanhamento dos projectos, e Gest\u00e3o de Contratos de Projetos de Petr\u00f3leo &amp; G\u00e1s e Energia.<\/p>\n<p>Respons\u00e1vel pela Qualidade Operativa do Projeto S\u00edsmica 2D e 3D. Coordenador de Planejamento da PMO de Carlos Caballero Obras y Montaje. Coordenador de Planejamento para o\u00a0Portfolio de Projetos e Contract Manager para a\u00a0empresa\u00a0Serpetbol LTDA. Ele atualmente atua como co-propriet\u00e1rio do Las Violetas Catering, Fiscal\u00a0de Planejamento de Projeto para YPFB Refinaci\u00f3n\u00a0e Bussiness Development Manager para Practical Thinking Group\u00a0&#8211; Bol\u00edvia.<\/p>\n<p>Volunt\u00e1rio ativo do PMI Santa Cruz, Bolivia Chapter. Vice-Presidente de Membros\u00a0e Volunt\u00e1rios desde 2014.<\/p>\n<\/div>\n<p><strong>Idiomas:<\/strong><\/p>\n<ul>\n<li>Espa\u00f1ol<\/li>\n<\/ul>\n<\/article>\n<\/div>\n<\/div>\n<p>[\/vc_column_text][\/vc_column][\/vc_row]<\/p>\n<\/div>","protected":false},"excerpt":{"rendered":"<p>[vc_row el_class=&#8221;team_single&#8221;][vc_column width=&#8221;1\/4&#8243;][vc_single_image image=&#8221;1751&#8243; img_size=&#8221;full&#8221; alignment=&#8221;center&#8221;][vc_btn title=&#8221;Contatar por e-mail&#8221; color=&#8221;warning&#8221; align=&#8221;center&#8221; link=&#8221;url:mailto%3Afabio.sandoval%40practical-thinking.com|||&#8221; css=&#8221;.vc_custom_1514309505136{padding-top: 25px !important;}&#8221;][\/vc_column][vc_column width=&#8221;3\/4&#8243;][vc_custom_heading text=&#8221;F\u00e1bio Sandoval Vargas, MBA&#8221; font_container=&#8221;tag:h1|font_size:38|text_align:left|line_height:1.2&#8243; use_theme_fonts=&#8221;yes&#8221;][vc_column_text] Engenheiro\u00a0em Petr\u00f3leo e G\u00e1s Natural. Nascido em Santa Cruz de la Sierra, Bol\u00edvia. P\u00f3s-Gradua\u00e7\u00e3o da Universidade Privada de &#8230;<\/p>\n","protected":false},"author":2,"featured_media":0,"parent":1855,"menu_order":0,"comment_status":"closed","ping_status":"closed","template":"","meta":{"content-type":"","footnotes":""},"class_list":["post-2763","page","type-page","status-publish","hentry"],"yoast_head":"<!-- This site is optimized with the Yoast SEO plugin v24.2 - https:\/\/yoast.com\/wordpress\/plugins\/seo\/ -->\n<title>Fabio Sandoval Vargas, MBA - Practical Thinking<\/title>\n<meta name=\"robots\" content=\"index, follow, max-snippet:-1, max-image-preview:large, max-video-preview:-1\" \/>\n<link rel=\"canonical\" href=\"https:\/\/www.practical-thinking.com\/pt-br\/teams\/fabio-sandoval\/\" \/>\n<meta property=\"og:locale\" content=\"pt_BR\" \/>\n<meta property=\"og:type\" content=\"article\" \/>\n<meta property=\"og:title\" content=\"Fabio Sandoval Vargas, MBA - Practical Thinking\" \/>\n<meta property=\"og:description\" content=\"[vc_row el_class=&#8221;team_single&#8221;][vc_column width=&#8221;1\/4&#8243;][vc_single_image image=&#8221;1751&#8243; img_size=&#8221;full&#8221; alignment=&#8221;center&#8221;][vc_btn title=&#8221;Contatar por e-mail&#8221; color=&#8221;warning&#8221; align=&#8221;center&#8221; link=&#8221;url:mailto%3Afabio.sandoval%40practical-thinking.com|||&#8221; css=&#8221;.vc_custom_1514309505136{padding-top: 25px !important;}&#8221;][\/vc_column][vc_column width=&#8221;3\/4&#8243;][vc_custom_heading text=&#8221;F\u00e1bio Sandoval Vargas, MBA&#8221; font_container=&#8221;tag:h1|font_size:38|text_align:left|line_height:1.2&#8243; use_theme_fonts=&#8221;yes&#8221;][vc_column_text] Engenheiro\u00a0em Petr\u00f3leo e G\u00e1s Natural. Nascido em Santa Cruz de la Sierra, Bol\u00edvia. P\u00f3s-Gradua\u00e7\u00e3o da Universidade Privada de ...\" \/>\n<meta property=\"og:url\" content=\"https:\/\/www.practical-thinking.com\/pt-br\/teams\/fabio-sandoval\/\" \/>\n<meta property=\"og:site_name\" content=\"Practical Thinking\" \/>\n<meta property=\"article:publisher\" content=\"https:\/\/www.facebook.com\/PracticalThinking\" \/>\n<meta property=\"article:modified_time\" content=\"2017-12-26T17:31:52+00:00\" \/>\n<meta name=\"twitter:card\" content=\"summary_large_image\" \/>\n<meta name=\"twitter:site\" content=\"@PTG_Oficial\" \/>\n<meta name=\"twitter:label1\" content=\"Est. tempo de leitura\" \/>\n\t<meta name=\"twitter:data1\" content=\"1 minuto\" \/>\n<script type=\"application\/ld+json\" class=\"yoast-schema-graph\">{\"@context\":\"https:\/\/schema.org\",\"@graph\":[{\"@type\":\"WebPage\",\"@id\":\"https:\/\/www.practical-thinking.com\/pt-br\/teams\/fabio-sandoval\/\",\"url\":\"https:\/\/www.practical-thinking.com\/pt-br\/teams\/fabio-sandoval\/\",\"name\":\"Fabio Sandoval Vargas, MBA - Practical Thinking\",\"isPartOf\":{\"@id\":\"https:\/\/www.practical-thinking.com\/#website\"},\"datePublished\":\"2017-07-31T05:05:30+00:00\",\"dateModified\":\"2017-12-26T17:31:52+00:00\",\"breadcrumb\":{\"@id\":\"https:\/\/www.practical-thinking.com\/pt-br\/teams\/fabio-sandoval\/#breadcrumb\"},\"inLanguage\":\"pt-BR\",\"potentialAction\":[{\"@type\":\"ReadAction\",\"target\":[\"https:\/\/www.practical-thinking.com\/pt-br\/teams\/fabio-sandoval\/\"]}]},{\"@type\":\"BreadcrumbList\",\"@id\":\"https:\/\/www.practical-thinking.com\/pt-br\/teams\/fabio-sandoval\/#breadcrumb\",\"itemListElement\":[{\"@type\":\"ListItem\",\"position\":1,\"name\":\"Home\",\"item\":\"https:\/\/www.practical-thinking.com\/pt-br\/\"},{\"@type\":\"ListItem\",\"position\":2,\"name\":\"Teams\",\"item\":\"https:\/\/www.practical-thinking.com\/pt-br\/teams\/\"},{\"@type\":\"ListItem\",\"position\":3,\"name\":\"Fabio Sandoval Vargas, MBA\"}]},{\"@type\":\"WebSite\",\"@id\":\"https:\/\/www.practical-thinking.com\/#website\",\"url\":\"https:\/\/www.practical-thinking.com\/\",\"name\":\"Practical Thinking\",\"description\":\"Practical Thinking\",\"publisher\":{\"@id\":\"https:\/\/www.practical-thinking.com\/#organization\"},\"potentialAction\":[{\"@type\":\"SearchAction\",\"target\":{\"@type\":\"EntryPoint\",\"urlTemplate\":\"https:\/\/www.practical-thinking.com\/?s={search_term_string}\"},\"query-input\":{\"@type\":\"PropertyValueSpecification\",\"valueRequired\":true,\"valueName\":\"search_term_string\"}}],\"inLanguage\":\"pt-BR\"},{\"@type\":\"Organization\",\"@id\":\"https:\/\/www.practical-thinking.com\/#organization\",\"name\":\"Practical Thinking Group\",\"url\":\"https:\/\/www.practical-thinking.com\/\",\"logo\":{\"@type\":\"ImageObject\",\"inLanguage\":\"pt-BR\",\"@id\":\"https:\/\/www.practical-thinking.com\/#\/schema\/logo\/image\/\",\"url\":\"https:\/\/www.practical-thinking.com\/wp-content\/uploads\/2017\/05\/Isologo-Practical-Thinking-e1494926435134.png\",\"contentUrl\":\"https:\/\/www.practical-thinking.com\/wp-content\/uploads\/2017\/05\/Isologo-Practical-Thinking-e1494926435134.png\",\"width\":189,\"height\":80,\"caption\":\"Practical Thinking Group\"},\"image\":{\"@id\":\"https:\/\/www.practical-thinking.com\/#\/schema\/logo\/image\/\"},\"sameAs\":[\"https:\/\/www.facebook.com\/PracticalThinking\",\"https:\/\/x.com\/PTG_Oficial\",\"https:\/\/www.linkedin.com\/company\/3642040\/\",\"https:\/\/www.youtube.com\/channel\/UC49XiWLz4vKODd6qabxHbpg?view_as=subscriber\"]}]}<\/script>\n<!-- \/ Yoast SEO plugin. -->","yoast_head_json":{"title":"Fabio Sandoval Vargas, MBA - Practical Thinking","robots":{"index":"index","follow":"follow","max-snippet":"max-snippet:-1","max-image-preview":"max-image-preview:large","max-video-preview":"max-video-preview:-1"},"canonical":"https:\/\/www.practical-thinking.com\/pt-br\/teams\/fabio-sandoval\/","og_locale":"pt_BR","og_type":"article","og_title":"Fabio Sandoval Vargas, MBA - Practical Thinking","og_description":"[vc_row el_class=&#8221;team_single&#8221;][vc_column width=&#8221;1\/4&#8243;][vc_single_image image=&#8221;1751&#8243; img_size=&#8221;full&#8221; alignment=&#8221;center&#8221;][vc_btn title=&#8221;Contatar por e-mail&#8221; color=&#8221;warning&#8221; align=&#8221;center&#8221; link=&#8221;url:mailto%3Afabio.sandoval%40practical-thinking.com|||&#8221; css=&#8221;.vc_custom_1514309505136{padding-top: 25px !important;}&#8221;][\/vc_column][vc_column width=&#8221;3\/4&#8243;][vc_custom_heading text=&#8221;F\u00e1bio Sandoval Vargas, MBA&#8221; font_container=&#8221;tag:h1|font_size:38|text_align:left|line_height:1.2&#8243; use_theme_fonts=&#8221;yes&#8221;][vc_column_text] Engenheiro\u00a0em Petr\u00f3leo e G\u00e1s Natural. Nascido em Santa Cruz de la Sierra, Bol\u00edvia. P\u00f3s-Gradua\u00e7\u00e3o da Universidade Privada de ...","og_url":"https:\/\/www.practical-thinking.com\/pt-br\/teams\/fabio-sandoval\/","og_site_name":"Practical Thinking","article_publisher":"https:\/\/www.facebook.com\/PracticalThinking","article_modified_time":"2017-12-26T17:31:52+00:00","twitter_card":"summary_large_image","twitter_site":"@PTG_Oficial","twitter_misc":{"Est. tempo de leitura":"1 minuto"},"schema":{"@context":"https:\/\/schema.org","@graph":[{"@type":"WebPage","@id":"https:\/\/www.practical-thinking.com\/pt-br\/teams\/fabio-sandoval\/","url":"https:\/\/www.practical-thinking.com\/pt-br\/teams\/fabio-sandoval\/","name":"Fabio Sandoval Vargas, MBA - Practical Thinking","isPartOf":{"@id":"https:\/\/www.practical-thinking.com\/#website"},"datePublished":"2017-07-31T05:05:30+00:00","dateModified":"2017-12-26T17:31:52+00:00","breadcrumb":{"@id":"https:\/\/www.practical-thinking.com\/pt-br\/teams\/fabio-sandoval\/#breadcrumb"},"inLanguage":"pt-BR","potentialAction":[{"@type":"ReadAction","target":["https:\/\/www.practical-thinking.com\/pt-br\/teams\/fabio-sandoval\/"]}]},{"@type":"BreadcrumbList","@id":"https:\/\/www.practical-thinking.com\/pt-br\/teams\/fabio-sandoval\/#breadcrumb","itemListElement":[{"@type":"ListItem","position":1,"name":"Home","item":"https:\/\/www.practical-thinking.com\/pt-br\/"},{"@type":"ListItem","position":2,"name":"Teams","item":"https:\/\/www.practical-thinking.com\/pt-br\/teams\/"},{"@type":"ListItem","position":3,"name":"Fabio Sandoval Vargas, MBA"}]},{"@type":"WebSite","@id":"https:\/\/www.practical-thinking.com\/#website","url":"https:\/\/www.practical-thinking.com\/","name":"Practical Thinking","description":"Practical Thinking","publisher":{"@id":"https:\/\/www.practical-thinking.com\/#organization"},"potentialAction":[{"@type":"SearchAction","target":{"@type":"EntryPoint","urlTemplate":"https:\/\/www.practical-thinking.com\/?s={search_term_string}"},"query-input":{"@type":"PropertyValueSpecification","valueRequired":true,"valueName":"search_term_string"}}],"inLanguage":"pt-BR"},{"@type":"Organization","@id":"https:\/\/www.practical-thinking.com\/#organization","name":"Practical Thinking Group","url":"https:\/\/www.practical-thinking.com\/","logo":{"@type":"ImageObject","inLanguage":"pt-BR","@id":"https:\/\/www.practical-thinking.com\/#\/schema\/logo\/image\/","url":"https:\/\/www.practical-thinking.com\/wp-content\/uploads\/2017\/05\/Isologo-Practical-Thinking-e1494926435134.png","contentUrl":"https:\/\/www.practical-thinking.com\/wp-content\/uploads\/2017\/05\/Isologo-Practical-Thinking-e1494926435134.png","width":189,"height":80,"caption":"Practical Thinking Group"},"image":{"@id":"https:\/\/www.practical-thinking.com\/#\/schema\/logo\/image\/"},"sameAs":["https:\/\/www.facebook.com\/PracticalThinking","https:\/\/x.com\/PTG_Oficial","https:\/\/www.linkedin.com\/company\/3642040\/","https:\/\/www.youtube.com\/channel\/UC49XiWLz4vKODd6qabxHbpg?view_as=subscriber"]}]}},"_links":{"self":[{"href":"https:\/\/www.practical-thinking.com\/pt-br\/wp-json\/wp\/v2\/pages\/2763","targetHints":{"allow":["GET"]}}],"collection":[{"href":"https:\/\/www.practical-thinking.com\/pt-br\/wp-json\/wp\/v2\/pages"}],"about":[{"href":"https:\/\/www.practical-thinking.com\/pt-br\/wp-json\/wp\/v2\/types\/page"}],"author":[{"embeddable":true,"href":"https:\/\/www.practical-thinking.com\/pt-br\/wp-json\/wp\/v2\/users\/2"}],"replies":[{"embeddable":true,"href":"https:\/\/www.practical-thinking.com\/pt-br\/wp-json\/wp\/v2\/comments?post=2763"}],"version-history":[{"count":1,"href":"https:\/\/www.practical-thinking.com\/pt-br\/wp-json\/wp\/v2\/pages\/2763\/revisions"}],"predecessor-version":[{"id":2766,"href":"https:\/\/www.practical-thinking.com\/pt-br\/wp-json\/wp\/v2\/pages\/2763\/revisions\/2766"}],"up":[{"embeddable":true,"href":"https:\/\/www.practical-thinking.com\/pt-br\/wp-json\/wp\/v2\/pages\/1855"}],"wp:attachment":[{"href":"https:\/\/www.practical-thinking.com\/pt-br\/wp-json\/wp\/v2\/media?parent=2763"}],"curies":[{"name":"wp","href":"https:\/\/api.w.org\/{rel}","templated":true}]}}