{"id":2750,"date":"2017-07-31T04:59:57","date_gmt":"2017-07-31T04:59:57","guid":{"rendered":"https:\/\/www.practical-thinking.com\/teams\/alexandres-hoyos\/"},"modified":"2017-12-26T17:24:21","modified_gmt":"2017-12-26T17:24:21","slug":"alexandres-hoyos","status":"publish","type":"page","link":"https:\/\/www.practical-thinking.com\/pt-br\/teams\/alexandres-hoyos\/","title":{"rendered":"Alexandres Hoyos Espinoza, MBA, PfMP, PMP, CSM"},"content":{"rendered":"<div class=\"wpb-content-wrapper\"><p>[vc_row el_class=&#8221;team_single&#8221;][vc_column width=&#8221;1\/4&#8243;][vc_single_image image=&#8221;1760&#8243; img_size=&#8221;full&#8221; alignment=&#8221;center&#8221;][vc_btn title=&#8221;Contatar por e-mail&#8221; color=&#8221;warning&#8221; align=&#8221;center&#8221; link=&#8221;url:mailto%3Aalexandres%40practical-thinking.com|||&#8221; css=&#8221;.vc_custom_1514309008342{padding-top: 25px !important;}&#8221;][\/vc_column][vc_column width=&#8221;3\/4&#8243;][vc_custom_heading text=&#8221;Alexandres Hoyos Espinoza, MBA, PfMP, PMP, CSM&#8221; font_container=&#8221;tag:h1|font_size:38|text_align:left|line_height:1.2&#8243; use_theme_fonts=&#8221;yes&#8221;][vc_column_text]<\/p>\n<div id=\"content\" class=\"span8 right right\" data-motopress-type=\"loop\" data-motopress-loop-file=\"loop\/loop-single-team.php\">\n<div id=\"post-2717\" class=\"post post-2717 team type-team status-publish has-post-thumbnail hentry\">\n<article class=\"team-holder single-post\">\n<div class=\"team-content post-content\">\n<div class=\"motopress-wrapper content-holder clearfix\">\n<div class=\"container\">\n<div class=\"row\">\n<div class=\"span12\" data-motopress-wrapper-file=\"single-team.php\" data-motopress-wrapper-type=\"content\">\n<div class=\"row\">\n<div id=\"content\" class=\"span8 right right\" data-motopress-type=\"loop\" data-motopress-loop-file=\"loop\/loop-single-team.php\">\n<div id=\"post-2773\" class=\"post post-2773 team type-team status-publish has-post-thumbnail hentry\">\n<article class=\"team-holder single-post\">\n<div class=\"team-content post-content\">\n<p>Master, MBA Cat\u00f3lica Internacional Centrum (PER) &#8211; Escola de Maastricht of Management (HOL). Membro da Beta Gamma Sigma Society (Centrum Catolica cap\u00edtulo). Engenheiro de Computa\u00e7\u00e3o pela Pontif\u00edcia Universidade Cat\u00f3lica do Peru (PUCP). Consultor especializado em Gest\u00e3o de Projetos e Portf\u00f3lio, Planejamento Estrat\u00e9gico, Project Management Office (PMO), Agile Project Management e Business Process Management BPM. Profissional capaz de fortalecer a implementa\u00e7\u00e3o de planos estrat\u00e9gicos e seu alinhamento com os objetivos organizacionais atrav\u00e9s de um projectos de gest\u00e3o de portf\u00f3lio rent\u00e1veis \u200b\u200be sustent\u00e1veis \u200b\u200bao longo do tempo.<\/p>\n<p>Portfolio Management Certified Professional (PfMP\u00ae), Project Management Professional (PMP\u00ae), Scrum Master (CSM\u00ae) e SAP Business One Professor Consultor na ESAN, USIL, Instituto para a Qualidade -. PUCP e Centrum Catolica Business School em cursos , oficinas e Portfolio-Project Management qualificado, PMO e Planejamento Estrat\u00e9gico. Ele ocupou cargos executivos na Telecomunica\u00e7\u00f5es (TIM Peru), Banca Comercial (Interbank) Sistemas Consulting (BCTS), bens de consumo (Belcorp Corporation) e TI (ARPL Tecnologia Industrial).<\/p>\n<p>Ele \u00e9 palestrante em congressos e semin\u00e1rios nacionais e internacionais organizados pelo PMI\u00ae e cap\u00edtulos relacionados. Atualmente \u00e9 consultor global &#8211; Thinker em Portfolio-Management &amp; PMO em Practical Thinking Peru.<\/p>\n<p><strong>Idiomas:<\/strong><\/p>\n<ul>\n<li>Espanhol<\/li>\n<li>Ingl\u00eas<\/li>\n<\/ul>\n<\/div>\n<\/article>\n<\/div>\n<\/div>\n<\/div>\n<\/div>\n<\/div>\n<\/div>\n<\/div>\n<\/div>\n<\/article>\n<\/div>\n<\/div>\n<p>[\/vc_column_text][\/vc_column][\/vc_row]<\/p>\n<\/div>","protected":false},"excerpt":{"rendered":"<p>[vc_row el_class=&#8221;team_single&#8221;][vc_column width=&#8221;1\/4&#8243;][vc_single_image image=&#8221;1760&#8243; img_size=&#8221;full&#8221; alignment=&#8221;center&#8221;][vc_btn title=&#8221;Contatar por e-mail&#8221; color=&#8221;warning&#8221; align=&#8221;center&#8221; link=&#8221;url:mailto%3Aalexandres%40practical-thinking.com|||&#8221; css=&#8221;.vc_custom_1514309008342{padding-top: 25px !important;}&#8221;][\/vc_column][vc_column width=&#8221;3\/4&#8243;][vc_custom_heading text=&#8221;Alexandres Hoyos Espinoza, MBA, PfMP, PMP, CSM&#8221; font_container=&#8221;tag:h1|font_size:38|text_align:left|line_height:1.2&#8243; use_theme_fonts=&#8221;yes&#8221;][vc_column_text] Master, MBA Cat\u00f3lica Internacional Centrum (PER) &#8211; Escola de Maastricht of Management (HOL). Membro da &#8230;<\/p>\n","protected":false},"author":2,"featured_media":0,"parent":1855,"menu_order":0,"comment_status":"closed","ping_status":"closed","template":"","meta":{"content-type":"","footnotes":""},"class_list":["post-2750","page","type-page","status-publish","hentry"],"yoast_head":"<!-- This site is optimized with the Yoast SEO plugin v24.2 - https:\/\/yoast.com\/wordpress\/plugins\/seo\/ -->\n<title>Alexandres Hoyos Espinoza, MBA, PfMP, PMP, CSM - Practical Thinking<\/title>\n<meta name=\"robots\" content=\"index, follow, max-snippet:-1, max-image-preview:large, max-video-preview:-1\" \/>\n<link rel=\"canonical\" href=\"https:\/\/www.practical-thinking.com\/pt-br\/teams\/alexandres-hoyos\/\" \/>\n<meta property=\"og:locale\" content=\"pt_BR\" \/>\n<meta property=\"og:type\" content=\"article\" \/>\n<meta property=\"og:title\" content=\"Alexandres Hoyos Espinoza, MBA, PfMP, PMP, CSM - Practical Thinking\" \/>\n<meta property=\"og:description\" content=\"[vc_row el_class=&#8221;team_single&#8221;][vc_column width=&#8221;1\/4&#8243;][vc_single_image image=&#8221;1760&#8243; img_size=&#8221;full&#8221; alignment=&#8221;center&#8221;][vc_btn title=&#8221;Contatar por e-mail&#8221; color=&#8221;warning&#8221; align=&#8221;center&#8221; link=&#8221;url:mailto%3Aalexandres%40practical-thinking.com|||&#8221; css=&#8221;.vc_custom_1514309008342{padding-top: 25px !important;}&#8221;][\/vc_column][vc_column width=&#8221;3\/4&#8243;][vc_custom_heading text=&#8221;Alexandres Hoyos Espinoza, MBA, PfMP, PMP, CSM&#8221; font_container=&#8221;tag:h1|font_size:38|text_align:left|line_height:1.2&#8243; use_theme_fonts=&#8221;yes&#8221;][vc_column_text] Master, MBA Cat\u00f3lica Internacional Centrum (PER) &#8211; Escola de Maastricht of Management (HOL). Membro da ...\" \/>\n<meta property=\"og:url\" content=\"https:\/\/www.practical-thinking.com\/pt-br\/teams\/alexandres-hoyos\/\" \/>\n<meta property=\"og:site_name\" content=\"Practical Thinking\" \/>\n<meta property=\"article:publisher\" content=\"https:\/\/www.facebook.com\/PracticalThinking\" \/>\n<meta property=\"article:modified_time\" content=\"2017-12-26T17:24:21+00:00\" \/>\n<meta name=\"twitter:card\" content=\"summary_large_image\" \/>\n<meta name=\"twitter:site\" content=\"@PTG_Oficial\" \/>\n<meta name=\"twitter:label1\" content=\"Est. tempo de leitura\" \/>\n\t<meta name=\"twitter:data1\" content=\"1 minuto\" \/>\n<script type=\"application\/ld+json\" class=\"yoast-schema-graph\">{\"@context\":\"https:\/\/schema.org\",\"@graph\":[{\"@type\":\"WebPage\",\"@id\":\"https:\/\/www.practical-thinking.com\/pt-br\/teams\/alexandres-hoyos\/\",\"url\":\"https:\/\/www.practical-thinking.com\/pt-br\/teams\/alexandres-hoyos\/\",\"name\":\"Alexandres Hoyos Espinoza, MBA, PfMP, PMP, CSM - Practical Thinking\",\"isPartOf\":{\"@id\":\"https:\/\/www.practical-thinking.com\/#website\"},\"datePublished\":\"2017-07-31T04:59:57+00:00\",\"dateModified\":\"2017-12-26T17:24:21+00:00\",\"breadcrumb\":{\"@id\":\"https:\/\/www.practical-thinking.com\/pt-br\/teams\/alexandres-hoyos\/#breadcrumb\"},\"inLanguage\":\"pt-BR\",\"potentialAction\":[{\"@type\":\"ReadAction\",\"target\":[\"https:\/\/www.practical-thinking.com\/pt-br\/teams\/alexandres-hoyos\/\"]}]},{\"@type\":\"BreadcrumbList\",\"@id\":\"https:\/\/www.practical-thinking.com\/pt-br\/teams\/alexandres-hoyos\/#breadcrumb\",\"itemListElement\":[{\"@type\":\"ListItem\",\"position\":1,\"name\":\"Home\",\"item\":\"https:\/\/www.practical-thinking.com\/pt-br\/\"},{\"@type\":\"ListItem\",\"position\":2,\"name\":\"Teams\",\"item\":\"https:\/\/www.practical-thinking.com\/pt-br\/teams\/\"},{\"@type\":\"ListItem\",\"position\":3,\"name\":\"Alexandres Hoyos Espinoza, MBA, PfMP, PMP, CSM\"}]},{\"@type\":\"WebSite\",\"@id\":\"https:\/\/www.practical-thinking.com\/#website\",\"url\":\"https:\/\/www.practical-thinking.com\/\",\"name\":\"Practical Thinking\",\"description\":\"Practical Thinking\",\"publisher\":{\"@id\":\"https:\/\/www.practical-thinking.com\/#organization\"},\"potentialAction\":[{\"@type\":\"SearchAction\",\"target\":{\"@type\":\"EntryPoint\",\"urlTemplate\":\"https:\/\/www.practical-thinking.com\/?s={search_term_string}\"},\"query-input\":{\"@type\":\"PropertyValueSpecification\",\"valueRequired\":true,\"valueName\":\"search_term_string\"}}],\"inLanguage\":\"pt-BR\"},{\"@type\":\"Organization\",\"@id\":\"https:\/\/www.practical-thinking.com\/#organization\",\"name\":\"Practical Thinking Group\",\"url\":\"https:\/\/www.practical-thinking.com\/\",\"logo\":{\"@type\":\"ImageObject\",\"inLanguage\":\"pt-BR\",\"@id\":\"https:\/\/www.practical-thinking.com\/#\/schema\/logo\/image\/\",\"url\":\"https:\/\/www.practical-thinking.com\/wp-content\/uploads\/2017\/05\/Isologo-Practical-Thinking-e1494926435134.png\",\"contentUrl\":\"https:\/\/www.practical-thinking.com\/wp-content\/uploads\/2017\/05\/Isologo-Practical-Thinking-e1494926435134.png\",\"width\":189,\"height\":80,\"caption\":\"Practical Thinking Group\"},\"image\":{\"@id\":\"https:\/\/www.practical-thinking.com\/#\/schema\/logo\/image\/\"},\"sameAs\":[\"https:\/\/www.facebook.com\/PracticalThinking\",\"https:\/\/x.com\/PTG_Oficial\",\"https:\/\/www.linkedin.com\/company\/3642040\/\",\"https:\/\/www.youtube.com\/channel\/UC49XiWLz4vKODd6qabxHbpg?view_as=subscriber\"]}]}<\/script>\n<!-- \/ Yoast SEO plugin. -->","yoast_head_json":{"title":"Alexandres Hoyos Espinoza, MBA, PfMP, PMP, CSM - Practical Thinking","robots":{"index":"index","follow":"follow","max-snippet":"max-snippet:-1","max-image-preview":"max-image-preview:large","max-video-preview":"max-video-preview:-1"},"canonical":"https:\/\/www.practical-thinking.com\/pt-br\/teams\/alexandres-hoyos\/","og_locale":"pt_BR","og_type":"article","og_title":"Alexandres Hoyos Espinoza, MBA, PfMP, PMP, CSM - Practical Thinking","og_description":"[vc_row el_class=&#8221;team_single&#8221;][vc_column width=&#8221;1\/4&#8243;][vc_single_image image=&#8221;1760&#8243; img_size=&#8221;full&#8221; alignment=&#8221;center&#8221;][vc_btn title=&#8221;Contatar por e-mail&#8221; color=&#8221;warning&#8221; align=&#8221;center&#8221; link=&#8221;url:mailto%3Aalexandres%40practical-thinking.com|||&#8221; css=&#8221;.vc_custom_1514309008342{padding-top: 25px !important;}&#8221;][\/vc_column][vc_column width=&#8221;3\/4&#8243;][vc_custom_heading text=&#8221;Alexandres Hoyos Espinoza, MBA, PfMP, PMP, CSM&#8221; font_container=&#8221;tag:h1|font_size:38|text_align:left|line_height:1.2&#8243; use_theme_fonts=&#8221;yes&#8221;][vc_column_text] Master, MBA Cat\u00f3lica Internacional Centrum (PER) &#8211; Escola de Maastricht of Management (HOL). Membro da ...","og_url":"https:\/\/www.practical-thinking.com\/pt-br\/teams\/alexandres-hoyos\/","og_site_name":"Practical Thinking","article_publisher":"https:\/\/www.facebook.com\/PracticalThinking","article_modified_time":"2017-12-26T17:24:21+00:00","twitter_card":"summary_large_image","twitter_site":"@PTG_Oficial","twitter_misc":{"Est. tempo de leitura":"1 minuto"},"schema":{"@context":"https:\/\/schema.org","@graph":[{"@type":"WebPage","@id":"https:\/\/www.practical-thinking.com\/pt-br\/teams\/alexandres-hoyos\/","url":"https:\/\/www.practical-thinking.com\/pt-br\/teams\/alexandres-hoyos\/","name":"Alexandres Hoyos Espinoza, MBA, PfMP, PMP, CSM - Practical Thinking","isPartOf":{"@id":"https:\/\/www.practical-thinking.com\/#website"},"datePublished":"2017-07-31T04:59:57+00:00","dateModified":"2017-12-26T17:24:21+00:00","breadcrumb":{"@id":"https:\/\/www.practical-thinking.com\/pt-br\/teams\/alexandres-hoyos\/#breadcrumb"},"inLanguage":"pt-BR","potentialAction":[{"@type":"ReadAction","target":["https:\/\/www.practical-thinking.com\/pt-br\/teams\/alexandres-hoyos\/"]}]},{"@type":"BreadcrumbList","@id":"https:\/\/www.practical-thinking.com\/pt-br\/teams\/alexandres-hoyos\/#breadcrumb","itemListElement":[{"@type":"ListItem","position":1,"name":"Home","item":"https:\/\/www.practical-thinking.com\/pt-br\/"},{"@type":"ListItem","position":2,"name":"Teams","item":"https:\/\/www.practical-thinking.com\/pt-br\/teams\/"},{"@type":"ListItem","position":3,"name":"Alexandres Hoyos Espinoza, MBA, PfMP, PMP, CSM"}]},{"@type":"WebSite","@id":"https:\/\/www.practical-thinking.com\/#website","url":"https:\/\/www.practical-thinking.com\/","name":"Practical Thinking","description":"Practical Thinking","publisher":{"@id":"https:\/\/www.practical-thinking.com\/#organization"},"potentialAction":[{"@type":"SearchAction","target":{"@type":"EntryPoint","urlTemplate":"https:\/\/www.practical-thinking.com\/?s={search_term_string}"},"query-input":{"@type":"PropertyValueSpecification","valueRequired":true,"valueName":"search_term_string"}}],"inLanguage":"pt-BR"},{"@type":"Organization","@id":"https:\/\/www.practical-thinking.com\/#organization","name":"Practical Thinking Group","url":"https:\/\/www.practical-thinking.com\/","logo":{"@type":"ImageObject","inLanguage":"pt-BR","@id":"https:\/\/www.practical-thinking.com\/#\/schema\/logo\/image\/","url":"https:\/\/www.practical-thinking.com\/wp-content\/uploads\/2017\/05\/Isologo-Practical-Thinking-e1494926435134.png","contentUrl":"https:\/\/www.practical-thinking.com\/wp-content\/uploads\/2017\/05\/Isologo-Practical-Thinking-e1494926435134.png","width":189,"height":80,"caption":"Practical Thinking Group"},"image":{"@id":"https:\/\/www.practical-thinking.com\/#\/schema\/logo\/image\/"},"sameAs":["https:\/\/www.facebook.com\/PracticalThinking","https:\/\/x.com\/PTG_Oficial","https:\/\/www.linkedin.com\/company\/3642040\/","https:\/\/www.youtube.com\/channel\/UC49XiWLz4vKODd6qabxHbpg?view_as=subscriber"]}]}},"_links":{"self":[{"href":"https:\/\/www.practical-thinking.com\/pt-br\/wp-json\/wp\/v2\/pages\/2750","targetHints":{"allow":["GET"]}}],"collection":[{"href":"https:\/\/www.practical-thinking.com\/pt-br\/wp-json\/wp\/v2\/pages"}],"about":[{"href":"https:\/\/www.practical-thinking.com\/pt-br\/wp-json\/wp\/v2\/types\/page"}],"author":[{"embeddable":true,"href":"https:\/\/www.practical-thinking.com\/pt-br\/wp-json\/wp\/v2\/users\/2"}],"replies":[{"embeddable":true,"href":"https:\/\/www.practical-thinking.com\/pt-br\/wp-json\/wp\/v2\/comments?post=2750"}],"version-history":[{"count":2,"href":"https:\/\/www.practical-thinking.com\/pt-br\/wp-json\/wp\/v2\/pages\/2750\/revisions"}],"predecessor-version":[{"id":2755,"href":"https:\/\/www.practical-thinking.com\/pt-br\/wp-json\/wp\/v2\/pages\/2750\/revisions\/2755"}],"up":[{"embeddable":true,"href":"https:\/\/www.practical-thinking.com\/pt-br\/wp-json\/wp\/v2\/pages\/1855"}],"wp:attachment":[{"href":"https:\/\/www.practical-thinking.com\/pt-br\/wp-json\/wp\/v2\/media?parent=2750"}],"curies":[{"name":"wp","href":"https:\/\/api.w.org\/{rel}","templated":true}]}}