{"id":2744,"date":"2017-07-31T04:59:21","date_gmt":"2017-07-31T04:59:21","guid":{"rendered":"https:\/\/www.practical-thinking.com\/teams\/alejandra-salas\/"},"modified":"2017-12-26T17:16:48","modified_gmt":"2017-12-26T17:16:48","slug":"alejandra-salas","status":"publish","type":"page","link":"https:\/\/www.practical-thinking.com\/pt-br\/teams\/alejandra-salas\/","title":{"rendered":"Alejandra Salas Maga\u00f1a, MDF"},"content":{"rendered":"<div class=\"wpb-content-wrapper\"><p>[vc_row el_class=&#8221;team_single&#8221;][vc_column width=&#8221;1\/4&#8243;][vc_single_image image=&#8221;1728&#8243; img_size=&#8221;full&#8221; alignment=&#8221;center&#8221;][vc_btn title=&#8221;Contatar por e-mail&#8221; color=&#8221;warning&#8221; align=&#8221;center&#8221; link=&#8221;url:mailto%3Aalejandra%40practical-thinking.com|||&#8221; css=&#8221;.vc_custom_1514308603738{padding-top: 25px !important;}&#8221;][\/vc_column][vc_column width=&#8221;3\/4&#8243;][vc_custom_heading text=&#8221;Alejandra Salas Maga\u00f1a, MDF&#8221; font_container=&#8221;tag:h1|font_size:38|text_align:left|line_height:1.2&#8243; use_theme_fonts=&#8221;yes&#8221;][vc_column_text]<\/p>\n<div id=\"content\" class=\"span8 right right\" data-motopress-type=\"loop\" data-motopress-loop-file=\"loop\/loop-single-team.php\">\n<div id=\"post-2717\" class=\"post post-2717 team type-team status-publish has-post-thumbnail hentry\">\n<article class=\"team-holder single-post\">\n<div class=\"team-content post-content\">\n<p>Engenheira de Administra\u00e7\u00e3o de Sistemas com Mestrado em Gest\u00e3o Financeira, 17 anos de experi\u00eancia em Gerenciamento de Projetos, especialista na concep\u00e7\u00e3o e implementa\u00e7\u00e3o de processos de neg\u00f3cios atrav\u00e9s de trabalho em equipe e habilidade para obter o melhor desempenho.<\/p>\n<p>Com muita\u00a0experiencia em Gerenciamento de Projetos, Implanta\u00e7\u00e3o de PMOS e Gest\u00e3o da Qualidade, Processos de Neg\u00f3cios e Mudan\u00e7a Organizacional j\u00e1 trabalhou em empresas l\u00edderes de consultoria no mercado latino-americano como um gerente de projeto e respons\u00e1vel pelo sistema de qualidade CMMI e Gerente de PMO para uma empresa de telecomunica\u00e7\u00f5es e transporte no M\u00e9xico.<\/p>\n<p>Al\u00e9m disso, tem feito consultorias\u00a0sobre temas de sua especialidade para organiza\u00e7\u00f5es de v\u00e1rios tamanhos nas \u00e1reas de Recursos Humanos, constru\u00e7\u00e3o, marketing, vendas, desenvolvimento de software, Finan\u00e7as, Transportes e Telecomunica\u00e7\u00f5es, entre outros<\/p>\n<p>Atualmente Alejandra \u00e9 Diretora Executiva de\u00a0Practical Thinking\u00a0M\u00e9xico, ensina Gest\u00e3o de Projetos em algumas universidades da regi\u00e3o, \u00e9 um conferencista internacional sobre temas de especializa\u00e7\u00e3o e n\u00edvel volunt\u00e1rio \u00e9 parte do cap\u00edtulo conselho de PMI Nuevo Leon como Vice-Presidente de Volunt\u00e1rios.<\/p>\n<p><strong>Idiomas:<\/strong><\/p>\n<ul>\n<li>Espanhol<\/li>\n<li>Ingl\u00eas<\/li>\n<li>Portugu\u00eas<\/li>\n<\/ul>\n<\/div>\n<\/article>\n<\/div>\n<\/div>\n<p>[\/vc_column_text][\/vc_column][\/vc_row]<\/p>\n<\/div>","protected":false},"excerpt":{"rendered":"<p>[vc_row el_class=&#8221;team_single&#8221;][vc_column width=&#8221;1\/4&#8243;][vc_single_image image=&#8221;1728&#8243; img_size=&#8221;full&#8221; alignment=&#8221;center&#8221;][vc_btn title=&#8221;Contatar por e-mail&#8221; color=&#8221;warning&#8221; align=&#8221;center&#8221; link=&#8221;url:mailto%3Aalejandra%40practical-thinking.com|||&#8221; css=&#8221;.vc_custom_1514308603738{padding-top: 25px !important;}&#8221;][\/vc_column][vc_column width=&#8221;3\/4&#8243;][vc_custom_heading text=&#8221;Alejandra Salas Maga\u00f1a, MDF&#8221; font_container=&#8221;tag:h1|font_size:38|text_align:left|line_height:1.2&#8243; use_theme_fonts=&#8221;yes&#8221;][vc_column_text] Engenheira de Administra\u00e7\u00e3o de Sistemas com Mestrado em Gest\u00e3o Financeira, 17 anos de experi\u00eancia em Gerenciamento de Projetos, &#8230;<\/p>\n","protected":false},"author":2,"featured_media":0,"parent":1855,"menu_order":0,"comment_status":"closed","ping_status":"closed","template":"","meta":{"content-type":"","footnotes":""},"class_list":["post-2744","page","type-page","status-publish","hentry"],"yoast_head":"<!-- This site is optimized with the Yoast SEO plugin v24.2 - https:\/\/yoast.com\/wordpress\/plugins\/seo\/ -->\n<title>Alejandra Salas Maga\u00f1a, MDF - Practical Thinking<\/title>\n<meta name=\"robots\" content=\"index, follow, max-snippet:-1, max-image-preview:large, max-video-preview:-1\" \/>\n<link rel=\"canonical\" href=\"https:\/\/www.practical-thinking.com\/pt-br\/teams\/alejandra-salas\/\" \/>\n<meta property=\"og:locale\" content=\"pt_BR\" \/>\n<meta property=\"og:type\" content=\"article\" \/>\n<meta property=\"og:title\" content=\"Alejandra Salas Maga\u00f1a, MDF - Practical Thinking\" \/>\n<meta property=\"og:description\" content=\"[vc_row el_class=&#8221;team_single&#8221;][vc_column width=&#8221;1\/4&#8243;][vc_single_image image=&#8221;1728&#8243; img_size=&#8221;full&#8221; alignment=&#8221;center&#8221;][vc_btn title=&#8221;Contatar por e-mail&#8221; color=&#8221;warning&#8221; align=&#8221;center&#8221; link=&#8221;url:mailto%3Aalejandra%40practical-thinking.com|||&#8221; css=&#8221;.vc_custom_1514308603738{padding-top: 25px !important;}&#8221;][\/vc_column][vc_column width=&#8221;3\/4&#8243;][vc_custom_heading text=&#8221;Alejandra Salas Maga\u00f1a, MDF&#8221; font_container=&#8221;tag:h1|font_size:38|text_align:left|line_height:1.2&#8243; use_theme_fonts=&#8221;yes&#8221;][vc_column_text] Engenheira de Administra\u00e7\u00e3o de Sistemas com Mestrado em Gest\u00e3o Financeira, 17 anos de experi\u00eancia em Gerenciamento de Projetos, ...\" \/>\n<meta property=\"og:url\" content=\"https:\/\/www.practical-thinking.com\/pt-br\/teams\/alejandra-salas\/\" \/>\n<meta property=\"og:site_name\" content=\"Practical Thinking\" \/>\n<meta property=\"article:publisher\" content=\"https:\/\/www.facebook.com\/PracticalThinking\" \/>\n<meta property=\"article:modified_time\" content=\"2017-12-26T17:16:48+00:00\" \/>\n<meta name=\"twitter:card\" content=\"summary_large_image\" \/>\n<meta name=\"twitter:site\" content=\"@PTG_Oficial\" \/>\n<meta name=\"twitter:label1\" content=\"Est. tempo de leitura\" \/>\n\t<meta name=\"twitter:data1\" content=\"1 minuto\" \/>\n<script type=\"application\/ld+json\" class=\"yoast-schema-graph\">{\"@context\":\"https:\/\/schema.org\",\"@graph\":[{\"@type\":\"WebPage\",\"@id\":\"https:\/\/www.practical-thinking.com\/pt-br\/teams\/alejandra-salas\/\",\"url\":\"https:\/\/www.practical-thinking.com\/pt-br\/teams\/alejandra-salas\/\",\"name\":\"Alejandra Salas Maga\u00f1a, MDF - Practical Thinking\",\"isPartOf\":{\"@id\":\"https:\/\/www.practical-thinking.com\/#website\"},\"datePublished\":\"2017-07-31T04:59:21+00:00\",\"dateModified\":\"2017-12-26T17:16:48+00:00\",\"breadcrumb\":{\"@id\":\"https:\/\/www.practical-thinking.com\/pt-br\/teams\/alejandra-salas\/#breadcrumb\"},\"inLanguage\":\"pt-BR\",\"potentialAction\":[{\"@type\":\"ReadAction\",\"target\":[\"https:\/\/www.practical-thinking.com\/pt-br\/teams\/alejandra-salas\/\"]}]},{\"@type\":\"BreadcrumbList\",\"@id\":\"https:\/\/www.practical-thinking.com\/pt-br\/teams\/alejandra-salas\/#breadcrumb\",\"itemListElement\":[{\"@type\":\"ListItem\",\"position\":1,\"name\":\"Home\",\"item\":\"https:\/\/www.practical-thinking.com\/pt-br\/\"},{\"@type\":\"ListItem\",\"position\":2,\"name\":\"Teams\",\"item\":\"https:\/\/www.practical-thinking.com\/pt-br\/teams\/\"},{\"@type\":\"ListItem\",\"position\":3,\"name\":\"Alejandra Salas Maga\u00f1a, MDF\"}]},{\"@type\":\"WebSite\",\"@id\":\"https:\/\/www.practical-thinking.com\/#website\",\"url\":\"https:\/\/www.practical-thinking.com\/\",\"name\":\"Practical Thinking\",\"description\":\"Practical Thinking\",\"publisher\":{\"@id\":\"https:\/\/www.practical-thinking.com\/#organization\"},\"potentialAction\":[{\"@type\":\"SearchAction\",\"target\":{\"@type\":\"EntryPoint\",\"urlTemplate\":\"https:\/\/www.practical-thinking.com\/?s={search_term_string}\"},\"query-input\":{\"@type\":\"PropertyValueSpecification\",\"valueRequired\":true,\"valueName\":\"search_term_string\"}}],\"inLanguage\":\"pt-BR\"},{\"@type\":\"Organization\",\"@id\":\"https:\/\/www.practical-thinking.com\/#organization\",\"name\":\"Practical Thinking Group\",\"url\":\"https:\/\/www.practical-thinking.com\/\",\"logo\":{\"@type\":\"ImageObject\",\"inLanguage\":\"pt-BR\",\"@id\":\"https:\/\/www.practical-thinking.com\/#\/schema\/logo\/image\/\",\"url\":\"https:\/\/www.practical-thinking.com\/wp-content\/uploads\/2017\/05\/Isologo-Practical-Thinking-e1494926435134.png\",\"contentUrl\":\"https:\/\/www.practical-thinking.com\/wp-content\/uploads\/2017\/05\/Isologo-Practical-Thinking-e1494926435134.png\",\"width\":189,\"height\":80,\"caption\":\"Practical Thinking Group\"},\"image\":{\"@id\":\"https:\/\/www.practical-thinking.com\/#\/schema\/logo\/image\/\"},\"sameAs\":[\"https:\/\/www.facebook.com\/PracticalThinking\",\"https:\/\/x.com\/PTG_Oficial\",\"https:\/\/www.linkedin.com\/company\/3642040\/\",\"https:\/\/www.youtube.com\/channel\/UC49XiWLz4vKODd6qabxHbpg?view_as=subscriber\"]}]}<\/script>\n<!-- \/ Yoast SEO plugin. -->","yoast_head_json":{"title":"Alejandra Salas Maga\u00f1a, MDF - Practical Thinking","robots":{"index":"index","follow":"follow","max-snippet":"max-snippet:-1","max-image-preview":"max-image-preview:large","max-video-preview":"max-video-preview:-1"},"canonical":"https:\/\/www.practical-thinking.com\/pt-br\/teams\/alejandra-salas\/","og_locale":"pt_BR","og_type":"article","og_title":"Alejandra Salas Maga\u00f1a, MDF - Practical Thinking","og_description":"[vc_row el_class=&#8221;team_single&#8221;][vc_column width=&#8221;1\/4&#8243;][vc_single_image image=&#8221;1728&#8243; img_size=&#8221;full&#8221; alignment=&#8221;center&#8221;][vc_btn title=&#8221;Contatar por e-mail&#8221; color=&#8221;warning&#8221; align=&#8221;center&#8221; link=&#8221;url:mailto%3Aalejandra%40practical-thinking.com|||&#8221; css=&#8221;.vc_custom_1514308603738{padding-top: 25px !important;}&#8221;][\/vc_column][vc_column width=&#8221;3\/4&#8243;][vc_custom_heading text=&#8221;Alejandra Salas Maga\u00f1a, MDF&#8221; font_container=&#8221;tag:h1|font_size:38|text_align:left|line_height:1.2&#8243; use_theme_fonts=&#8221;yes&#8221;][vc_column_text] Engenheira de Administra\u00e7\u00e3o de Sistemas com Mestrado em Gest\u00e3o Financeira, 17 anos de experi\u00eancia em Gerenciamento de Projetos, ...","og_url":"https:\/\/www.practical-thinking.com\/pt-br\/teams\/alejandra-salas\/","og_site_name":"Practical Thinking","article_publisher":"https:\/\/www.facebook.com\/PracticalThinking","article_modified_time":"2017-12-26T17:16:48+00:00","twitter_card":"summary_large_image","twitter_site":"@PTG_Oficial","twitter_misc":{"Est. tempo de leitura":"1 minuto"},"schema":{"@context":"https:\/\/schema.org","@graph":[{"@type":"WebPage","@id":"https:\/\/www.practical-thinking.com\/pt-br\/teams\/alejandra-salas\/","url":"https:\/\/www.practical-thinking.com\/pt-br\/teams\/alejandra-salas\/","name":"Alejandra Salas Maga\u00f1a, MDF - Practical Thinking","isPartOf":{"@id":"https:\/\/www.practical-thinking.com\/#website"},"datePublished":"2017-07-31T04:59:21+00:00","dateModified":"2017-12-26T17:16:48+00:00","breadcrumb":{"@id":"https:\/\/www.practical-thinking.com\/pt-br\/teams\/alejandra-salas\/#breadcrumb"},"inLanguage":"pt-BR","potentialAction":[{"@type":"ReadAction","target":["https:\/\/www.practical-thinking.com\/pt-br\/teams\/alejandra-salas\/"]}]},{"@type":"BreadcrumbList","@id":"https:\/\/www.practical-thinking.com\/pt-br\/teams\/alejandra-salas\/#breadcrumb","itemListElement":[{"@type":"ListItem","position":1,"name":"Home","item":"https:\/\/www.practical-thinking.com\/pt-br\/"},{"@type":"ListItem","position":2,"name":"Teams","item":"https:\/\/www.practical-thinking.com\/pt-br\/teams\/"},{"@type":"ListItem","position":3,"name":"Alejandra Salas Maga\u00f1a, MDF"}]},{"@type":"WebSite","@id":"https:\/\/www.practical-thinking.com\/#website","url":"https:\/\/www.practical-thinking.com\/","name":"Practical Thinking","description":"Practical Thinking","publisher":{"@id":"https:\/\/www.practical-thinking.com\/#organization"},"potentialAction":[{"@type":"SearchAction","target":{"@type":"EntryPoint","urlTemplate":"https:\/\/www.practical-thinking.com\/?s={search_term_string}"},"query-input":{"@type":"PropertyValueSpecification","valueRequired":true,"valueName":"search_term_string"}}],"inLanguage":"pt-BR"},{"@type":"Organization","@id":"https:\/\/www.practical-thinking.com\/#organization","name":"Practical Thinking Group","url":"https:\/\/www.practical-thinking.com\/","logo":{"@type":"ImageObject","inLanguage":"pt-BR","@id":"https:\/\/www.practical-thinking.com\/#\/schema\/logo\/image\/","url":"https:\/\/www.practical-thinking.com\/wp-content\/uploads\/2017\/05\/Isologo-Practical-Thinking-e1494926435134.png","contentUrl":"https:\/\/www.practical-thinking.com\/wp-content\/uploads\/2017\/05\/Isologo-Practical-Thinking-e1494926435134.png","width":189,"height":80,"caption":"Practical Thinking Group"},"image":{"@id":"https:\/\/www.practical-thinking.com\/#\/schema\/logo\/image\/"},"sameAs":["https:\/\/www.facebook.com\/PracticalThinking","https:\/\/x.com\/PTG_Oficial","https:\/\/www.linkedin.com\/company\/3642040\/","https:\/\/www.youtube.com\/channel\/UC49XiWLz4vKODd6qabxHbpg?view_as=subscriber"]}]}},"_links":{"self":[{"href":"https:\/\/www.practical-thinking.com\/pt-br\/wp-json\/wp\/v2\/pages\/2744","targetHints":{"allow":["GET"]}}],"collection":[{"href":"https:\/\/www.practical-thinking.com\/pt-br\/wp-json\/wp\/v2\/pages"}],"about":[{"href":"https:\/\/www.practical-thinking.com\/pt-br\/wp-json\/wp\/v2\/types\/page"}],"author":[{"embeddable":true,"href":"https:\/\/www.practical-thinking.com\/pt-br\/wp-json\/wp\/v2\/users\/2"}],"replies":[{"embeddable":true,"href":"https:\/\/www.practical-thinking.com\/pt-br\/wp-json\/wp\/v2\/comments?post=2744"}],"version-history":[{"count":1,"href":"https:\/\/www.practical-thinking.com\/pt-br\/wp-json\/wp\/v2\/pages\/2744\/revisions"}],"predecessor-version":[{"id":2745,"href":"https:\/\/www.practical-thinking.com\/pt-br\/wp-json\/wp\/v2\/pages\/2744\/revisions\/2745"}],"up":[{"embeddable":true,"href":"https:\/\/www.practical-thinking.com\/pt-br\/wp-json\/wp\/v2\/pages\/1855"}],"wp:attachment":[{"href":"https:\/\/www.practical-thinking.com\/pt-br\/wp-json\/wp\/v2\/media?parent=2744"}],"curies":[{"name":"wp","href":"https:\/\/api.w.org\/{rel}","templated":true}]}}