{"id":2072,"date":"2017-02-21T05:01:39","date_gmt":"2017-02-21T05:01:39","guid":{"rendered":"https:\/\/www.practical-thinking.com\/servicios\/"},"modified":"2018-01-03T17:31:13","modified_gmt":"2018-01-03T17:31:13","slug":"servicos","status":"publish","type":"page","link":"https:\/\/www.practical-thinking.com\/pt-br\/servicos\/","title":{"rendered":"Servi\u00e7os"},"content":{"rendered":"<div class=\"wpb-content-wrapper\"><p>[vc_row full_width=&#8221;stretch_row_content_no_spaces&#8221; css=&#8221;.vc_custom_1515000667811{background-image: url(https:\/\/www.practical-thinking.com\/wp-content\/uploads\/2017\/02\/Website_Servicios-Header.png?id=3091) !important;}&#8221; el_class=&#8221;page_header&#8221;][vc_column 0=&#8221;&#8221;][vc_custom_heading text=&#8221;Servi\u00e7os&#8221; font_container=&#8221;tag:h1|font_size:38|text_align:center|line_height:1.2&#8243; use_theme_fonts=&#8221;yes&#8221; css=&#8221;.vc_custom_1514910441216{padding-top: 60px !important;padding-bottom: 60px !important;}&#8221;][\/vc_column][\/vc_row][vc_row el_class=&#8221;service-section-1&#8243; el_id=&#8221;extraSpace&#8221;][vc_column width=&#8221;1\/6&#8243;][\/vc_column][vc_column width=&#8221;2\/3&#8243; el_class=&#8221;no_padding&#8221;][vc_column_text 0=&#8221;&#8221;]PTx \u00e9 uma metodologia do Pratical Thinking Group, composta por 4 fases padr\u00e3o: Prepara\u00e7\u00e3o, Execu\u00e7\u00e3o, Plano de A\u00e7\u00e3o e Implementa\u00e7\u00e3o e que busca:[\/vc_column_text][icon_list icon_type=&#8221;fontawesome&#8221; icon_fontawesome=&#8221;fa fa-circle-o&#8221; color=&#8221;#f39b44&#8243; extra_class=&#8221;m0 ptg_iconlist&#8221; list=&#8221;%5B%7B%22item%22%3A%22Compreender%20o%20problema%20do%20cliente%20de%20forma%20integral%20(que%20vai%20da%20estrat%C3%A9gia%20%C3%A0%20execu%C3%A7%C3%A3o)%22%7D%2C%7B%22item%22%3A%22Criar%20uma%20solu%C3%A7%C3%A3o%20personalizada%20que%20combine%20nossas%20seis%20%C3%A1reas%20de%20especializa%C3%A7%C3%A3o%20em%20habilidades%20estrat%C3%A9gicas%2C%20t%C3%A9cnicas%20e%20interpessoais%22%7D%2C%7B%22item%22%3A%22Combinar%20diferentes%20tipos%20de%20servi%C3%A7o%20(consultoria%2C%20treinamento%20%2F%20workshops%2C%20mentoring%20e%20confer%C3%AAncias)%22%7D%2C%7B%22item%22%3A%22Oferecer%20um%20plano%20de%20a%C3%A7%C3%A3o%20concreto%2C%20orientado%20para%20Quick%20Hits%20que%20o%20cliente%20pode%20realizar%20de%20forma%20independente%22%7D%2C%7B%22item%22%3A%22Assegurar%20a%20sustentabilidade%20do%20plano%20no%20futuro%20atrav%C3%A9s%20de%20a%C3%A7%C3%B5es%20durante%20a%20implementa%C3%A7%C3%A3o%20para%20que%20o%20cliente%20seja%20independente%20e%20n%C3%A3o%20dependa%20de%20um%20consultor%22%7D%5D&#8221;][\/vc_column][vc_column width=&#8221;1\/6&#8243;][\/vc_column][\/vc_row][vc_row el_class=&#8221;image-map-container&#8221; el_id=&#8221;noSpace&#8221; css=&#8221;.vc_custom_1507895696629{padding-top: 0px !important;}&#8221;][vc_column el_class=&#8221;content_wrapper&#8221;][vc_column_text 0=&#8221;&#8221;]<div id=\"image-map-pro-2587\"><\/div>[\/vc_column_text][\/vc_column][\/vc_row][vc_row bg_type=&#8221;bg_color&#8221; bg_override=&#8221;ex-full&#8221; el_id=&#8221;madurez_section&#8221; bg_color_value=&#8221;#ebf1f6&#8243;][vc_column 0=&#8221;&#8221;][vc_custom_heading text=&#8221;Maturidade Organizacional&#8221; font_container=&#8221;tag:h2|font_size:36|text_align:left|line_height:1.2&#8243; use_theme_fonts=&#8221;yes&#8221;][vc_column_text 0=&#8221;&#8221;]Avaliamos a capacidade atual e futura da organiza\u00e7\u00e3o para alcan\u00e7ar a excel\u00eancia na Gest\u00e3o Organizacional de Projetos (projetos, programas e portfolios). N\u00f3s planejamos &#8211; a partir dessa avalia\u00e7\u00e3o &#8211; os planos de melhoria necess\u00e1rios com impactos tang\u00edveis no curto, m\u00e9dio e longo prazo que apoiem a agilidade organizacional com efici\u00eancia e efic\u00e1cia.[\/vc_column_text][con_button color=&#8221;#020202&#8243; extra_class=&#8221;home_cta&#8221; conbutton=&#8221;url:%23noSpace|title:Voltar||&#8221;][\/vc_column][\/vc_row][vc_row el_id=&#8221;alineamiento_section&#8221;][vc_column 0=&#8221;&#8221;][vc_custom_heading text=&#8221;Alinhamento Estrat\u00e9gico&#8221; font_container=&#8221;tag:h2|font_size:36|text_align:left|line_height:1.2&#8243; use_theme_fonts=&#8221;yes&#8221;][vc_column_text 0=&#8221;&#8221;]Apoiamos as organiza\u00e7\u00f5es a vincular sua estrat\u00e9gia, execu\u00e7\u00e3o e a obten\u00e7\u00e3o de benef\u00edcios atrav\u00e9s do alinhamento do portf\u00f3lio de projetos e garantimos que ele se torne uma compet\u00eancia chave que funciona de forma sustent\u00e1vel.[\/vc_column_text][con_button color=&#8221;#020202&#8243; extra_class=&#8221;home_cta&#8221; conbutton=&#8221;url:%23noSpace|title:Voltar||&#8221;][\/vc_column][\/vc_row][vc_row bg_type=&#8221;bg_color&#8221; bg_override=&#8221;ex-full&#8221; el_id=&#8221;cultura_section&#8221; bg_color_value=&#8221;#ebf1f6&#8243;][vc_column 0=&#8221;&#8221;][vc_custom_heading text=&#8221;Cultura Organizacional e Gest\u00e3o da Mudan\u00e7a&#8221; font_container=&#8221;tag:h2|font_size:36|text_align:left|line_height:1.2&#8243; use_theme_fonts=&#8221;yes&#8221;][vc_column_text 0=&#8221;&#8221;]Facilitamos processos de transforma\u00e7\u00e3o e fortalecimento da cultura organizacional com ferramentas pr\u00e1ticas para alcan\u00e7ar uma mudan\u00e7a no comportamento organizacional associado aos valores e estrat\u00e9gia do projeto ou da empresa. Apoiamos transforma\u00e7\u00f5es estrat\u00e9gicas na organiza\u00e7\u00e3o que precisem de ado\u00e7\u00e3o da mudan\u00e7a, compromisso e integra\u00e7\u00e3o optimizada em equipes para obter benef\u00edcios tang\u00edveis.[\/vc_column_text][con_button color=&#8221;#020202&#8243; extra_class=&#8221;home_cta&#8221; conbutton=&#8221;url:%23noSpace|title:Voltar||&#8221;][\/vc_column][\/vc_row][vc_row el_id=&#8221;gestion_section&#8221;][vc_column 0=&#8221;&#8221;][vc_custom_heading text=&#8221;Comunica\u00e7\u00e3o e Gerenciamento de Conflitos&#8221; font_container=&#8221;tag:h2|font_size:36|text_align:left|line_height:1.2&#8243; use_theme_fonts=&#8221;yes&#8221;][vc_column_text 0=&#8221;&#8221;]Fornecemos ferramentas e habilidades interpessoais, tanto \u00e0 n\u00edvel individual como grupal para melhorar a comunica\u00e7\u00e3o e reduzir conflitos desnecess\u00e1rios em diferentes n\u00edveis da organiza\u00e7\u00e3o &#8211; estrat\u00e9gica, t\u00e1tica e operacional &#8211; usando como base a Teoria de Conscientiza\u00e7\u00e3o de Relacionamento e modelos de lideran\u00e7a estrat\u00e9gica.[\/vc_column_text][con_button color=&#8221;#020202&#8243; extra_class=&#8221;home_cta&#8221; conbutton=&#8221;url:%23noSpace|title:Voltar||&#8221;][\/vc_column][\/vc_row][vc_row bg_type=&#8221;bg_color&#8221; bg_override=&#8221;ex-full&#8221; el_id=&#8221;rescate_section&#8221; bg_color_value=&#8221;#ebf1f6&#8243;][vc_column 0=&#8221;&#8221;][vc_custom_heading text=&#8221;Desenho\/Redesenho do PMO&#8221; font_container=&#8221;tag:h2|font_size:36|text_align:left|line_height:1.2&#8243; use_theme_fonts=&#8221;yes&#8221;][vc_column_text 0=&#8221;&#8221;]Definimos os servi\u00e7os, processos, pap\u00e9is, indicadores e ROI do Escrit\u00f3rio de Projeto (PMO) novos ou existentes para garantir que sejam efetivos, que estejam apropriados para a maturidade organizacional e est\u00e3o alinhados aos benef\u00edcios que a organiza\u00e7\u00e3o est\u00e1 buscando em um n\u00edvel estrat\u00e9gico e t\u00e1tico e operacional para alcan\u00e7ar o m\u00e1ximo de valor.[\/vc_column_text][con_button color=&#8221;#020202&#8243; extra_class=&#8221;home_cta&#8221; conbutton=&#8221;url:%23noSpace|title:Voltar||&#8221;][\/vc_column][\/vc_row][vc_row el_id=&#8221;diseno_section&#8221;][vc_column 0=&#8221;&#8221;][vc_custom_heading text=&#8221;Recupera\u00e7\u00e3o de Projetos&#8221; font_container=&#8221;tag:h2|font_size:36|text_align:left|line_height:1.2&#8243; use_theme_fonts=&#8221;yes&#8221;][vc_column_text 0=&#8221;&#8221;]Diagnosticamos projetos e programas em crise (aqueles que n\u00e3o est\u00e3o cumprindo seus objetivos ou que n\u00e3o alcan\u00e7ar\u00e3o os benef\u00edcios propostos); identificando poss\u00edveis solu\u00e7\u00f5es de recupera\u00e7\u00e3o em aspectos t\u00e9cnicos e interpessoais, criando planos de a\u00e7\u00e3o realistas, concretos e obtendo um uso efetivo das li\u00e7\u00f5es aprendidas com esse tipo de situa\u00e7\u00f5es, ao mesmo tempo em que realinhamos o projeto com a estrat\u00e9gia organizacional.[\/vc_column_text][con_button color=&#8221;#020202&#8243; extra_class=&#8221;home_cta&#8221; conbutton=&#8221;url:%23noSpace|title:Voltar||&#8221;][\/vc_column][\/vc_row][vc_row full_width=&#8221;stretch_row&#8221; content_placement=&#8221;middle&#8221; css=&#8221;.vc_custom_1507358331262{padding-bottom: 0px !important;background-color: #1c242a !important;}&#8221; el_class=&#8221;no_padding service-section-4&#8243;][vc_column width=&#8221;5\/12&#8243;]<div class=\"ult-spacer spacer-69e9c6f1a840a\" data-id=\"69e9c6f1a840a\" data-height=\"60\" data-height-mobile=\"60\" data-height-tab=\"60\" data-height-tab-portrait=\"\" data-height-mobile-landscape=\"\" style=\"clear:both;display:block;\"><\/div>[vc_single_image image=&#8221;2628&#8243; img_size=&#8221;medium&#8221; alignment=&#8221;center&#8221; css=&#8221;.vc_custom_1513612977731{margin-bottom: 0px !important;padding-bottom: 0px !important;}&#8221;][\/vc_column][vc_column width=&#8221;1\/2&#8243; css=&#8221;.vc_custom_1487571170303{margin-top: 20px !important;margin-bottom: 50px !important;}&#8221;]<div class=\"ult-spacer spacer-69e9c6f1a8420\" data-id=\"69e9c6f1a8420\" data-height=\"60\" data-height-mobile=\"60\" data-height-tab=\"60\" data-height-tab-portrait=\"\" data-height-mobile-landscape=\"\" style=\"clear:both;display:block;\"><\/div>[testimonial_carousel group=&#8221;%5B%7B%22name%22%3A%22Paul%20Bode%22%2C%22position%22%3A%22%20Director%20Regional%20das%20Americas%20-%20ChildFund%20International%22%2C%22body%22%3A%22Practical%20Thinking%20facilitou%20nosso%20processo%20de%20aprendizagem%20em%20uma%20mudan%C3%A7a%20muito%20importante%20que%20implementamos%20na%20regi%C3%A3o.%20Eles%20fizeram%20todo%20o%20poss%C3%ADvel%20para%20obter%20uma%20boa%20compreens%C3%A3o%20da%20organiza%C3%A7%C3%A3o%20e%20do%20nosso%20processo%20de%20mudan%C3%A7a%2C%20preparando%20uma%20pesquisa%20e%20entrevistando%20as%20partes%20interessadas%20dentro%20de%20um%20per%C3%ADodo%20de%20tempo%20muito%20apertado.%20Eles%20usaram%20isso%20para%20projetar%20e%20oferecer%20um%20f%C3%B3rum%20de%20aprendizagem%20din%C3%A2mico%20e%20participativo%20em%20que%20desenvolvemos%20boas%20recomenda%C3%A7%C3%B5es%20para%20o%20processo%20de%20mudan%C3%A7a%20na%20regi%C3%A3o%20e%20para%20a%20organiza%C3%A7%C3%A3o%20em%20geral%2C%20que%20foram%20%C3%BAteis%20%C3%A0%20medida%20que%20avan%C3%A7%C3%A1vamos.%22%2C%22imageposition%22%3A%22left%22%2C%22textalign%22%3A%22uk-text-left%22%2C%22starrate%22%3A%220%22%2C%22quotestyle%22%3A%220%22%7D%5D&#8221; extra_class=&#8221;text-light p0 mb0 home_testimonial&#8221;][\/vc_column][vc_column width=&#8221;1\/12&#8243;][\/vc_column][\/vc_row][vc_row full_width=&#8221;stretch_row&#8221; el_class=&#8221;testimonial_sec no_quotes&#8221;][vc_column width=&#8221;3\/4&#8243;][vc_custom_heading text=&#8221;Solicite sua proposta agora!&#8221; font_container=&#8221;tag:h2|font_size:36|text_align:left|line_height:1.2&#8243; use_theme_fonts=&#8221;yes&#8221;][vc_column_text css=&#8221;.vc_custom_1514911023765{margin-top: -10px !important;margin-bottom: 17px !important;}&#8221;]Temos a solu\u00e7\u00e3o personalizada para sua \u00e1rea e\/ou empresa que combinar\u00e1 consultoria, treinamento\/workshops, mentoring e\/ou confer\u00eancias que conectam os aspectos estrat\u00e9gicos, t\u00e9cnicos e interpessoais.[\/vc_column_text][\/vc_column][vc_column width=&#8221;1\/4&#8243;][con_button alignment=&#8221;right&#8221; color=&#8221;#020202&#8243; extra_class=&#8221;home_cta&#8221; conbutton=&#8221;url:https%3A%2F%2Fwww.practical-thinking.com%2Fpt-br%2Fcontate-nos%2F|title:Solicite%20agora!||&#8221;][\/vc_column][\/vc_row]<\/p>\n<\/div>","protected":false},"excerpt":{"rendered":"<p>[vc_row full_width=&#8221;stretch_row_content_no_spaces&#8221; css=&#8221;.vc_custom_1515000667811{background-image: url(https:\/\/www.practical-thinking.com\/wp-content\/uploads\/2017\/02\/Website_Servicios-Header.png?id=3091) !important;}&#8221; el_class=&#8221;page_header&#8221;][vc_column 0=&#8221;&#8221;][vc_custom_heading text=&#8221;Servi\u00e7os&#8221; font_container=&#8221;tag:h1|font_size:38|text_align:center|line_height:1.2&#8243; use_theme_fonts=&#8221;yes&#8221; css=&#8221;.vc_custom_1514910441216{padding-top: 60px !important;padding-bottom: 60px !important;}&#8221;][\/vc_column][\/vc_row][vc_row el_class=&#8221;service-section-1&#8243; el_id=&#8221;extraSpace&#8221;][vc_column width=&#8221;1\/6&#8243;][\/vc_column][vc_column width=&#8221;2\/3&#8243; el_class=&#8221;no_padding&#8221;][vc_column_text 0=&#8221;&#8221;]PTx \u00e9 uma metodologia do Pratical Thinking Group, composta por 4 fases padr\u00e3o: Prepara\u00e7\u00e3o, Execu\u00e7\u00e3o, Plano de A\u00e7\u00e3o e Implementa\u00e7\u00e3o &#8230;<\/p>\n","protected":false},"author":1,"featured_media":0,"parent":0,"menu_order":0,"comment_status":"closed","ping_status":"closed","template":"","meta":{"content-type":"","footnotes":""},"class_list":["post-2072","page","type-page","status-publish","hentry"],"yoast_head":"<!-- This site is optimized with the Yoast SEO plugin v24.2 - https:\/\/yoast.com\/wordpress\/plugins\/seo\/ -->\n<title>Servi\u00e7os - Practical Thinking<\/title>\n<meta name=\"robots\" content=\"index, follow, max-snippet:-1, max-image-preview:large, max-video-preview:-1\" \/>\n<link rel=\"canonical\" href=\"https:\/\/www.practical-thinking.com\/pt-br\/servicos\/\" \/>\n<meta property=\"og:locale\" content=\"pt_BR\" \/>\n<meta property=\"og:type\" content=\"article\" \/>\n<meta property=\"og:title\" content=\"Servi\u00e7os - Practical Thinking\" \/>\n<meta property=\"og:description\" content=\"[vc_row full_width=&#8221;stretch_row_content_no_spaces&#8221; css=&#8221;.vc_custom_1515000667811{background-image: url(https:\/\/www.practical-thinking.com\/wp-content\/uploads\/2017\/02\/Website_Servicios-Header.png?id=3091) !important;}&#8221; el_class=&#8221;page_header&#8221;][vc_column 0=&#8221;&#8221;][vc_custom_heading text=&#8221;Servi\u00e7os&#8221; font_container=&#8221;tag:h1|font_size:38|text_align:center|line_height:1.2&#8243; use_theme_fonts=&#8221;yes&#8221; css=&#8221;.vc_custom_1514910441216{padding-top: 60px !important;padding-bottom: 60px !important;}&#8221;][\/vc_column][\/vc_row][vc_row el_class=&#8221;service-section-1&#8243; el_id=&#8221;extraSpace&#8221;][vc_column width=&#8221;1\/6&#8243;][\/vc_column][vc_column width=&#8221;2\/3&#8243; el_class=&#8221;no_padding&#8221;][vc_column_text 0=&#8221;&#8221;]PTx \u00e9 uma metodologia do Pratical Thinking Group, composta por 4 fases padr\u00e3o: Prepara\u00e7\u00e3o, Execu\u00e7\u00e3o, Plano de A\u00e7\u00e3o e Implementa\u00e7\u00e3o ...\" \/>\n<meta property=\"og:url\" content=\"https:\/\/www.practical-thinking.com\/pt-br\/servicos\/\" \/>\n<meta property=\"og:site_name\" content=\"Practical Thinking\" \/>\n<meta property=\"article:publisher\" content=\"https:\/\/www.facebook.com\/PracticalThinking\" \/>\n<meta property=\"article:modified_time\" content=\"2018-01-03T17:31:13+00:00\" \/>\n<meta name=\"twitter:card\" content=\"summary_large_image\" \/>\n<meta name=\"twitter:site\" content=\"@PTG_Oficial\" \/>\n<meta name=\"twitter:label1\" content=\"Est. tempo de leitura\" \/>\n\t<meta name=\"twitter:data1\" content=\"7 minutos\" \/>\n<script type=\"application\/ld+json\" class=\"yoast-schema-graph\">{\"@context\":\"https:\/\/schema.org\",\"@graph\":[{\"@type\":\"WebPage\",\"@id\":\"https:\/\/www.practical-thinking.com\/pt-br\/servicos\/\",\"url\":\"https:\/\/www.practical-thinking.com\/pt-br\/servicos\/\",\"name\":\"Servi\u00e7os - Practical Thinking\",\"isPartOf\":{\"@id\":\"https:\/\/www.practical-thinking.com\/#website\"},\"datePublished\":\"2017-02-21T05:01:39+00:00\",\"dateModified\":\"2018-01-03T17:31:13+00:00\",\"breadcrumb\":{\"@id\":\"https:\/\/www.practical-thinking.com\/pt-br\/servicos\/#breadcrumb\"},\"inLanguage\":\"pt-BR\",\"potentialAction\":[{\"@type\":\"ReadAction\",\"target\":[\"https:\/\/www.practical-thinking.com\/pt-br\/servicos\/\"]}]},{\"@type\":\"BreadcrumbList\",\"@id\":\"https:\/\/www.practical-thinking.com\/pt-br\/servicos\/#breadcrumb\",\"itemListElement\":[{\"@type\":\"ListItem\",\"position\":1,\"name\":\"Home\",\"item\":\"https:\/\/www.practical-thinking.com\/pt-br\/\"},{\"@type\":\"ListItem\",\"position\":2,\"name\":\"Servi\u00e7os\"}]},{\"@type\":\"WebSite\",\"@id\":\"https:\/\/www.practical-thinking.com\/#website\",\"url\":\"https:\/\/www.practical-thinking.com\/\",\"name\":\"Practical Thinking\",\"description\":\"Practical Thinking\",\"publisher\":{\"@id\":\"https:\/\/www.practical-thinking.com\/#organization\"},\"potentialAction\":[{\"@type\":\"SearchAction\",\"target\":{\"@type\":\"EntryPoint\",\"urlTemplate\":\"https:\/\/www.practical-thinking.com\/?s={search_term_string}\"},\"query-input\":{\"@type\":\"PropertyValueSpecification\",\"valueRequired\":true,\"valueName\":\"search_term_string\"}}],\"inLanguage\":\"pt-BR\"},{\"@type\":\"Organization\",\"@id\":\"https:\/\/www.practical-thinking.com\/#organization\",\"name\":\"Practical Thinking Group\",\"url\":\"https:\/\/www.practical-thinking.com\/\",\"logo\":{\"@type\":\"ImageObject\",\"inLanguage\":\"pt-BR\",\"@id\":\"https:\/\/www.practical-thinking.com\/#\/schema\/logo\/image\/\",\"url\":\"https:\/\/www.practical-thinking.com\/wp-content\/uploads\/2017\/05\/Isologo-Practical-Thinking-e1494926435134.png\",\"contentUrl\":\"https:\/\/www.practical-thinking.com\/wp-content\/uploads\/2017\/05\/Isologo-Practical-Thinking-e1494926435134.png\",\"width\":189,\"height\":80,\"caption\":\"Practical Thinking Group\"},\"image\":{\"@id\":\"https:\/\/www.practical-thinking.com\/#\/schema\/logo\/image\/\"},\"sameAs\":[\"https:\/\/www.facebook.com\/PracticalThinking\",\"https:\/\/x.com\/PTG_Oficial\",\"https:\/\/www.linkedin.com\/company\/3642040\/\",\"https:\/\/www.youtube.com\/channel\/UC49XiWLz4vKODd6qabxHbpg?view_as=subscriber\"]}]}<\/script>\n<!-- \/ Yoast SEO plugin. -->","yoast_head_json":{"title":"Servi\u00e7os - Practical Thinking","robots":{"index":"index","follow":"follow","max-snippet":"max-snippet:-1","max-image-preview":"max-image-preview:large","max-video-preview":"max-video-preview:-1"},"canonical":"https:\/\/www.practical-thinking.com\/pt-br\/servicos\/","og_locale":"pt_BR","og_type":"article","og_title":"Servi\u00e7os - Practical Thinking","og_description":"[vc_row full_width=&#8221;stretch_row_content_no_spaces&#8221; css=&#8221;.vc_custom_1515000667811{background-image: url(https:\/\/www.practical-thinking.com\/wp-content\/uploads\/2017\/02\/Website_Servicios-Header.png?id=3091) !important;}&#8221; el_class=&#8221;page_header&#8221;][vc_column 0=&#8221;&#8221;][vc_custom_heading text=&#8221;Servi\u00e7os&#8221; font_container=&#8221;tag:h1|font_size:38|text_align:center|line_height:1.2&#8243; use_theme_fonts=&#8221;yes&#8221; css=&#8221;.vc_custom_1514910441216{padding-top: 60px !important;padding-bottom: 60px !important;}&#8221;][\/vc_column][\/vc_row][vc_row el_class=&#8221;service-section-1&#8243; el_id=&#8221;extraSpace&#8221;][vc_column width=&#8221;1\/6&#8243;][\/vc_column][vc_column width=&#8221;2\/3&#8243; el_class=&#8221;no_padding&#8221;][vc_column_text 0=&#8221;&#8221;]PTx \u00e9 uma metodologia do Pratical Thinking Group, composta por 4 fases padr\u00e3o: Prepara\u00e7\u00e3o, Execu\u00e7\u00e3o, Plano de A\u00e7\u00e3o e Implementa\u00e7\u00e3o ...","og_url":"https:\/\/www.practical-thinking.com\/pt-br\/servicos\/","og_site_name":"Practical Thinking","article_publisher":"https:\/\/www.facebook.com\/PracticalThinking","article_modified_time":"2018-01-03T17:31:13+00:00","twitter_card":"summary_large_image","twitter_site":"@PTG_Oficial","twitter_misc":{"Est. tempo de leitura":"7 minutos"},"schema":{"@context":"https:\/\/schema.org","@graph":[{"@type":"WebPage","@id":"https:\/\/www.practical-thinking.com\/pt-br\/servicos\/","url":"https:\/\/www.practical-thinking.com\/pt-br\/servicos\/","name":"Servi\u00e7os - Practical Thinking","isPartOf":{"@id":"https:\/\/www.practical-thinking.com\/#website"},"datePublished":"2017-02-21T05:01:39+00:00","dateModified":"2018-01-03T17:31:13+00:00","breadcrumb":{"@id":"https:\/\/www.practical-thinking.com\/pt-br\/servicos\/#breadcrumb"},"inLanguage":"pt-BR","potentialAction":[{"@type":"ReadAction","target":["https:\/\/www.practical-thinking.com\/pt-br\/servicos\/"]}]},{"@type":"BreadcrumbList","@id":"https:\/\/www.practical-thinking.com\/pt-br\/servicos\/#breadcrumb","itemListElement":[{"@type":"ListItem","position":1,"name":"Home","item":"https:\/\/www.practical-thinking.com\/pt-br\/"},{"@type":"ListItem","position":2,"name":"Servi\u00e7os"}]},{"@type":"WebSite","@id":"https:\/\/www.practical-thinking.com\/#website","url":"https:\/\/www.practical-thinking.com\/","name":"Practical Thinking","description":"Practical Thinking","publisher":{"@id":"https:\/\/www.practical-thinking.com\/#organization"},"potentialAction":[{"@type":"SearchAction","target":{"@type":"EntryPoint","urlTemplate":"https:\/\/www.practical-thinking.com\/?s={search_term_string}"},"query-input":{"@type":"PropertyValueSpecification","valueRequired":true,"valueName":"search_term_string"}}],"inLanguage":"pt-BR"},{"@type":"Organization","@id":"https:\/\/www.practical-thinking.com\/#organization","name":"Practical Thinking Group","url":"https:\/\/www.practical-thinking.com\/","logo":{"@type":"ImageObject","inLanguage":"pt-BR","@id":"https:\/\/www.practical-thinking.com\/#\/schema\/logo\/image\/","url":"https:\/\/www.practical-thinking.com\/wp-content\/uploads\/2017\/05\/Isologo-Practical-Thinking-e1494926435134.png","contentUrl":"https:\/\/www.practical-thinking.com\/wp-content\/uploads\/2017\/05\/Isologo-Practical-Thinking-e1494926435134.png","width":189,"height":80,"caption":"Practical Thinking Group"},"image":{"@id":"https:\/\/www.practical-thinking.com\/#\/schema\/logo\/image\/"},"sameAs":["https:\/\/www.facebook.com\/PracticalThinking","https:\/\/x.com\/PTG_Oficial","https:\/\/www.linkedin.com\/company\/3642040\/","https:\/\/www.youtube.com\/channel\/UC49XiWLz4vKODd6qabxHbpg?view_as=subscriber"]}]}},"_links":{"self":[{"href":"https:\/\/www.practical-thinking.com\/pt-br\/wp-json\/wp\/v2\/pages\/2072","targetHints":{"allow":["GET"]}}],"collection":[{"href":"https:\/\/www.practical-thinking.com\/pt-br\/wp-json\/wp\/v2\/pages"}],"about":[{"href":"https:\/\/www.practical-thinking.com\/pt-br\/wp-json\/wp\/v2\/types\/page"}],"author":[{"embeddable":true,"href":"https:\/\/www.practical-thinking.com\/pt-br\/wp-json\/wp\/v2\/users\/1"}],"replies":[{"embeddable":true,"href":"https:\/\/www.practical-thinking.com\/pt-br\/wp-json\/wp\/v2\/comments?post=2072"}],"version-history":[{"count":19,"href":"https:\/\/www.practical-thinking.com\/pt-br\/wp-json\/wp\/v2\/pages\/2072\/revisions"}],"predecessor-version":[{"id":3094,"href":"https:\/\/www.practical-thinking.com\/pt-br\/wp-json\/wp\/v2\/pages\/2072\/revisions\/3094"}],"wp:attachment":[{"href":"https:\/\/www.practical-thinking.com\/pt-br\/wp-json\/wp\/v2\/media?parent=2072"}],"curies":[{"name":"wp","href":"https:\/\/api.w.org\/{rel}","templated":true}]}}