{"id":2063,"date":"2017-08-01T07:00:23","date_gmt":"2017-08-01T07:00:23","guid":{"rendered":"https:\/\/www.practical-thinking.com\/1763-2\/"},"modified":"2018-04-16T11:52:30","modified_gmt":"2018-04-16T11:52:30","slug":"1763-2","status":"publish","type":"page","link":"https:\/\/www.practical-thinking.com\/pt-br\/","title":{"rendered":"In\u00edcio"},"content":{"rendered":"<div class=\"wpb-content-wrapper\"><p>[vc_row full_width=&#8221;stretch_row_content&#8221; el_class=&#8221;banner-top&#8221;][vc_column][vc_column_text]<\/p>\n<p style=\"text-align: center; font-size: 18px;\">Combinamos nossas \u00e1reas de experi\u00eancia em habilidades estrat\u00e9gicas, t\u00e9cnicas e interpessoais para oferecer um plano de a\u00e7\u00e3o concreto que apoie nossos clientes, desde a estrat\u00e9gia at\u00e9 a execu\u00e7\u00e3o, garantindo a futura sustentabilidade do plano e deixando o cliente independente de uma empresa de consultoria.<\/p>\n<p>[\/vc_column_text][\/vc_column][\/vc_row][vc_row full_width=&#8221;stretch_row_content_no_spaces&#8221; el_class=&#8221;no_padding banner-bottom home-image&#8221;][vc_column][vc_single_image image=&#8221;2580&#8243; img_size=&#8221;1100&#215;1138&#8243; onclick=&#8221;custom_link&#8221; link=&#8221;https:\/\/www.practical-thinking.com\/servicios\/&#8221;][\/vc_column][\/vc_row][vc_row el_class=&#8221;home_page section_2&#8243; css=&#8221;.vc_custom_1507203444286{padding-bottom: 5px !important;}&#8221;][vc_column width=&#8221;1\/6&#8243;][\/vc_column][vc_column width=&#8221;2\/3&#8243; el_class=&#8221;no_padding&#8221; css=&#8221;.vc_custom_1507203328926{padding-bottom: 0px !important;}&#8221;][vc_custom_heading text=&#8221;Experi\u00eancia de Pensamento Pr\u00e1tico&#8221; font_container=&#8221;tag:h1|font_size:38|text_align:center|line_height:1.2&#8243; use_theme_fonts=&#8221;yes&#8221;][vc_column_text]PTx \u00e9 uma metodologia pr\u00f3pria do Practical Thinking Group, composta por 4 fases padr\u00f5es: Prepara\u00e7\u00e3o, Execu\u00e7\u00e3o, Plano de A\u00e7\u00e3o e Implementa\u00e7\u00e3o e que busca:[\/vc_column_text][icon_list icon_type=&#8221;fontawesome&#8221; icon_fontawesome=&#8221;fa fa-circle-o&#8221; color=&#8221;#f39b44&#8243; extra_class=&#8221;m0 ptg_iconlist&#8221; list=&#8221;%5B%7B%22item%22%3A%22Compreender%20o%20problema%20do%20cliente%20de%20forma%20integral%20(que%20vai%20desde%20a%20estrat%C3%A9gia%20%C3%A0%20execu%C3%A7%C3%A3o)%22%7D%2C%7B%22item%22%3A%22Criar%20uma%20solu%C3%A7%C3%A3o%20personalizada%20que%20combine%20nossas%20seis%20%C3%A1reas%20de%20especializa%C3%A7%C3%A3o%20em%20habilidades%20estrat%C3%A9gicas%2C%20t%C3%A9cnicas%20e%20interpessoais%22%7D%2C%7B%22item%22%3A%22Combinar%20diversos%20tipos%20de%20servi%C3%A7os%20(consultoria%2C%20treinamento%20%2F%20workshops%2C%20mentoring%20e%20confer%C3%AAncias)%22%7D%2C%7B%22item%22%3A%22Oferecer%20um%20plano%20de%20a%C3%A7%C3%A3o%20concreto%2C%20orientado%20aos%20Quick%20Hits%20que%20o%20cliente%20possa%20come%C3%A7ar%20a%20executar%20imediatamente%20%22%7D%2C%7B%22item%22%3A%22Garantir%20a%20sustentabilidade%20do%20plano%20no%20futuro%20atrav%C3%A9s%20de%20a%C3%A7%C3%B5es%20durante%20a%20implementa%C3%A7%C3%A3o%2C%20de%20modo%20que%20o%20cliente%20seja%20independente%20e%20n%C3%A3o%20dependa%20de%20uma%20consultoria%22%7D%5D&#8221;][con_button alignment=&#8221;center&#8221; color=&#8221;#020202&#8243; conbutton=&#8221;url:https%3A%2F%2Fwww.practical-thinking.com%2Fpt-br%2Fservicos%2F|title:SAIBA%20MAIS||&#8221;][\/vc_column][vc_column width=&#8221;1\/6&#8243;][\/vc_column][\/vc_row][vc_row full_width=&#8221;stretch_row&#8221; css=&#8221;.vc_custom_1514908191057{margin-bottom: 0px !important;background-image: url(https:\/\/www.practical-thinking.com\/wp-content\/uploads\/2018\/01\/Website_Quienes-Somos.png?id=2955) !important;}&#8221; el_class=&#8221;service_section&#8221;][vc_column width=&#8221;1\/2&#8243;][\/vc_column][vc_column width=&#8221;1\/2&#8243;][vc_custom_heading text=&#8221;Sobre n\u00f3s&#8221; font_container=&#8221;tag:h2|font_size:36|text_align:left|line_height:1.2&#8243; use_theme_fonts=&#8221;yes&#8221;][vc_column_text]<span style=\"font-weight: 400;\">Em Practical Thinking Group usamos um modelo inovador e diferenciado onde ao inv\u00e9s de funcion\u00e1rios, somos um grupo formado por o que chamamos de Pensadores, profissionais com grande reconhecimento internacional e especializados em habilidades estrat\u00e9gicas, habilidades t\u00e9cnicas em gest\u00e3o organizacional de projetos e habilidades interpessoais.<\/span>[\/vc_column_text][con_button color=&#8221;#020202&#8243; conbutton=&#8221;url:https%3A%2F%2Fwww.practical-thinking.com%2Fpt-br%2Fabout%2F|title:Saiba%20Mais||&#8221;][\/vc_column][\/vc_row][vc_row full_width=&#8221;stretch_row&#8221; el_class=&#8221;service_section&#8221;][vc_column width=&#8221;1\/2&#8243; el_class=&#8221;swapModule1 &#8220;][vc_custom_heading text=&#8221;Eventos&#8221; font_container=&#8221;tag:h2|font_size:36|text_align:left|line_height:1.2&#8243; use_theme_fonts=&#8221;yes&#8221;][vc_column_text]<span style=\"font-weight: 400;\">Nossos eventos, workshops e palestras oferecem conhecimento em quest\u00f5es atuais, desafiam seu pensamento pr\u00e1tico e conectam voc\u00ea com outros profissionais que contribuem para o seu sucesso e crescimento profissional.<\/span>[\/vc_column_text][con_button color=&#8221;#020202&#8243; conbutton=&#8221;url:https%3A%2F%2Fwww.practical-thinking.com%2Fpt-br%2Feventos%2F|title:Saiba%20Mais||&#8221;][\/vc_column][vc_column width=&#8221;1\/2&#8243; el_class=&#8221; rounded-image swapModule2&#8243;][vc_single_image image=&#8221;2967&#8243; img_size=&#8221;full&#8221; alignment=&#8221;center&#8221;][\/vc_column][\/vc_row][vc_row full_width=&#8221;stretch_row&#8221; css=&#8221;.vc_custom_1496032955126{background-color: #ebf1f6 !important;}&#8221;][vc_column width=&#8221;1\/2&#8243;][vc_single_image image=&#8221;2970&#8243; img_size=&#8221;full&#8221;][\/vc_column][vc_column width=&#8221;1\/2&#8243; el_class=&#8221;right_content&#8221;][vc_custom_heading text=&#8221;Pensamentos&#8221; font_container=&#8221;tag:h2|font_size:36|text_align:left|line_height:1.2&#8243; use_theme_fonts=&#8221;yes&#8221;][vc_column_text]<span style=\"font-weight: 400;\">Como pensadores, conectamos tudo o que fazemos e aprendemos como pensadores com o que ouvimos de nossos clientes e do mercado e o capturamos atrav\u00e9s de artigos e ferramentas organizados pelas tr\u00eas \u00e1reas de habilidades e conhecimentos que enquadram nosso servi\u00e7o: estrat\u00e9gico, t\u00e9cnico e interpessoal.<\/span>[\/vc_column_text][vc_row_inner][vc_column_inner width=&#8221;1\/2&#8243;][con_button alignment=&#8221;center&#8221; color=&#8221;#020202&#8243; conbutton=&#8221;url:https%3A%2F%2Fwww.practical-thinking.com%2Fpt-br%2Fpensamentos%2F|title:Pensamentos||&#8221;][\/vc_column_inner][vc_column_inner width=&#8221;1\/2&#8243;][con_button alignment=&#8221;center&#8221; color=&#8221;#020202&#8243; conbutton=&#8221;url:https%3A%2F%2Fwww.practical-thinking.com%2Fpt-br%2Flibrary%2Frecursos%2F|title:Recursos||&#8221;][\/vc_column_inner][\/vc_row_inner][\/vc_column][\/vc_row][vc_row full_width=&#8221;stretch_row&#8221; el_class=&#8221;testimonial_sec&#8221;][vc_column width=&#8221;3\/4&#8243;][vc_custom_heading text=&#8221;N\u00f3s podemos te ajudar!&#8221; font_container=&#8221;tag:h2|font_size:36|text_align:left|line_height:1.2&#8243; use_theme_fonts=&#8221;yes&#8221;][vc_column_text]&#8221;Quando a realidade entra pela porta, o plano se joga pela janela&#8221;. Contribuir para a agilidade organizacional, exige entender como dar valor real em pouco tempo em quanto misturamos experi\u00eancia, conhecimento, teoria e pr\u00e1tica da maneira correta.[\/vc_column_text][\/vc_column][vc_column width=&#8221;1\/4&#8243;][con_button alignment=&#8221;right&#8221; color=&#8221;#020202&#8243; extra_class=&#8221;home_cta&#8221; conbutton=&#8221;url:https%3A%2F%2Fwww.practical-thinking.com%2Fpt-br%2Fcontate-nos%2F|title:Entre%20em%20contato||&#8221;][\/vc_column][\/vc_row]<\/p>\n<\/div>","protected":false},"excerpt":{"rendered":"<p>[vc_row full_width=&#8221;stretch_row_content&#8221; el_class=&#8221;banner-top&#8221;][vc_column][vc_column_text] Combinamos nossas \u00e1reas de experi\u00eancia em habilidades estrat\u00e9gicas, t\u00e9cnicas e interpessoais para oferecer um plano de a\u00e7\u00e3o concreto que apoie nossos clientes, desde a estrat\u00e9gia at\u00e9 a execu\u00e7\u00e3o, garantindo a futura sustentabilidade do plano e deixando o &#8230;<\/p>\n","protected":false},"author":1,"featured_media":0,"parent":0,"menu_order":0,"comment_status":"closed","ping_status":"closed","template":"","meta":{"content-type":"","footnotes":""},"class_list":["post-2063","page","type-page","status-publish","hentry"],"yoast_head":"<!-- This site is optimized with the Yoast SEO plugin v24.2 - https:\/\/yoast.com\/wordpress\/plugins\/seo\/ -->\n<title>In\u00edcio - Practical Thinking<\/title>\n<meta name=\"robots\" content=\"index, follow, max-snippet:-1, max-image-preview:large, max-video-preview:-1\" \/>\n<link rel=\"canonical\" href=\"https:\/\/www.practical-thinking.com\/pt-br\/\" \/>\n<meta property=\"og:locale\" content=\"pt_BR\" \/>\n<meta property=\"og:type\" content=\"article\" \/>\n<meta property=\"og:title\" content=\"In\u00edcio - Practical Thinking\" \/>\n<meta property=\"og:description\" content=\"[vc_row full_width=&#8221;stretch_row_content&#8221; el_class=&#8221;banner-top&#8221;][vc_column][vc_column_text] Combinamos nossas \u00e1reas de experi\u00eancia em habilidades estrat\u00e9gicas, t\u00e9cnicas e interpessoais para oferecer um plano de a\u00e7\u00e3o concreto que apoie nossos clientes, desde a estrat\u00e9gia at\u00e9 a execu\u00e7\u00e3o, garantindo a futura sustentabilidade do plano e deixando o ...\" \/>\n<meta property=\"og:url\" content=\"https:\/\/www.practical-thinking.com\/pt-br\/\" \/>\n<meta property=\"og:site_name\" content=\"Practical Thinking\" \/>\n<meta property=\"article:publisher\" content=\"https:\/\/www.facebook.com\/PracticalThinking\" \/>\n<meta property=\"article:modified_time\" content=\"2018-04-16T11:52:30+00:00\" \/>\n<meta name=\"twitter:card\" content=\"summary_large_image\" \/>\n<meta name=\"twitter:site\" content=\"@PTG_Oficial\" \/>\n<meta name=\"twitter:label1\" content=\"Est. tempo de leitura\" \/>\n\t<meta name=\"twitter:data1\" content=\"5 minutos\" \/>\n<script type=\"application\/ld+json\" class=\"yoast-schema-graph\">{\"@context\":\"https:\/\/schema.org\",\"@graph\":[{\"@type\":\"WebPage\",\"@id\":\"https:\/\/www.practical-thinking.com\/pt-br\/\",\"url\":\"https:\/\/www.practical-thinking.com\/pt-br\/\",\"name\":\"In\u00edcio - Practical Thinking\",\"isPartOf\":{\"@id\":\"https:\/\/www.practical-thinking.com\/#website\"},\"datePublished\":\"2017-08-01T07:00:23+00:00\",\"dateModified\":\"2018-04-16T11:52:30+00:00\",\"breadcrumb\":{\"@id\":\"https:\/\/www.practical-thinking.com\/pt-br\/#breadcrumb\"},\"inLanguage\":\"pt-BR\",\"potentialAction\":[{\"@type\":\"ReadAction\",\"target\":[\"https:\/\/www.practical-thinking.com\/pt-br\/\"]}]},{\"@type\":\"BreadcrumbList\",\"@id\":\"https:\/\/www.practical-thinking.com\/pt-br\/#breadcrumb\",\"itemListElement\":[{\"@type\":\"ListItem\",\"position\":1,\"name\":\"Home\",\"item\":\"https:\/\/www.practical-thinking.com\/pt-br\/\"},{\"@type\":\"ListItem\",\"position\":2,\"name\":\"In\u00edcio\"}]},{\"@type\":\"WebSite\",\"@id\":\"https:\/\/www.practical-thinking.com\/#website\",\"url\":\"https:\/\/www.practical-thinking.com\/\",\"name\":\"Practical Thinking\",\"description\":\"Practical Thinking\",\"publisher\":{\"@id\":\"https:\/\/www.practical-thinking.com\/#organization\"},\"potentialAction\":[{\"@type\":\"SearchAction\",\"target\":{\"@type\":\"EntryPoint\",\"urlTemplate\":\"https:\/\/www.practical-thinking.com\/?s={search_term_string}\"},\"query-input\":{\"@type\":\"PropertyValueSpecification\",\"valueRequired\":true,\"valueName\":\"search_term_string\"}}],\"inLanguage\":\"pt-BR\"},{\"@type\":\"Organization\",\"@id\":\"https:\/\/www.practical-thinking.com\/#organization\",\"name\":\"Practical Thinking Group\",\"url\":\"https:\/\/www.practical-thinking.com\/\",\"logo\":{\"@type\":\"ImageObject\",\"inLanguage\":\"pt-BR\",\"@id\":\"https:\/\/www.practical-thinking.com\/#\/schema\/logo\/image\/\",\"url\":\"https:\/\/www.practical-thinking.com\/wp-content\/uploads\/2017\/05\/Isologo-Practical-Thinking-e1494926435134.png\",\"contentUrl\":\"https:\/\/www.practical-thinking.com\/wp-content\/uploads\/2017\/05\/Isologo-Practical-Thinking-e1494926435134.png\",\"width\":189,\"height\":80,\"caption\":\"Practical Thinking Group\"},\"image\":{\"@id\":\"https:\/\/www.practical-thinking.com\/#\/schema\/logo\/image\/\"},\"sameAs\":[\"https:\/\/www.facebook.com\/PracticalThinking\",\"https:\/\/x.com\/PTG_Oficial\",\"https:\/\/www.linkedin.com\/company\/3642040\/\",\"https:\/\/www.youtube.com\/channel\/UC49XiWLz4vKODd6qabxHbpg?view_as=subscriber\"]}]}<\/script>\n<!-- \/ Yoast SEO plugin. -->","yoast_head_json":{"title":"In\u00edcio - Practical Thinking","robots":{"index":"index","follow":"follow","max-snippet":"max-snippet:-1","max-image-preview":"max-image-preview:large","max-video-preview":"max-video-preview:-1"},"canonical":"https:\/\/www.practical-thinking.com\/pt-br\/","og_locale":"pt_BR","og_type":"article","og_title":"In\u00edcio - Practical Thinking","og_description":"[vc_row full_width=&#8221;stretch_row_content&#8221; el_class=&#8221;banner-top&#8221;][vc_column][vc_column_text] Combinamos nossas \u00e1reas de experi\u00eancia em habilidades estrat\u00e9gicas, t\u00e9cnicas e interpessoais para oferecer um plano de a\u00e7\u00e3o concreto que apoie nossos clientes, desde a estrat\u00e9gia at\u00e9 a execu\u00e7\u00e3o, garantindo a futura sustentabilidade do plano e deixando o ...","og_url":"https:\/\/www.practical-thinking.com\/pt-br\/","og_site_name":"Practical Thinking","article_publisher":"https:\/\/www.facebook.com\/PracticalThinking","article_modified_time":"2018-04-16T11:52:30+00:00","twitter_card":"summary_large_image","twitter_site":"@PTG_Oficial","twitter_misc":{"Est. tempo de leitura":"5 minutos"},"schema":{"@context":"https:\/\/schema.org","@graph":[{"@type":"WebPage","@id":"https:\/\/www.practical-thinking.com\/pt-br\/","url":"https:\/\/www.practical-thinking.com\/pt-br\/","name":"In\u00edcio - Practical Thinking","isPartOf":{"@id":"https:\/\/www.practical-thinking.com\/#website"},"datePublished":"2017-08-01T07:00:23+00:00","dateModified":"2018-04-16T11:52:30+00:00","breadcrumb":{"@id":"https:\/\/www.practical-thinking.com\/pt-br\/#breadcrumb"},"inLanguage":"pt-BR","potentialAction":[{"@type":"ReadAction","target":["https:\/\/www.practical-thinking.com\/pt-br\/"]}]},{"@type":"BreadcrumbList","@id":"https:\/\/www.practical-thinking.com\/pt-br\/#breadcrumb","itemListElement":[{"@type":"ListItem","position":1,"name":"Home","item":"https:\/\/www.practical-thinking.com\/pt-br\/"},{"@type":"ListItem","position":2,"name":"In\u00edcio"}]},{"@type":"WebSite","@id":"https:\/\/www.practical-thinking.com\/#website","url":"https:\/\/www.practical-thinking.com\/","name":"Practical Thinking","description":"Practical Thinking","publisher":{"@id":"https:\/\/www.practical-thinking.com\/#organization"},"potentialAction":[{"@type":"SearchAction","target":{"@type":"EntryPoint","urlTemplate":"https:\/\/www.practical-thinking.com\/?s={search_term_string}"},"query-input":{"@type":"PropertyValueSpecification","valueRequired":true,"valueName":"search_term_string"}}],"inLanguage":"pt-BR"},{"@type":"Organization","@id":"https:\/\/www.practical-thinking.com\/#organization","name":"Practical Thinking Group","url":"https:\/\/www.practical-thinking.com\/","logo":{"@type":"ImageObject","inLanguage":"pt-BR","@id":"https:\/\/www.practical-thinking.com\/#\/schema\/logo\/image\/","url":"https:\/\/www.practical-thinking.com\/wp-content\/uploads\/2017\/05\/Isologo-Practical-Thinking-e1494926435134.png","contentUrl":"https:\/\/www.practical-thinking.com\/wp-content\/uploads\/2017\/05\/Isologo-Practical-Thinking-e1494926435134.png","width":189,"height":80,"caption":"Practical Thinking Group"},"image":{"@id":"https:\/\/www.practical-thinking.com\/#\/schema\/logo\/image\/"},"sameAs":["https:\/\/www.facebook.com\/PracticalThinking","https:\/\/x.com\/PTG_Oficial","https:\/\/www.linkedin.com\/company\/3642040\/","https:\/\/www.youtube.com\/channel\/UC49XiWLz4vKODd6qabxHbpg?view_as=subscriber"]}]}},"_links":{"self":[{"href":"https:\/\/www.practical-thinking.com\/pt-br\/wp-json\/wp\/v2\/pages\/2063","targetHints":{"allow":["GET"]}}],"collection":[{"href":"https:\/\/www.practical-thinking.com\/pt-br\/wp-json\/wp\/v2\/pages"}],"about":[{"href":"https:\/\/www.practical-thinking.com\/pt-br\/wp-json\/wp\/v2\/types\/page"}],"author":[{"embeddable":true,"href":"https:\/\/www.practical-thinking.com\/pt-br\/wp-json\/wp\/v2\/users\/1"}],"replies":[{"embeddable":true,"href":"https:\/\/www.practical-thinking.com\/pt-br\/wp-json\/wp\/v2\/comments?post=2063"}],"version-history":[{"count":23,"href":"https:\/\/www.practical-thinking.com\/pt-br\/wp-json\/wp\/v2\/pages\/2063\/revisions"}],"predecessor-version":[{"id":3424,"href":"https:\/\/www.practical-thinking.com\/pt-br\/wp-json\/wp\/v2\/pages\/2063\/revisions\/3424"}],"wp:attachment":[{"href":"https:\/\/www.practical-thinking.com\/pt-br\/wp-json\/wp\/v2\/media?parent=2063"}],"curies":[{"name":"wp","href":"https:\/\/api.w.org\/{rel}","templated":true}]}}