{"id":2015,"date":"2017-05-17T06:53:51","date_gmt":"2017-05-17T06:53:51","guid":{"rendered":"https:\/\/www.practical-thinking.com\/resources\/"},"modified":"2018-01-03T19:09:13","modified_gmt":"2018-01-03T19:09:13","slug":"recursos","status":"publish","type":"page","link":"https:\/\/www.practical-thinking.com\/pt-br\/library\/recursos\/","title":{"rendered":"Recursos"},"content":{"rendered":"<div class=\"wpb-content-wrapper\"><p>[vc_row full_width=&#8221;stretch_row_content_no_spaces&#8221; css=&#8221;.vc_custom_1514907176937{background-image: url(https:\/\/www.practical-thinking.com\/wp-content\/uploads\/2018\/01\/Website_Recursos-Header-1.png?id=3003) !important;}&#8221; el_class=&#8221;page_header&#8221;][vc_column 0=&#8221;&#8221;][vc_custom_heading text=&#8221;Recursos&#8221; font_container=&#8221;tag:h1|font_size:38|text_align:center|line_height:1.2&#8243; use_theme_fonts=&#8221;yes&#8221; css=&#8221;.vc_custom_1515006220647{padding-top: 60px !important;padding-bottom: 60px !important;}&#8221;][\/vc_column][\/vc_row][vc_row el_class=&#8221;align_center no_padding_bottom&#8221;][vc_column el_class=&#8221;content_wrapper&#8221;][vc_column_text 0=&#8221;&#8221;]N\u00f3s compartilhamos com voc\u00ea nossa experi\u00eancia, conhecimento e recursos em t\u00f3picos relacionados aos campos estrat\u00e9gico, t\u00e9cnico e interpessoal.<\/p>\n<p>Nesta se\u00e7\u00e3o, encontrar\u00e1 webinars, modelos, documentos de pesquisa, artigos, livros recomendados, entre outros, que agregem valor \u00e0 execu\u00e7\u00e3o de seu papel dentro da sua empresa.[\/vc_column_text][\/vc_column][\/vc_row][vc_row 0=&#8221;&#8221;][vc_column 0=&#8221;&#8221;]<div class=\"smile_icon_list_wrap ult_info_list_container ult-adjust-bottom-margin  \"><ul class=\"smile_icon_list left square with_bg\"><li class=\"icon_list_item\" style=\" font-size:72px;\"><div class=\"icon_list_icon\" data-animation=\"\" data-animation-delay=\"03\" style=\"font-size:24px;border-width:1px;border-style:none;background:#ffffff;color:#333333;border-color:#333333;\"><i class=\"Defaults-file-word-o\" ><\/i><\/div><div class=\"icon_description\" id=\"Info-list-wrap-8418\" style=\"font-size:24px;\"><h3 class=\"ult-responsive info-list-heading\"  data-ultimate-target='#Info-list-wrap-8418 h3'  data-responsive-json-new='{\"font-size\":\"desktop:16px;\",\"line-height\":\"desktop:24px;\"}'  style=\"\">Recurso 1<\/h3><div class=\"icon_description_text ult-responsive\"  data-ultimate-target='#Info-list-wrap-8418 .icon_description_text'  data-responsive-json-new='{\"font-size\":\"desktop:13px;\",\"line-height\":\"desktop:18px;\"}'  style=\"\"><p>Lorem Ipsum is simply dummy text of the printing and typesetting industry. Lorem Ipsum has been the industry\u2019s standard dummy text ever since the 1500s, when an unknown printer took a galley of type and scrambled it to make a type specimen book. It has survived not only five centuries<\/p>\n<\/div><\/div><div class=\"icon_list_connector\"  style=\"border-right-width: 1px;border-right-style: dashed;border-color: #ffffff;\"><\/div><a class=\"ulimate-info-list-link\" href=\"https:\/\/www.practical-thinking.com\/library\/resources\/\" ><\/a><\/li><li class=\"icon_list_item\" style=\" font-size:72px;\"><div class=\"icon_list_icon\" data-animation=\"\" data-animation-delay=\"03\" style=\"font-size:24px;border-width:1px;border-style:none;background:#ffffff;color:#333333;border-color:#333333;\"><i class=\"Defaults-file-movie-o file-video-o\" ><\/i><\/div><div class=\"icon_description\" id=\"Info-list-wrap-1961\" style=\"font-size:24px;\"><h3 class=\"ult-responsive info-list-heading\"  data-ultimate-target='#Info-list-wrap-1961 h3'  data-responsive-json-new='{\"font-size\":\"desktop:16px;\",\"line-height\":\"desktop:24px;\"}'  style=\"\"><a href=\"https:\/\/www.practical-thinking.com\/library\/resources\/\" >Recurso 2<\/a><\/h3><div class=\"icon_description_text ult-responsive\"  data-ultimate-target='#Info-list-wrap-1961 .icon_description_text'  data-responsive-json-new='{\"font-size\":\"desktop:13px;\",\"line-height\":\"desktop:18px;\"}'  style=\"\"><p>Lorem Ipsum is simply dummy text of the printing and typesetting industry. Lorem Ipsum has been the industry\u2019s standard dummy text ever since the 1500s, when an unknown printer took a galley of type and scrambled it to make a type specimen book. It has survived not only five centuries<\/p>\n<\/div><\/div><div class=\"icon_list_connector\"  style=\"border-right-width: 1px;border-right-style: dashed;border-color: #ffffff;\"><\/div><\/li><li class=\"icon_list_item\" style=\" font-size:72px;\"><div class=\"icon_list_icon\" data-animation=\"\" data-animation-delay=\"03\" style=\"font-size:24px;border-width:1px;border-style:none;background:#ffffff;color:#333333;border-color:#333333;\"><i class=\"Defaults-file-pdf-o\" ><\/i><a class=\"ulimate-info-list-link\" href=\"https:\/\/www.practical-thinking.com\/library\/resources\/\" ><\/a><\/div><div class=\"icon_description\" id=\"Info-list-wrap-5071\" style=\"font-size:24px;\"><h3 class=\"ult-responsive info-list-heading\"  data-ultimate-target='#Info-list-wrap-5071 h3'  data-responsive-json-new='{\"font-size\":\"desktop:16px;\",\"line-height\":\"desktop:24px;\"}'  style=\"\">Recurso 3<\/h3><div class=\"icon_description_text ult-responsive\"  data-ultimate-target='#Info-list-wrap-5071 .icon_description_text'  data-responsive-json-new='{\"font-size\":\"desktop:13px;\",\"line-height\":\"desktop:18px;\"}'  style=\"\"><p>Lorem Ipsum is simply dummy text of the printing and typesetting industry. Lorem Ipsum has been the industry\u2019s standard dummy text ever since the 1500s, when an unknown printer took a galley of type and scrambled it to make a type specimen book. It has survived not only five centuries<\/p>\n<\/div><\/div><div class=\"icon_list_connector\"  style=\"border-right-width: 1px;border-right-style: dashed;border-color: #ffffff;\"><\/div><\/li><li class=\"icon_list_item\" style=\" font-size:72px;\"><div class=\"icon_list_icon\" data-animation=\"\" data-animation-delay=\"03\" style=\"font-size:24px;border-width:1px;border-style:none;background:#ffffff;color:#333333;border-color:#333333;\"><i class=\"Defaults-download\" ><\/i><\/div><div class=\"icon_description\" id=\"Info-list-wrap-1454\" style=\"font-size:24px;\"><h3 class=\"ult-responsive info-list-heading\"  data-ultimate-target='#Info-list-wrap-1454 h3'  data-responsive-json-new='{\"font-size\":\"desktop:16px;\",\"line-height\":\"desktop:24px;\"}'  style=\"\">Recurso 4<\/h3><div class=\"icon_description_text ult-responsive\"  data-ultimate-target='#Info-list-wrap-1454 .icon_description_text'  data-responsive-json-new='{\"font-size\":\"desktop:13px;\",\"line-height\":\"desktop:18px;\"}'  style=\"\"><p>Lorem Ipsum is simply dummy text of the printing and typesetting industry. Lorem Ipsum has been the industry\u2019s standard dummy text ever since the 1500s, when an unknown printer took a galley of type and scrambled it to make a type specimen book. It has survived not only five centuries<\/p>\n<\/div><\/div><div class=\"icon_list_connector\"  style=\"border-right-width: 1px;border-right-style: dashed;border-color: #ffffff;\"><\/div><\/li><\/ul><\/div>[\/vc_column][\/vc_row][vc_row disable_element=&#8221;yes&#8221; el_class=&#8221;resource_sec&#8221;][vc_column 0=&#8221;&#8221;][vc_row_inner 0=&#8221;&#8221;][vc_column_inner width=&#8221;4\/12&#8243;][vc_single_image image=&#8221;332&#8243; img_size=&#8221;full&#8221;][\/vc_column_inner][vc_column_inner width=&#8221;1\/12&#8243;][\/vc_column_inner][vc_column_inner el_class=&#8221;right_content&#8221; width=&#8221;7\/12&#8243;][vc_custom_heading text=&#8221;Resource Name&#8221; font_container=&#8221;tag:h1|text_align:left&#8221; use_theme_fonts=&#8221;yes&#8221;][vc_column_text 0=&#8221;&#8221;]Event Details Lorem Ipsum is simply dummy text of the printing and typesetting industry. Lorem Ipsum has been the industry\u2019s standard dummy text ever since the 1500s, when an unknown printer took a galley of type and scrambled it to make a type specimen book. It has survived not only five centuries[\/vc_column_text][con_button color=&#8221;#020202&#8243; conbutton=&#8221;url:%23|title:Download%20Resource||&#8221;][\/vc_column_inner][\/vc_row_inner][vc_row_inner 0=&#8221;&#8221;][vc_column_inner width=&#8221;4\/12&#8243;][vc_single_image image=&#8221;332&#8243; img_size=&#8221;full&#8221;][\/vc_column_inner][vc_column_inner width=&#8221;1\/12&#8243;][\/vc_column_inner][vc_column_inner el_class=&#8221;right_content&#8221; width=&#8221;7\/12&#8243;][vc_custom_heading text=&#8221;Resource Name&#8221; font_container=&#8221;tag:h1|text_align:left&#8221; use_theme_fonts=&#8221;yes&#8221;][vc_column_text 0=&#8221;&#8221;]Event Details Lorem Ipsum is simply dummy text of the printing and typesetting industry. Lorem Ipsum has been the industry\u2019s standard dummy text ever since the 1500s, when an unknown printer took a galley of type and scrambled it to make a type specimen book. It has survived not only five centuries[\/vc_column_text][con_button color=&#8221;#020202&#8243; conbutton=&#8221;url:%23|title:Download%20Resource||&#8221;][\/vc_column_inner][\/vc_row_inner][vc_row_inner 0=&#8221;&#8221;][vc_column_inner width=&#8221;4\/12&#8243;][vc_single_image image=&#8221;332&#8243; img_size=&#8221;full&#8221;][\/vc_column_inner][vc_column_inner width=&#8221;1\/12&#8243;][\/vc_column_inner][vc_column_inner el_class=&#8221;right_content&#8221; width=&#8221;7\/12&#8243;][vc_custom_heading text=&#8221;Resource Name&#8221; font_container=&#8221;tag:h1|text_align:left&#8221; use_theme_fonts=&#8221;yes&#8221;][vc_column_text 0=&#8221;&#8221;]Event Details Lorem Ipsum is simply dummy text of the printing and typesetting industry. Lorem Ipsum has been the industry\u2019s standard dummy text ever since the 1500s, when an unknown printer took a galley of type and scrambled it to make a type specimen book. It has survived not only five centuries[\/vc_column_text][con_button color=&#8221;#020202&#8243; conbutton=&#8221;url:%23|title:Download%20Resource||&#8221;][\/vc_column_inner][\/vc_row_inner][\/vc_column][\/vc_row][vc_row full_width=&#8221;stretch_row&#8221; el_class=&#8221;testimonial_sec no_quotes&#8221; css=&#8221;.vc_custom_1496148554605{background-color: #ebf1f6 !important;}&#8221;][vc_column width=&#8221;3\/4&#8243;][vc_custom_heading text=&#8221;Al\u00e9m das ferramentas&#8221; font_container=&#8221;tag:h2|font_size:36|text_align:left|line_height:1.2&#8243; use_theme_fonts=&#8221;yes&#8221;][vc_column_text css=&#8221;.vc_custom_1515006523178{margin-top: -10px !important;margin-bottom: 17px !important;}&#8221;]Temos a solu\u00e7\u00e3o personalizada para sua organiza\u00e7\u00e3o que combinar\u00e1 consultoria, treinamento \/ workshops, mentoring e \/ ou confer\u00eancias que conectam os aspectos estrat\u00e9gicos, t\u00e9cnicos e interpessoais.[\/vc_column_text][\/vc_column][vc_column width=&#8221;1\/4&#8243;][con_button alignment=&#8221;right&#8221; color=&#8221;#020202&#8243; extra_class=&#8221;home_cta resource_page_cta&#8221; conbutton=&#8221;url:https%3A%2F%2Fwww.practical-thinking.com%2Fpt-br%2Fcontate-nos%2F|title:Solicite%20sua%20proposta%20agora!||&#8221;][\/vc_column][\/vc_row]<\/p>\n<\/div>","protected":false},"excerpt":{"rendered":"<p>[vc_row full_width=&#8221;stretch_row_content_no_spaces&#8221; css=&#8221;.vc_custom_1514907176937{background-image: url(https:\/\/www.practical-thinking.com\/wp-content\/uploads\/2018\/01\/Website_Recursos-Header-1.png?id=3003) !important;}&#8221; el_class=&#8221;page_header&#8221;][vc_column 0=&#8221;&#8221;][vc_custom_heading text=&#8221;Recursos&#8221; font_container=&#8221;tag:h1|font_size:38|text_align:center|line_height:1.2&#8243; use_theme_fonts=&#8221;yes&#8221; css=&#8221;.vc_custom_1515006220647{padding-top: 60px !important;padding-bottom: 60px !important;}&#8221;][\/vc_column][\/vc_row][vc_row el_class=&#8221;align_center no_padding_bottom&#8221;][vc_column el_class=&#8221;content_wrapper&#8221;][vc_column_text 0=&#8221;&#8221;]N\u00f3s compartilhamos com voc\u00ea nossa experi\u00eancia, conhecimento e recursos em t\u00f3picos relacionados aos campos estrat\u00e9gico, t\u00e9cnico e interpessoal. Nesta se\u00e7\u00e3o, encontrar\u00e1 webinars, &#8230;<\/p>\n","protected":false},"author":2,"featured_media":0,"parent":2082,"menu_order":0,"comment_status":"closed","ping_status":"closed","template":"","meta":{"content-type":"","footnotes":""},"class_list":["post-2015","page","type-page","status-publish","hentry"],"yoast_head":"<!-- This site is optimized with the Yoast SEO plugin v24.2 - https:\/\/yoast.com\/wordpress\/plugins\/seo\/ -->\n<title>Recursos - Practical Thinking<\/title>\n<meta name=\"robots\" content=\"index, follow, max-snippet:-1, max-image-preview:large, max-video-preview:-1\" \/>\n<link rel=\"canonical\" href=\"https:\/\/www.practical-thinking.com\/pt-br\/library\/recursos\/\" \/>\n<meta property=\"og:locale\" content=\"pt_BR\" \/>\n<meta property=\"og:type\" content=\"article\" \/>\n<meta property=\"og:title\" content=\"Recursos - Practical Thinking\" \/>\n<meta property=\"og:description\" content=\"[vc_row full_width=&#8221;stretch_row_content_no_spaces&#8221; css=&#8221;.vc_custom_1514907176937{background-image: url(https:\/\/www.practical-thinking.com\/wp-content\/uploads\/2018\/01\/Website_Recursos-Header-1.png?id=3003) !important;}&#8221; el_class=&#8221;page_header&#8221;][vc_column 0=&#8221;&#8221;][vc_custom_heading text=&#8221;Recursos&#8221; font_container=&#8221;tag:h1|font_size:38|text_align:center|line_height:1.2&#8243; use_theme_fonts=&#8221;yes&#8221; css=&#8221;.vc_custom_1515006220647{padding-top: 60px !important;padding-bottom: 60px !important;}&#8221;][\/vc_column][\/vc_row][vc_row el_class=&#8221;align_center no_padding_bottom&#8221;][vc_column el_class=&#8221;content_wrapper&#8221;][vc_column_text 0=&#8221;&#8221;]N\u00f3s compartilhamos com voc\u00ea nossa experi\u00eancia, conhecimento e recursos em t\u00f3picos relacionados aos campos estrat\u00e9gico, t\u00e9cnico e interpessoal. Nesta se\u00e7\u00e3o, encontrar\u00e1 webinars, ...\" \/>\n<meta property=\"og:url\" content=\"https:\/\/www.practical-thinking.com\/pt-br\/library\/recursos\/\" \/>\n<meta property=\"og:site_name\" content=\"Practical Thinking\" \/>\n<meta property=\"article:publisher\" content=\"https:\/\/www.facebook.com\/PracticalThinking\" \/>\n<meta property=\"article:modified_time\" content=\"2018-01-03T19:09:13+00:00\" \/>\n<meta name=\"twitter:card\" content=\"summary_large_image\" \/>\n<meta name=\"twitter:site\" content=\"@PTG_Oficial\" \/>\n<meta name=\"twitter:label1\" content=\"Est. tempo de leitura\" \/>\n\t<meta name=\"twitter:data1\" content=\"5 minutos\" \/>\n<script type=\"application\/ld+json\" class=\"yoast-schema-graph\">{\"@context\":\"https:\/\/schema.org\",\"@graph\":[{\"@type\":\"WebPage\",\"@id\":\"https:\/\/www.practical-thinking.com\/pt-br\/library\/recursos\/\",\"url\":\"https:\/\/www.practical-thinking.com\/pt-br\/library\/recursos\/\",\"name\":\"Recursos - Practical Thinking\",\"isPartOf\":{\"@id\":\"https:\/\/www.practical-thinking.com\/#website\"},\"datePublished\":\"2017-05-17T06:53:51+00:00\",\"dateModified\":\"2018-01-03T19:09:13+00:00\",\"breadcrumb\":{\"@id\":\"https:\/\/www.practical-thinking.com\/pt-br\/library\/recursos\/#breadcrumb\"},\"inLanguage\":\"pt-BR\",\"potentialAction\":[{\"@type\":\"ReadAction\",\"target\":[\"https:\/\/www.practical-thinking.com\/pt-br\/library\/recursos\/\"]}]},{\"@type\":\"BreadcrumbList\",\"@id\":\"https:\/\/www.practical-thinking.com\/pt-br\/library\/recursos\/#breadcrumb\",\"itemListElement\":[{\"@type\":\"ListItem\",\"position\":1,\"name\":\"Home\",\"item\":\"https:\/\/www.practical-thinking.com\/pt-br\/\"},{\"@type\":\"ListItem\",\"position\":2,\"name\":\"Library\",\"item\":\"https:\/\/www.practical-thinking.com\/pt-br\/library\/\"},{\"@type\":\"ListItem\",\"position\":3,\"name\":\"Recursos\"}]},{\"@type\":\"WebSite\",\"@id\":\"https:\/\/www.practical-thinking.com\/#website\",\"url\":\"https:\/\/www.practical-thinking.com\/\",\"name\":\"Practical Thinking\",\"description\":\"Practical Thinking\",\"publisher\":{\"@id\":\"https:\/\/www.practical-thinking.com\/#organization\"},\"potentialAction\":[{\"@type\":\"SearchAction\",\"target\":{\"@type\":\"EntryPoint\",\"urlTemplate\":\"https:\/\/www.practical-thinking.com\/?s={search_term_string}\"},\"query-input\":{\"@type\":\"PropertyValueSpecification\",\"valueRequired\":true,\"valueName\":\"search_term_string\"}}],\"inLanguage\":\"pt-BR\"},{\"@type\":\"Organization\",\"@id\":\"https:\/\/www.practical-thinking.com\/#organization\",\"name\":\"Practical Thinking Group\",\"url\":\"https:\/\/www.practical-thinking.com\/\",\"logo\":{\"@type\":\"ImageObject\",\"inLanguage\":\"pt-BR\",\"@id\":\"https:\/\/www.practical-thinking.com\/#\/schema\/logo\/image\/\",\"url\":\"https:\/\/www.practical-thinking.com\/wp-content\/uploads\/2017\/05\/Isologo-Practical-Thinking-e1494926435134.png\",\"contentUrl\":\"https:\/\/www.practical-thinking.com\/wp-content\/uploads\/2017\/05\/Isologo-Practical-Thinking-e1494926435134.png\",\"width\":189,\"height\":80,\"caption\":\"Practical Thinking Group\"},\"image\":{\"@id\":\"https:\/\/www.practical-thinking.com\/#\/schema\/logo\/image\/\"},\"sameAs\":[\"https:\/\/www.facebook.com\/PracticalThinking\",\"https:\/\/x.com\/PTG_Oficial\",\"https:\/\/www.linkedin.com\/company\/3642040\/\",\"https:\/\/www.youtube.com\/channel\/UC49XiWLz4vKODd6qabxHbpg?view_as=subscriber\"]}]}<\/script>\n<!-- \/ Yoast SEO plugin. -->","yoast_head_json":{"title":"Recursos - Practical Thinking","robots":{"index":"index","follow":"follow","max-snippet":"max-snippet:-1","max-image-preview":"max-image-preview:large","max-video-preview":"max-video-preview:-1"},"canonical":"https:\/\/www.practical-thinking.com\/pt-br\/library\/recursos\/","og_locale":"pt_BR","og_type":"article","og_title":"Recursos - Practical Thinking","og_description":"[vc_row full_width=&#8221;stretch_row_content_no_spaces&#8221; css=&#8221;.vc_custom_1514907176937{background-image: url(https:\/\/www.practical-thinking.com\/wp-content\/uploads\/2018\/01\/Website_Recursos-Header-1.png?id=3003) !important;}&#8221; el_class=&#8221;page_header&#8221;][vc_column 0=&#8221;&#8221;][vc_custom_heading text=&#8221;Recursos&#8221; font_container=&#8221;tag:h1|font_size:38|text_align:center|line_height:1.2&#8243; use_theme_fonts=&#8221;yes&#8221; css=&#8221;.vc_custom_1515006220647{padding-top: 60px !important;padding-bottom: 60px !important;}&#8221;][\/vc_column][\/vc_row][vc_row el_class=&#8221;align_center no_padding_bottom&#8221;][vc_column el_class=&#8221;content_wrapper&#8221;][vc_column_text 0=&#8221;&#8221;]N\u00f3s compartilhamos com voc\u00ea nossa experi\u00eancia, conhecimento e recursos em t\u00f3picos relacionados aos campos estrat\u00e9gico, t\u00e9cnico e interpessoal. Nesta se\u00e7\u00e3o, encontrar\u00e1 webinars, ...","og_url":"https:\/\/www.practical-thinking.com\/pt-br\/library\/recursos\/","og_site_name":"Practical Thinking","article_publisher":"https:\/\/www.facebook.com\/PracticalThinking","article_modified_time":"2018-01-03T19:09:13+00:00","twitter_card":"summary_large_image","twitter_site":"@PTG_Oficial","twitter_misc":{"Est. tempo de leitura":"5 minutos"},"schema":{"@context":"https:\/\/schema.org","@graph":[{"@type":"WebPage","@id":"https:\/\/www.practical-thinking.com\/pt-br\/library\/recursos\/","url":"https:\/\/www.practical-thinking.com\/pt-br\/library\/recursos\/","name":"Recursos - Practical Thinking","isPartOf":{"@id":"https:\/\/www.practical-thinking.com\/#website"},"datePublished":"2017-05-17T06:53:51+00:00","dateModified":"2018-01-03T19:09:13+00:00","breadcrumb":{"@id":"https:\/\/www.practical-thinking.com\/pt-br\/library\/recursos\/#breadcrumb"},"inLanguage":"pt-BR","potentialAction":[{"@type":"ReadAction","target":["https:\/\/www.practical-thinking.com\/pt-br\/library\/recursos\/"]}]},{"@type":"BreadcrumbList","@id":"https:\/\/www.practical-thinking.com\/pt-br\/library\/recursos\/#breadcrumb","itemListElement":[{"@type":"ListItem","position":1,"name":"Home","item":"https:\/\/www.practical-thinking.com\/pt-br\/"},{"@type":"ListItem","position":2,"name":"Library","item":"https:\/\/www.practical-thinking.com\/pt-br\/library\/"},{"@type":"ListItem","position":3,"name":"Recursos"}]},{"@type":"WebSite","@id":"https:\/\/www.practical-thinking.com\/#website","url":"https:\/\/www.practical-thinking.com\/","name":"Practical Thinking","description":"Practical Thinking","publisher":{"@id":"https:\/\/www.practical-thinking.com\/#organization"},"potentialAction":[{"@type":"SearchAction","target":{"@type":"EntryPoint","urlTemplate":"https:\/\/www.practical-thinking.com\/?s={search_term_string}"},"query-input":{"@type":"PropertyValueSpecification","valueRequired":true,"valueName":"search_term_string"}}],"inLanguage":"pt-BR"},{"@type":"Organization","@id":"https:\/\/www.practical-thinking.com\/#organization","name":"Practical Thinking Group","url":"https:\/\/www.practical-thinking.com\/","logo":{"@type":"ImageObject","inLanguage":"pt-BR","@id":"https:\/\/www.practical-thinking.com\/#\/schema\/logo\/image\/","url":"https:\/\/www.practical-thinking.com\/wp-content\/uploads\/2017\/05\/Isologo-Practical-Thinking-e1494926435134.png","contentUrl":"https:\/\/www.practical-thinking.com\/wp-content\/uploads\/2017\/05\/Isologo-Practical-Thinking-e1494926435134.png","width":189,"height":80,"caption":"Practical Thinking Group"},"image":{"@id":"https:\/\/www.practical-thinking.com\/#\/schema\/logo\/image\/"},"sameAs":["https:\/\/www.facebook.com\/PracticalThinking","https:\/\/x.com\/PTG_Oficial","https:\/\/www.linkedin.com\/company\/3642040\/","https:\/\/www.youtube.com\/channel\/UC49XiWLz4vKODd6qabxHbpg?view_as=subscriber"]}]}},"_links":{"self":[{"href":"https:\/\/www.practical-thinking.com\/pt-br\/wp-json\/wp\/v2\/pages\/2015","targetHints":{"allow":["GET"]}}],"collection":[{"href":"https:\/\/www.practical-thinking.com\/pt-br\/wp-json\/wp\/v2\/pages"}],"about":[{"href":"https:\/\/www.practical-thinking.com\/pt-br\/wp-json\/wp\/v2\/types\/page"}],"author":[{"embeddable":true,"href":"https:\/\/www.practical-thinking.com\/pt-br\/wp-json\/wp\/v2\/users\/2"}],"replies":[{"embeddable":true,"href":"https:\/\/www.practical-thinking.com\/pt-br\/wp-json\/wp\/v2\/comments?post=2015"}],"version-history":[{"count":6,"href":"https:\/\/www.practical-thinking.com\/pt-br\/wp-json\/wp\/v2\/pages\/2015\/revisions"}],"predecessor-version":[{"id":3103,"href":"https:\/\/www.practical-thinking.com\/pt-br\/wp-json\/wp\/v2\/pages\/2015\/revisions\/3103"}],"up":[{"embeddable":true,"href":"https:\/\/www.practical-thinking.com\/pt-br\/wp-json\/wp\/v2\/pages\/2082"}],"wp:attachment":[{"href":"https:\/\/www.practical-thinking.com\/pt-br\/wp-json\/wp\/v2\/media?parent=2015"}],"curies":[{"name":"wp","href":"https:\/\/api.w.org\/{rel}","templated":true}]}}