{"id":1892,"date":"2017-02-21T05:04:28","date_gmt":"2017-02-21T05:04:28","guid":{"rendered":"https:\/\/www.practical-thinking.com\/blog\/"},"modified":"2018-01-08T17:53:07","modified_gmt":"2018-01-08T17:53:07","slug":"pensamentos","status":"publish","type":"page","link":"https:\/\/www.practical-thinking.com\/pt-br\/pensamentos\/","title":{"rendered":"Pensamentos"},"content":{"rendered":"<div class=\"wpb-content-wrapper\"><p>[vc_row full_width=&#8221;stretch_row_content_no_spaces&#8221; el_class=&#8221;page_header&#8221; css=&#8221;.vc_custom_1514907133376{background-image: url(https:\/\/www.practical-thinking.com\/wp-content\/uploads\/2018\/01\/Website_Pensamientos-Header-1.png?id=3006) !important;}&#8221;][vc_column][vc_custom_heading text=&#8221;Pensamentos&#8221; font_container=&#8221;tag:h1|font_size:38|text_align:center|line_height:1.2&#8243; use_theme_fonts=&#8221;yes&#8221; css=&#8221;.vc_custom_1514912022328{padding-top: 60px !important;padding-bottom: 60px !important;}&#8221;][\/vc_column][\/vc_row][vc_row el_class=&#8221;align_center no_padding_bottom&#8221;][vc_column el_class=&#8221;content_wrapper&#8221;][vc_column_text]Voc\u00ea quer saber mais? Conhe\u00e7a artigos de alto valor profissional e acad\u00eamico escritos por nossos pensadores que periodicamente publicam suas opini\u00f5es e pesquisas sobre quest\u00f5es estrat\u00e9gicas, t\u00e9cnicas e interpessoais.[\/vc_column_text][\/vc_column][\/vc_row][vc_row el_class=&#8221;blog-overlay-section&#8221;][vc_column width=&#8221;1\/3&#8243;]<div class=\"ult-new-ib ult-ib-effect-style2  ult-ib-resp  \" data-min-width=\"768\" data-max-width=\"900\" style=\"background:#81d742;\" data-opacity=\"1\" data-hover-opacity=\"1\" ><img decoding=\"async\" class=\"ult-new-ib-img\" style=\"opacity:1;\" alt=\"null\" src=\"https:\/\/www.practical-thinking.com\/wp-content\/uploads\/2018\/01\/Website_Pensamientos-Estrategico.png\"   \/><div id=\"interactive-banner-wrap-7700\" class=\"ult-new-ib-desc\" style=\"\"><h2 class=\"ult-new-ib-title ult-responsive\"  data-ultimate-target='#interactive-banner-wrap-7700 .ult-new-ib-title'  data-responsive-json-new='{\"font-size\":\"\",\"line-height\":\"\"}'  style=\"font-weight:normal;\">Estrat\u00e9gico<\/h2><\/div><a class=\"ult-new-ib-link\" href=\"https:\/\/www.practical-thinking.com\/pt-br\/category\/estrategico-pt-br\/\"  ><\/a><\/div><script type=\"text\/javascript\">\r\n\t\t\t(function($){\r\n\t\t\t\t$(document).ready(function(){\r\n\t\t\t\t\t$(\".ult-new-ib\").css(\"opacity\",\"1\");\r\n\t\t\t\t});\r\n\t\t\t})(jQuery);\r\n\t\t\t<\/script>[\/vc_column][vc_column width=&#8221;1\/3&#8243;]<div class=\"ult-new-ib ult-ib-effect-style2  ult-ib-resp  \" data-min-width=\"768\" data-max-width=\"900\" style=\"\" data-opacity=\"1\" data-hover-opacity=\"1\" ><img decoding=\"async\" class=\"ult-new-ib-img\" style=\"opacity:1;\" alt=\"null\" src=\"https:\/\/www.practical-thinking.com\/wp-content\/uploads\/2018\/01\/Website_Pensamientos-Tecnico.png\"   \/><div id=\"interactive-banner-wrap-7782\" class=\"ult-new-ib-desc\" style=\"\"><h2 class=\"ult-new-ib-title ult-responsive\"  data-ultimate-target='#interactive-banner-wrap-7782 .ult-new-ib-title'  data-responsive-json-new='{\"font-size\":\"\",\"line-height\":\"\"}'  style=\"font-weight:normal;\">T\u00e9cnico<\/h2><\/div><a class=\"ult-new-ib-link\" href=\"https:\/\/www.practical-thinking.com\/pt-br\/category\/tecnico-pt-br\/\"  ><\/a><\/div><script type=\"text\/javascript\">\r\n\t\t\t(function($){\r\n\t\t\t\t$(document).ready(function(){\r\n\t\t\t\t\t$(\".ult-new-ib\").css(\"opacity\",\"1\");\r\n\t\t\t\t});\r\n\t\t\t})(jQuery);\r\n\t\t\t<\/script>[\/vc_column][vc_column width=&#8221;1\/3&#8243;]<div class=\"ult-new-ib ult-ib-effect-style2  ult-ib-resp  \" data-min-width=\"768\" data-max-width=\"900\" style=\"\" data-opacity=\"1\" data-hover-opacity=\"1\" ><img decoding=\"async\" class=\"ult-new-ib-img\" style=\"opacity:1;\" alt=\"null\" src=\"https:\/\/www.practical-thinking.com\/wp-content\/uploads\/2018\/01\/Website_Pensamientos-Interpersonal.png\"   \/><div id=\"interactive-banner-wrap-7877\" class=\"ult-new-ib-desc\" style=\"\"><h2 class=\"ult-new-ib-title ult-responsive\"  data-ultimate-target='#interactive-banner-wrap-7877 .ult-new-ib-title'  data-responsive-json-new='{\"font-size\":\"\",\"line-height\":\"\"}'  style=\"font-weight:normal;\">Interpessoal<\/h2><\/div><a class=\"ult-new-ib-link\" href=\"https:\/\/www.practical-thinking.com\/pt-br\/category\/interpessoal\/\"  ><\/a><\/div><script type=\"text\/javascript\">\r\n\t\t\t(function($){\r\n\t\t\t\t$(document).ready(function(){\r\n\t\t\t\t\t$(\".ult-new-ib\").css(\"opacity\",\"1\");\r\n\t\t\t\t});\r\n\t\t\t})(jQuery);\r\n\t\t\t<\/script>[\/vc_column][\/vc_row][vc_row][vc_column][con_post pagination=&#8221;1&#8243;][\/vc_column][\/vc_row][vc_row full_width=&#8221;stretch_row&#8221; css=&#8221;.vc_custom_1495703961623{background-color: #ebf1f6 !important;}&#8221; el_class=&#8221;subscribe_section&#8221;][vc_column el_class=&#8221;subscribe_wrapper&#8221;][vc_custom_heading text=&#8221;Mantenha-se em contato&#8221; font_container=&#8221;tag:h2|font_size:38|text_align:left|line_height:1.2&#8243; use_theme_fonts=&#8221;yes&#8221;][vc_row_inner el_class=&#8221;no_padding_top&#8221;][vc_column_inner width=&#8221;1\/2&#8243;][vc_column_text]N\u00f3s gostamos de compartilhar nossos pensamentos e experi\u00eancias com os membros da nossa comunidade. Junte-se agora e desenvolva-se continuamente![\/vc_column_text][\/vc_column_inner][vc_column_inner el_class=&#8221;subscribe_form&#8221; width=&#8221;1\/2&#8243;]\n<div class=\"wpcf7 no-js\" id=\"wpcf7-f1373-o1\" lang=\"en-US\" dir=\"ltr\">\n<div class=\"screen-reader-response\"><p role=\"status\" aria-live=\"polite\" aria-atomic=\"true\"><\/p> <ul><\/ul><\/div>\n<form action=\"\/pt-br\/wp-json\/wp\/v2\/pages\/1892#wpcf7-f1373-o1\" method=\"post\" class=\"wpcf7-form init\" aria-label=\"Contact form\" novalidate=\"novalidate\" data-status=\"init\">\n<div style=\"display: none;\">\n<input type=\"hidden\" name=\"_wpcf7\" value=\"1373\" \/>\n<input type=\"hidden\" name=\"_wpcf7_version\" value=\"5.9.5\" \/>\n<input type=\"hidden\" name=\"_wpcf7_locale\" value=\"en_US\" \/>\n<input type=\"hidden\" name=\"_wpcf7_unit_tag\" value=\"wpcf7-f1373-o1\" \/>\n<input type=\"hidden\" name=\"_wpcf7_container_post\" value=\"0\" \/>\n<input type=\"hidden\" name=\"_wpcf7_posted_data_hash\" value=\"\" \/>\n<\/div>\n<p><span class=\"wpcf7-form-control-wrap\" data-name=\"join_email\"><input size=\"40\" class=\"wpcf7-form-control wpcf7-email wpcf7-validates-as-required wpcf7-text wpcf7-validates-as-email mail_join\" aria-required=\"true\" aria-invalid=\"false\" placeholder=\"Enter your email\" value=\"\" type=\"email\" name=\"join_email\" \/><\/span><input class=\"wpcf7-form-control wpcf7-submit has-spinner submit_join\" type=\"submit\" value=\"Send\" \/>\n<\/p><div class=\"wpcf7-response-output\" aria-hidden=\"true\"><\/div>\n<\/form>\n<\/div>\n[\/vc_column_inner][\/vc_row_inner][\/vc_column][\/vc_row]<\/p>\n<\/div>","protected":false},"excerpt":{"rendered":"<p>[vc_row full_width=&#8221;stretch_row_content_no_spaces&#8221; el_class=&#8221;page_header&#8221; css=&#8221;.vc_custom_1514907133376{background-image: url(https:\/\/www.practical-thinking.com\/wp-content\/uploads\/2018\/01\/Website_Pensamientos-Header-1.png?id=3006) !important;}&#8221;][vc_column][vc_custom_heading text=&#8221;Pensamentos&#8221; font_container=&#8221;tag:h1|font_size:38|text_align:center|line_height:1.2&#8243; use_theme_fonts=&#8221;yes&#8221; css=&#8221;.vc_custom_1514912022328{padding-top: 60px !important;padding-bottom: 60px !important;}&#8221;][\/vc_column][\/vc_row][vc_row el_class=&#8221;align_center no_padding_bottom&#8221;][vc_column el_class=&#8221;content_wrapper&#8221;][vc_column_text]Voc\u00ea quer saber mais? Conhe\u00e7a artigos de alto valor profissional e acad\u00eamico escritos por nossos pensadores que periodicamente publicam suas opini\u00f5es e pesquisas sobre &#8230;<\/p>\n","protected":false},"author":1,"featured_media":0,"parent":0,"menu_order":0,"comment_status":"closed","ping_status":"closed","template":"","meta":{"content-type":"","footnotes":""},"class_list":["post-1892","page","type-page","status-publish","hentry"],"yoast_head":"<!-- This site is optimized with the Yoast SEO plugin v24.2 - https:\/\/yoast.com\/wordpress\/plugins\/seo\/ -->\n<title>Pensamentos - Practical Thinking<\/title>\n<meta name=\"robots\" content=\"index, follow, max-snippet:-1, max-image-preview:large, max-video-preview:-1\" \/>\n<link rel=\"canonical\" href=\"https:\/\/www.practical-thinking.com\/pt-br\/pensamentos\/\" \/>\n<meta property=\"og:locale\" content=\"pt_BR\" \/>\n<meta property=\"og:type\" content=\"article\" \/>\n<meta property=\"og:title\" content=\"Pensamentos - Practical Thinking\" \/>\n<meta property=\"og:description\" content=\"[vc_row full_width=&#8221;stretch_row_content_no_spaces&#8221; el_class=&#8221;page_header&#8221; css=&#8221;.vc_custom_1514907133376{background-image: url(https:\/\/www.practical-thinking.com\/wp-content\/uploads\/2018\/01\/Website_Pensamientos-Header-1.png?id=3006) !important;}&#8221;][vc_column][vc_custom_heading text=&#8221;Pensamentos&#8221; font_container=&#8221;tag:h1|font_size:38|text_align:center|line_height:1.2&#8243; use_theme_fonts=&#8221;yes&#8221; css=&#8221;.vc_custom_1514912022328{padding-top: 60px !important;padding-bottom: 60px !important;}&#8221;][\/vc_column][\/vc_row][vc_row el_class=&#8221;align_center no_padding_bottom&#8221;][vc_column el_class=&#8221;content_wrapper&#8221;][vc_column_text]Voc\u00ea quer saber mais? Conhe\u00e7a artigos de alto valor profissional e acad\u00eamico escritos por nossos pensadores que periodicamente publicam suas opini\u00f5es e pesquisas sobre ...\" \/>\n<meta property=\"og:url\" content=\"https:\/\/www.practical-thinking.com\/pt-br\/pensamentos\/\" \/>\n<meta property=\"og:site_name\" content=\"Practical Thinking\" \/>\n<meta property=\"article:publisher\" content=\"https:\/\/www.facebook.com\/PracticalThinking\" \/>\n<meta property=\"article:modified_time\" content=\"2018-01-08T17:53:07+00:00\" \/>\n<meta name=\"twitter:card\" content=\"summary_large_image\" \/>\n<meta name=\"twitter:site\" content=\"@PTG_Oficial\" \/>\n<meta name=\"twitter:label1\" content=\"Est. tempo de leitura\" \/>\n\t<meta name=\"twitter:data1\" content=\"2 minutos\" \/>\n<script type=\"application\/ld+json\" class=\"yoast-schema-graph\">{\"@context\":\"https:\/\/schema.org\",\"@graph\":[{\"@type\":\"WebPage\",\"@id\":\"https:\/\/www.practical-thinking.com\/pt-br\/pensamentos\/\",\"url\":\"https:\/\/www.practical-thinking.com\/pt-br\/pensamentos\/\",\"name\":\"Pensamentos - Practical Thinking\",\"isPartOf\":{\"@id\":\"https:\/\/www.practical-thinking.com\/#website\"},\"datePublished\":\"2017-02-21T05:04:28+00:00\",\"dateModified\":\"2018-01-08T17:53:07+00:00\",\"breadcrumb\":{\"@id\":\"https:\/\/www.practical-thinking.com\/pt-br\/pensamentos\/#breadcrumb\"},\"inLanguage\":\"pt-BR\",\"potentialAction\":[{\"@type\":\"ReadAction\",\"target\":[\"https:\/\/www.practical-thinking.com\/pt-br\/pensamentos\/\"]}]},{\"@type\":\"BreadcrumbList\",\"@id\":\"https:\/\/www.practical-thinking.com\/pt-br\/pensamentos\/#breadcrumb\",\"itemListElement\":[{\"@type\":\"ListItem\",\"position\":1,\"name\":\"Home\",\"item\":\"https:\/\/www.practical-thinking.com\/pt-br\/\"},{\"@type\":\"ListItem\",\"position\":2,\"name\":\"Pensamentos\"}]},{\"@type\":\"WebSite\",\"@id\":\"https:\/\/www.practical-thinking.com\/#website\",\"url\":\"https:\/\/www.practical-thinking.com\/\",\"name\":\"Practical Thinking\",\"description\":\"Practical Thinking\",\"publisher\":{\"@id\":\"https:\/\/www.practical-thinking.com\/#organization\"},\"potentialAction\":[{\"@type\":\"SearchAction\",\"target\":{\"@type\":\"EntryPoint\",\"urlTemplate\":\"https:\/\/www.practical-thinking.com\/?s={search_term_string}\"},\"query-input\":{\"@type\":\"PropertyValueSpecification\",\"valueRequired\":true,\"valueName\":\"search_term_string\"}}],\"inLanguage\":\"pt-BR\"},{\"@type\":\"Organization\",\"@id\":\"https:\/\/www.practical-thinking.com\/#organization\",\"name\":\"Practical Thinking Group\",\"url\":\"https:\/\/www.practical-thinking.com\/\",\"logo\":{\"@type\":\"ImageObject\",\"inLanguage\":\"pt-BR\",\"@id\":\"https:\/\/www.practical-thinking.com\/#\/schema\/logo\/image\/\",\"url\":\"https:\/\/www.practical-thinking.com\/wp-content\/uploads\/2017\/05\/Isologo-Practical-Thinking-e1494926435134.png\",\"contentUrl\":\"https:\/\/www.practical-thinking.com\/wp-content\/uploads\/2017\/05\/Isologo-Practical-Thinking-e1494926435134.png\",\"width\":189,\"height\":80,\"caption\":\"Practical Thinking Group\"},\"image\":{\"@id\":\"https:\/\/www.practical-thinking.com\/#\/schema\/logo\/image\/\"},\"sameAs\":[\"https:\/\/www.facebook.com\/PracticalThinking\",\"https:\/\/x.com\/PTG_Oficial\",\"https:\/\/www.linkedin.com\/company\/3642040\/\",\"https:\/\/www.youtube.com\/channel\/UC49XiWLz4vKODd6qabxHbpg?view_as=subscriber\"]}]}<\/script>\n<!-- \/ Yoast SEO plugin. -->","yoast_head_json":{"title":"Pensamentos - Practical Thinking","robots":{"index":"index","follow":"follow","max-snippet":"max-snippet:-1","max-image-preview":"max-image-preview:large","max-video-preview":"max-video-preview:-1"},"canonical":"https:\/\/www.practical-thinking.com\/pt-br\/pensamentos\/","og_locale":"pt_BR","og_type":"article","og_title":"Pensamentos - Practical Thinking","og_description":"[vc_row full_width=&#8221;stretch_row_content_no_spaces&#8221; el_class=&#8221;page_header&#8221; css=&#8221;.vc_custom_1514907133376{background-image: url(https:\/\/www.practical-thinking.com\/wp-content\/uploads\/2018\/01\/Website_Pensamientos-Header-1.png?id=3006) !important;}&#8221;][vc_column][vc_custom_heading text=&#8221;Pensamentos&#8221; font_container=&#8221;tag:h1|font_size:38|text_align:center|line_height:1.2&#8243; use_theme_fonts=&#8221;yes&#8221; css=&#8221;.vc_custom_1514912022328{padding-top: 60px !important;padding-bottom: 60px !important;}&#8221;][\/vc_column][\/vc_row][vc_row el_class=&#8221;align_center no_padding_bottom&#8221;][vc_column el_class=&#8221;content_wrapper&#8221;][vc_column_text]Voc\u00ea quer saber mais? Conhe\u00e7a artigos de alto valor profissional e acad\u00eamico escritos por nossos pensadores que periodicamente publicam suas opini\u00f5es e pesquisas sobre ...","og_url":"https:\/\/www.practical-thinking.com\/pt-br\/pensamentos\/","og_site_name":"Practical Thinking","article_publisher":"https:\/\/www.facebook.com\/PracticalThinking","article_modified_time":"2018-01-08T17:53:07+00:00","twitter_card":"summary_large_image","twitter_site":"@PTG_Oficial","twitter_misc":{"Est. tempo de leitura":"2 minutos"},"schema":{"@context":"https:\/\/schema.org","@graph":[{"@type":"WebPage","@id":"https:\/\/www.practical-thinking.com\/pt-br\/pensamentos\/","url":"https:\/\/www.practical-thinking.com\/pt-br\/pensamentos\/","name":"Pensamentos - Practical Thinking","isPartOf":{"@id":"https:\/\/www.practical-thinking.com\/#website"},"datePublished":"2017-02-21T05:04:28+00:00","dateModified":"2018-01-08T17:53:07+00:00","breadcrumb":{"@id":"https:\/\/www.practical-thinking.com\/pt-br\/pensamentos\/#breadcrumb"},"inLanguage":"pt-BR","potentialAction":[{"@type":"ReadAction","target":["https:\/\/www.practical-thinking.com\/pt-br\/pensamentos\/"]}]},{"@type":"BreadcrumbList","@id":"https:\/\/www.practical-thinking.com\/pt-br\/pensamentos\/#breadcrumb","itemListElement":[{"@type":"ListItem","position":1,"name":"Home","item":"https:\/\/www.practical-thinking.com\/pt-br\/"},{"@type":"ListItem","position":2,"name":"Pensamentos"}]},{"@type":"WebSite","@id":"https:\/\/www.practical-thinking.com\/#website","url":"https:\/\/www.practical-thinking.com\/","name":"Practical Thinking","description":"Practical Thinking","publisher":{"@id":"https:\/\/www.practical-thinking.com\/#organization"},"potentialAction":[{"@type":"SearchAction","target":{"@type":"EntryPoint","urlTemplate":"https:\/\/www.practical-thinking.com\/?s={search_term_string}"},"query-input":{"@type":"PropertyValueSpecification","valueRequired":true,"valueName":"search_term_string"}}],"inLanguage":"pt-BR"},{"@type":"Organization","@id":"https:\/\/www.practical-thinking.com\/#organization","name":"Practical Thinking Group","url":"https:\/\/www.practical-thinking.com\/","logo":{"@type":"ImageObject","inLanguage":"pt-BR","@id":"https:\/\/www.practical-thinking.com\/#\/schema\/logo\/image\/","url":"https:\/\/www.practical-thinking.com\/wp-content\/uploads\/2017\/05\/Isologo-Practical-Thinking-e1494926435134.png","contentUrl":"https:\/\/www.practical-thinking.com\/wp-content\/uploads\/2017\/05\/Isologo-Practical-Thinking-e1494926435134.png","width":189,"height":80,"caption":"Practical Thinking Group"},"image":{"@id":"https:\/\/www.practical-thinking.com\/#\/schema\/logo\/image\/"},"sameAs":["https:\/\/www.facebook.com\/PracticalThinking","https:\/\/x.com\/PTG_Oficial","https:\/\/www.linkedin.com\/company\/3642040\/","https:\/\/www.youtube.com\/channel\/UC49XiWLz4vKODd6qabxHbpg?view_as=subscriber"]}]}},"_links":{"self":[{"href":"https:\/\/www.practical-thinking.com\/pt-br\/wp-json\/wp\/v2\/pages\/1892","targetHints":{"allow":["GET"]}}],"collection":[{"href":"https:\/\/www.practical-thinking.com\/pt-br\/wp-json\/wp\/v2\/pages"}],"about":[{"href":"https:\/\/www.practical-thinking.com\/pt-br\/wp-json\/wp\/v2\/types\/page"}],"author":[{"embeddable":true,"href":"https:\/\/www.practical-thinking.com\/pt-br\/wp-json\/wp\/v2\/users\/1"}],"replies":[{"embeddable":true,"href":"https:\/\/www.practical-thinking.com\/pt-br\/wp-json\/wp\/v2\/comments?post=1892"}],"version-history":[{"count":9,"href":"https:\/\/www.practical-thinking.com\/pt-br\/wp-json\/wp\/v2\/pages\/1892\/revisions"}],"predecessor-version":[{"id":3133,"href":"https:\/\/www.practical-thinking.com\/pt-br\/wp-json\/wp\/v2\/pages\/1892\/revisions\/3133"}],"wp:attachment":[{"href":"https:\/\/www.practical-thinking.com\/pt-br\/wp-json\/wp\/v2\/media?parent=1892"}],"curies":[{"name":"wp","href":"https:\/\/api.w.org\/{rel}","templated":true}]}}